{"id":7072,"date":"2025-01-22T13:56:21","date_gmt":"2025-01-22T16:56:21","guid":{"rendered":"http:\/\/cbcccp.com.br\/guidelines-for-formatting-the-poster\/"},"modified":"2025-03-07T13:23:36","modified_gmt":"2025-03-07T16:23:36","slug":"guidelines-for-formatting-the-poster","status":"publish","type":"page","link":"https:\/\/cbcccp.com.br\/en\/guidelines-for-formatting-the-poster\/","title":{"rendered":"Guidelines for Formatting the Poster"},"content":{"rendered":"\t\t<div data-elementor-type=\"wp-page\" data-elementor-id=\"7072\" class=\"elementor elementor-7072 elementor-6997\" data-elementor-settings=\"{&quot;ha_cmc_init_switcher&quot;:&quot;no&quot;}\" data-elementor-post-type=\"page\">\n\t\t\t\t<div class=\"elementor-element elementor-element-8cf88f0 e-flex e-con-boxed e-con e-parent\" data-id=\"8cf88f0\" data-element_type=\"container\">\n\t\t\t\t\t<div class=\"e-con-inner\">\n\t\t\t\t<div class=\"elementor-element elementor-element-f16deb2 elementor-widget elementor-widget-heading\" data-id=\"f16deb2\" data-element_type=\"widget\" data-widget_type=\"heading.default\">\n\t\t\t\t<div class=\"elementor-widget-container\">\n\t\t\t\t\t<h3 class=\"elementor-heading-title elementor-size-default\">HOW TO PREPARE YOUR POSTER<\/h3>\t\t\t\t<\/div>\n\t\t\t\t<\/div>\n\t\t\t\t<div class=\"elementor-element elementor-element-85f5d55 elementor-widget elementor-widget-button\" data-id=\"85f5d55\" data-element_type=\"widget\" data-widget_type=\"button.default\">\n\t\t\t\t<div class=\"elementor-widget-container\">\n\t\t\t\t\t\t\t\t\t<div class=\"elementor-button-wrapper\">\n\t\t\t\t\t<a class=\"elementor-button elementor-button-link elementor-size-sm\" href=\"https:\/\/drive.google.com\/drive\/u\/0\/folders\/1TlkTMJAORbi_4vkosIfClzX18O1DNFwI\" target=\"_blank\">\n\t\t\t\t\t\t<span class=\"elementor-button-content-wrapper\">\n\t\t\t\t\t\t\t\t\t<span class=\"elementor-button-text\">Templates<\/span>\n\t\t\t\t\t<\/span>\n\t\t\t\t\t<\/a>\n\t\t\t\t<\/div>\n\t\t\t\t\t\t\t\t<\/div>\n\t\t\t\t<\/div>\n\t\t\t\t<div class=\"elementor-element elementor-element-543abf5 elementor-widget elementor-widget-heading\" data-id=\"543abf5\" data-element_type=\"widget\" data-widget_type=\"heading.default\">\n\t\t\t\t<div class=\"elementor-widget-container\">\n\t\t\t\t\t<h3 class=\"elementor-heading-title elementor-size-default\">HOW TO PREPARE AND SUBMIT YOUR POSTER?<\/h3>\t\t\t\t<\/div>\n\t\t\t\t<\/div>\n\t\t<div class=\"elementor-element elementor-element-18fedc2 e-con-full e-flex e-con e-child\" data-id=\"18fedc2\" data-element_type=\"container\">\n\t\t<div class=\"elementor-element elementor-element-b83a4da e-con-full e-flex e-con e-child\" data-id=\"b83a4da\" data-element_type=\"container\">\n\t\t\t\t<div class=\"elementor-element elementor-element-216734f elementor-widget elementor-widget-text-editor\" data-id=\"216734f\" data-element_type=\"widget\" data-widget_type=\"text-editor.default\">\n\t\t\t\t<div class=\"elementor-widget-container\">\n\t\t\t\t\t\t\t\t\t<p>1 \u2013 Access the template link and download it to your computer. The file is already in PowerPoint. <\/p>\n<p>A. Page format: Widescreen 16:9<br \/>B. Page orientation: Portrait (vertical)<br \/>C. We recommend a minimum font size of 15<\/p>\n<p>2 \u2013 Format your file as a single slide and save it as a PDF.<\/p>\n\t\t\t\t\t\t\t\t<\/div>\n\t\t\t\t<\/div>\n\t\t\t\t<\/div>\n\t\t<div class=\"elementor-element elementor-element-e5e85a6 e-con-full e-flex e-con e-child\" data-id=\"e5e85a6\" data-element_type=\"container\">\n\t\t\t\t<div class=\"elementor-element elementor-element-9c97810 elementor-widget elementor-widget-text-editor\" data-id=\"9c97810\" data-element_type=\"widget\" data-widget_type=\"text-editor.default\">\n\t\t\t\t<div class=\"elementor-widget-container\">\n\t\t\t\t\t\t\t\t\t<p>3 \u2013 After saving it as a PDF, upload it to your congress area.<\/p>\n<p>A. Use the same login and password you registered with.<br \/>B. Click on &#8220;Papers&#8221;.<br \/>C. Click on &#8220;Submit e-poster&#8221;.<br \/>D. Select the file on your computer.<br \/>E. Only the author responsible for the paper can upload the file.<\/p>\n\t\t\t\t\t\t\t\t<\/div>\n\t\t\t\t<\/div>\n\t\t\t\t<\/div>\n\t\t\t\t<\/div>\n\t\t\t\t<div class=\"elementor-element elementor-element-118e25a elementor-widget elementor-widget-heading\" data-id=\"118e25a\" data-element_type=\"widget\" data-widget_type=\"heading.default\">\n\t\t\t\t<div class=\"elementor-widget-container\">\n\t\t\t\t\t<h3 class=\"elementor-heading-title elementor-size-default\">THE WORK SHOULD INCLUDE:<\/h3>\t\t\t\t<\/div>\n\t\t\t\t<\/div>\n\t\t\t\t<div class=\"elementor-element elementor-element-a7f409d elementor-widget elementor-widget-heading\" data-id=\"a7f409d\" data-element_type=\"widget\" data-widget_type=\"heading.default\">\n\t\t\t\t<div class=\"elementor-widget-container\">\n\t\t\t\t\t<h5 class=\"elementor-heading-title elementor-size-default\"><span style=\"color:#B21D67\"><b>\/\/<\/b><\/span> Title (The title of the e-poster must be the same as the submitted abstract);<\/h5>\t\t\t\t<\/div>\n\t\t\t\t<\/div>\n\t\t\t\t<div class=\"elementor-element elementor-element-2c5859b elementor-widget elementor-widget-heading\" data-id=\"2c5859b\" data-element_type=\"widget\" data-widget_type=\"heading.default\">\n\t\t\t\t<div class=\"elementor-widget-container\">\n\t\t\t\t\t<h5 class=\"elementor-heading-title elementor-size-default\"><span style=\"color:#B21D67\"><b>\/\/<\/b><\/span> Authors and institutions; <\/h5>\t\t\t\t<\/div>\n\t\t\t\t<\/div>\n\t\t\t\t<div class=\"elementor-element elementor-element-254b00e elementor-widget elementor-widget-heading\" data-id=\"254b00e\" data-element_type=\"widget\" data-widget_type=\"heading.default\">\n\t\t\t\t<div class=\"elementor-widget-container\">\n\t\t\t\t\t<h5 class=\"elementor-heading-title elementor-size-default\"><span style=\"color:#B21D67\"><b>\/\/<\/b><\/span> Introduction and\/or background;<\/h5>\t\t\t\t<\/div>\n\t\t\t\t<\/div>\n\t\t\t\t<div class=\"elementor-element elementor-element-58d2044 elementor-widget elementor-widget-heading\" data-id=\"58d2044\" data-element_type=\"widget\" data-widget_type=\"heading.default\">\n\t\t\t\t<div class=\"elementor-widget-container\">\n\t\t\t\t\t<h5 class=\"elementor-heading-title elementor-size-default\"><span style=\"color:#B21D67\"><b>\/\/<\/b><\/span> Methods;<\/h5>\t\t\t\t<\/div>\n\t\t\t\t<\/div>\n\t\t\t\t<div class=\"elementor-element elementor-element-096ef86 elementor-widget elementor-widget-heading\" data-id=\"096ef86\" data-element_type=\"widget\" data-widget_type=\"heading.default\">\n\t\t\t\t<div class=\"elementor-widget-container\">\n\t\t\t\t\t<h5 class=\"elementor-heading-title elementor-size-default\"><span style=\"color:#B21D67\"><b>\/\/<\/b><\/span> Results and conclusions;<\/h5>\t\t\t\t<\/div>\n\t\t\t\t<\/div>\n\t\t\t\t<div class=\"elementor-element elementor-element-6754f4d elementor-widget elementor-widget-heading\" data-id=\"6754f4d\" data-element_type=\"widget\" data-widget_type=\"heading.default\">\n\t\t\t\t<div class=\"elementor-widget-container\">\n\t\t\t\t\t<h5 class=\"elementor-heading-title elementor-size-default\"><span style=\"color:#B21D67\"><b>\/\/<\/b><\/span> Keywords;<\/h5>\t\t\t\t<\/div>\n\t\t\t\t<\/div>\n\t\t\t\t\t<\/div>\n\t\t\t\t<\/div>\n\t\t\t\t<\/div>\n\t\t","protected":false},"excerpt":{"rendered":"<p>HOW TO PREPARE YOUR POSTER Templates HOW TO PREPARE AND SUBMIT YOUR POSTER? 1 \u2013 Access the template link and download it to your computer. The file is already in PowerPoint. A. Page format: Widescreen 16:9B. Page orientation: Portrait (vertical)C. We recommend a minimum font size of 15 2 \u2013 Format your file as a [&hellip;]<\/p>\n","protected":false},"author":7,"featured_media":0,"parent":0,"menu_order":0,"comment_status":"closed","ping_status":"closed","template":"","meta":{"inline_featured_image":false,"footnotes":""},"class_list":["post-7072","page","type-page","status-publish","hentry"],"yoast_head":"<!-- This site is optimized with the Yoast SEO plugin v26.2 - https:\/\/yoast.com\/wordpress\/plugins\/seo\/ -->\n<title>Guidelines for Formatting the Poster - CBCCCP<\/title>\n<meta name=\"robots\" content=\"index, follow, max-snippet:-1, max-image-preview:large, max-video-preview:-1\" \/>\n<link rel=\"canonical\" href=\"https:\/\/cbcccp.com.br\/en\/guidelines-for-formatting-the-poster\/\" \/>\n<meta property=\"og:locale\" content=\"en_US\" \/>\n<meta property=\"og:type\" content=\"article\" \/>\n<meta property=\"og:title\" content=\"Guidelines for Formatting the Poster - CBCCCP\" \/>\n<meta property=\"og:description\" content=\"HOW TO PREPARE YOUR POSTER Templates HOW TO PREPARE AND SUBMIT YOUR POSTER? 1 \u2013 Access the template link and download it to your computer. The file is already in PowerPoint. A. Page format: Widescreen 16:9B. Page orientation: Portrait (vertical)C. We recommend a minimum font size of 15 2 \u2013 Format your file as a [&hellip;]\" \/>\n<meta property=\"og:url\" content=\"https:\/\/cbcccp.com.br\/en\/guidelines-for-formatting-the-poster\/\" \/>\n<meta property=\"og:site_name\" content=\"CBCCCP\" \/>\n<meta property=\"article:modified_time\" content=\"2025-03-07T16:23:36+00:00\" \/>\n<meta name=\"twitter:card\" content=\"summary_large_image\" \/>\n<meta name=\"twitter:label1\" content=\"Est. reading time\" \/>\n\t<meta name=\"twitter:data1\" content=\"1 minute\" \/>\n<script type=\"application\/ld+json\" class=\"yoast-schema-graph\">{\"@context\":\"https:\/\/schema.org\",\"@graph\":[{\"@type\":\"WebPage\",\"@id\":\"https:\/\/cbcccp.com.br\/en\/guidelines-for-formatting-the-poster\/\",\"url\":\"https:\/\/cbcccp.com.br\/en\/guidelines-for-formatting-the-poster\/\",\"name\":\"Guidelines for Formatting the Poster - CBCCCP\",\"isPartOf\":{\"@id\":\"https:\/\/cbcccp.com.br\/#website\"},\"datePublished\":\"2025-01-22T16:56:21+00:00\",\"dateModified\":\"2025-03-07T16:23:36+00:00\",\"breadcrumb\":{\"@id\":\"https:\/\/cbcccp.com.br\/en\/guidelines-for-formatting-the-poster\/#breadcrumb\"},\"inLanguage\":\"en-US\",\"potentialAction\":[{\"@type\":\"ReadAction\",\"target\":[\"https:\/\/cbcccp.com.br\/en\/guidelines-for-formatting-the-poster\/\"]}]},{\"@type\":\"BreadcrumbList\",\"@id\":\"https:\/\/cbcccp.com.br\/en\/guidelines-for-formatting-the-poster\/#breadcrumb\",\"itemListElement\":[{\"@type\":\"ListItem\",\"position\":1,\"name\":\"In\u00edcio\",\"item\":\"https:\/\/cbcccp.com.br\/es\/\"},{\"@type\":\"ListItem\",\"position\":2,\"name\":\"Guidelines for Formatting the Poster\"}]},{\"@type\":\"WebSite\",\"@id\":\"https:\/\/cbcccp.com.br\/#website\",\"url\":\"https:\/\/cbcccp.com.br\/\",\"name\":\"28\u00ba Congresso Brasileiro de Cardiologia Pedi\u00e1trica, Cardiopatias Cong\u00eanitas, Interven\u00e7\u00e3o e Cirurgia Card\u00edaca Pedi\u00e1trica\",\"description\":\"XXVIII Congresso Brasileiro de Cardiopatias Cong\u00eanitas Cardiologia Pedi\u00e1trica Interven\u00e7\u00e3o e Cirurgia Card\u00edaca Pedi\u00e1trica\",\"publisher\":{\"@id\":\"https:\/\/cbcccp.com.br\/#organization\"},\"alternateName\":\"28\u00ba Congresso Brasileiro de Cardiologia Pedi\u00e1trica, Cardiopatias Cong\u00eanitas, Interven\u00e7\u00e3o e Cirurgia Card\u00edaca Pedi\u00e1trica\",\"potentialAction\":[{\"@type\":\"SearchAction\",\"target\":{\"@type\":\"EntryPoint\",\"urlTemplate\":\"https:\/\/cbcccp.com.br\/?s={search_term_string}\"},\"query-input\":{\"@type\":\"PropertyValueSpecification\",\"valueRequired\":true,\"valueName\":\"search_term_string\"}}],\"inLanguage\":\"en-US\"},{\"@type\":\"Organization\",\"@id\":\"https:\/\/cbcccp.com.br\/#organization\",\"name\":\"28\u00ba Congresso Brasileiro de Cardiologia Pedi\u00e1trica, Cardiopatias Cong\u00eanitas, Interven\u00e7\u00e3o e Cirurgia Card\u00edaca Pedi\u00e1trica\",\"url\":\"https:\/\/cbcccp.com.br\/\",\"logo\":{\"@type\":\"ImageObject\",\"inLanguage\":\"en-US\",\"@id\":\"https:\/\/cbcccp.com.br\/#\/schema\/logo\/image\/\",\"url\":\"https:\/\/cbcccp.com.br\/wp-content\/uploads\/2023\/10\/OFICIAL-CBCCCP_LogoFinal.svg\",\"contentUrl\":\"https:\/\/cbcccp.com.br\/wp-content\/uploads\/2023\/10\/OFICIAL-CBCCCP_LogoFinal.svg\",\"width\":1200,\"height\":426,\"caption\":\"28\u00ba Congresso Brasileiro de Cardiologia Pedi\u00e1trica, Cardiopatias Cong\u00eanitas, Interven\u00e7\u00e3o e Cirurgia Card\u00edaca Pedi\u00e1trica\"},\"image\":{\"@id\":\"https:\/\/cbcccp.com.br\/#\/schema\/logo\/image\/\"}}]}<\/script>\n<!-- \/ Yoast SEO plugin. -->","yoast_head_json":{"title":"Guidelines for Formatting the Poster - CBCCCP","robots":{"index":"index","follow":"follow","max-snippet":"max-snippet:-1","max-image-preview":"max-image-preview:large","max-video-preview":"max-video-preview:-1"},"canonical":"https:\/\/cbcccp.com.br\/en\/guidelines-for-formatting-the-poster\/","og_locale":"en_US","og_type":"article","og_title":"Guidelines for Formatting the Poster - CBCCCP","og_description":"HOW TO PREPARE YOUR POSTER Templates HOW TO PREPARE AND SUBMIT YOUR POSTER? 1 \u2013 Access the template link and download it to your computer. The file is already in PowerPoint. A. Page format: Widescreen 16:9B. Page orientation: Portrait (vertical)C. We recommend a minimum font size of 15 2 \u2013 Format your file as a [&hellip;]","og_url":"https:\/\/cbcccp.com.br\/en\/guidelines-for-formatting-the-poster\/","og_site_name":"CBCCCP","article_modified_time":"2025-03-07T16:23:36+00:00","twitter_card":"summary_large_image","twitter_misc":{"Est. reading time":"1 minute"},"schema":{"@context":"https:\/\/schema.org","@graph":[{"@type":"WebPage","@id":"https:\/\/cbcccp.com.br\/en\/guidelines-for-formatting-the-poster\/","url":"https:\/\/cbcccp.com.br\/en\/guidelines-for-formatting-the-poster\/","name":"Guidelines for Formatting the Poster - CBCCCP","isPartOf":{"@id":"https:\/\/cbcccp.com.br\/#website"},"datePublished":"2025-01-22T16:56:21+00:00","dateModified":"2025-03-07T16:23:36+00:00","breadcrumb":{"@id":"https:\/\/cbcccp.com.br\/en\/guidelines-for-formatting-the-poster\/#breadcrumb"},"inLanguage":"en-US","potentialAction":[{"@type":"ReadAction","target":["https:\/\/cbcccp.com.br\/en\/guidelines-for-formatting-the-poster\/"]}]},{"@type":"BreadcrumbList","@id":"https:\/\/cbcccp.com.br\/en\/guidelines-for-formatting-the-poster\/#breadcrumb","itemListElement":[{"@type":"ListItem","position":1,"name":"In\u00edcio","item":"https:\/\/cbcccp.com.br\/es\/"},{"@type":"ListItem","position":2,"name":"Guidelines for Formatting the Poster"}]},{"@type":"WebSite","@id":"https:\/\/cbcccp.com.br\/#website","url":"https:\/\/cbcccp.com.br\/","name":"28\u00ba Congresso Brasileiro de Cardiologia Pedi\u00e1trica, Cardiopatias Cong\u00eanitas, Interven\u00e7\u00e3o e Cirurgia Card\u00edaca Pedi\u00e1trica","description":"XXVIII Congresso Brasileiro de Cardiopatias Cong\u00eanitas Cardiologia Pedi\u00e1trica Interven\u00e7\u00e3o e Cirurgia Card\u00edaca Pedi\u00e1trica","publisher":{"@id":"https:\/\/cbcccp.com.br\/#organization"},"alternateName":"28\u00ba Congresso Brasileiro de Cardiologia Pedi\u00e1trica, Cardiopatias Cong\u00eanitas, Interven\u00e7\u00e3o e Cirurgia Card\u00edaca Pedi\u00e1trica","potentialAction":[{"@type":"SearchAction","target":{"@type":"EntryPoint","urlTemplate":"https:\/\/cbcccp.com.br\/?s={search_term_string}"},"query-input":{"@type":"PropertyValueSpecification","valueRequired":true,"valueName":"search_term_string"}}],"inLanguage":"en-US"},{"@type":"Organization","@id":"https:\/\/cbcccp.com.br\/#organization","name":"28\u00ba Congresso Brasileiro de Cardiologia Pedi\u00e1trica, Cardiopatias Cong\u00eanitas, Interven\u00e7\u00e3o e Cirurgia Card\u00edaca Pedi\u00e1trica","url":"https:\/\/cbcccp.com.br\/","logo":{"@type":"ImageObject","inLanguage":"en-US","@id":"https:\/\/cbcccp.com.br\/#\/schema\/logo\/image\/","url":"https:\/\/cbcccp.com.br\/wp-content\/uploads\/2023\/10\/OFICIAL-CBCCCP_LogoFinal.svg","contentUrl":"https:\/\/cbcccp.com.br\/wp-content\/uploads\/2023\/10\/OFICIAL-CBCCCP_LogoFinal.svg","width":1200,"height":426,"caption":"28\u00ba Congresso Brasileiro de Cardiologia Pedi\u00e1trica, Cardiopatias Cong\u00eanitas, Interven\u00e7\u00e3o e Cirurgia Card\u00edaca Pedi\u00e1trica"},"image":{"@id":"https:\/\/cbcccp.com.br\/#\/schema\/logo\/image\/"}}]}},"_links":{"self":[{"href":"https:\/\/cbcccp.com.br\/en\/wp-json\/wp\/v2\/pages\/7072","targetHints":{"allow":["GET"]}}],"collection":[{"href":"https:\/\/cbcccp.com.br\/en\/wp-json\/wp\/v2\/pages"}],"about":[{"href":"https:\/\/cbcccp.com.br\/en\/wp-json\/wp\/v2\/types\/page"}],"author":[{"embeddable":true,"href":"https:\/\/cbcccp.com.br\/en\/wp-json\/wp\/v2\/users\/7"}],"replies":[{"embeddable":true,"href":"https:\/\/cbcccp.com.br\/en\/wp-json\/wp\/v2\/comments?post=7072"}],"version-history":[{"count":18,"href":"https:\/\/cbcccp.com.br\/en\/wp-json\/wp\/v2\/pages\/7072\/revisions"}],"predecessor-version":[{"id":7590,"href":"https:\/\/cbcccp.com.br\/en\/wp-json\/wp\/v2\/pages\/7072\/revisions\/7590"}],"wp:attachment":[{"href":"https:\/\/cbcccp.com.br\/en\/wp-json\/wp\/v2\/media?parent=7072"}],"curies":[{"name":"wp","href":"https:\/\/api.w.org\/{rel}","templated":true}]}}