{"id":837,"date":"2023-10-09T11:02:49","date_gmt":"2023-10-09T14:02:49","guid":{"rendered":"http:\/\/cbcccp.com.br\/a-message-from-the-president\/"},"modified":"2024-07-09T11:49:27","modified_gmt":"2024-07-09T14:49:27","slug":"a-message-from-the-president","status":"publish","type":"page","link":"https:\/\/cbcccp.com.br\/en\/a-message-from-the-president\/","title":{"rendered":"A MESSAGE FROM THE PRESIDENT:"},"content":{"rendered":"\t\t<div data-elementor-type=\"wp-page\" data-elementor-id=\"837\" class=\"elementor elementor-837 elementor-116\" data-elementor-settings=\"{&quot;ha_cmc_init_switcher&quot;:&quot;no&quot;}\" data-elementor-post-type=\"page\">\n\t\t\t\t\t\t<section class=\"elementor-section elementor-top-section elementor-element elementor-element-a8b503c elementor-section-boxed elementor-section-height-default elementor-section-height-default\" data-id=\"a8b503c\" data-element_type=\"section\">\n\t\t\t\t\t\t<div class=\"elementor-container elementor-column-gap-no\">\n\t\t\t\t\t<div class=\"elementor-column elementor-col-100 elementor-top-column elementor-element elementor-element-19242b6\" data-id=\"19242b6\" data-element_type=\"column\">\n\t\t\t<div class=\"elementor-widget-wrap elementor-element-populated\">\n\t\t\t\t\t\t<div class=\"elementor-element elementor-element-b05bcc9 elementor-widget elementor-widget-text-editor\" data-id=\"b05bcc9\" data-element_type=\"widget\" data-widget_type=\"text-editor.default\">\n\t\t\t\t<div class=\"elementor-widget-container\">\n\t\t\t\t\t\t\t\t\t<p>Dear colleagues,<\/p>\n<p>It is with great pleasure that I announce the 28th Brazilian Congress of Pediatric Cardiology, Congenital Heart Diseases, Intervention, and Pediatric Cardiac Surgery, to be hosted in the picturesque city of Gramado.<\/p>\n<p>In 2014, when we had the honor of hosting this grand event, the Departments of Pediatric Cardiology (DCC\/CP) and Pediatric Cardiovascular Surgery (DCCVPed) collaborated to establish the Brazilian Congress of Cardiology and Pediatric Cardiovascular Surgery. That year, in partnership with the Department of Congenital Heart Diseases of the Brazilian Society of Hemodynamics and Interventional Cardiology (SBHCI), we held the second edition of the Pediatric Interventional Cardiology Forum.<\/p>\n<p>In 2025, we are proudly consolidating the union and integration of these three societies, offering the best care for congenital heart disease in Brazil. We believe this union will foster our growth as a leading society dedicated to integrated care for patients with congenital heart diseases, from fetus to adult. <\/p>\n<p>Our congress will feature a comprehensive scientific program, including advancements in cardiovascular imaging diagnostics, intensive care innovations, new medications, percutaneous interventions, and surgical techniques. Extensive case discussions will span from fetal to adult care, all set in the welcoming atmosphere of Brazil\u2019s Serra Ga\u00facha. <\/p>\n<p>This year, we are delighted to collaborate with the Pediatric Cardiac Intensive Care Society (PCICS), which is organizing a Pre-Congress Symposium on intensive care for neonatal and pediatric congenital heart diseases. Additionally, they will host a Multidisciplinary Symposium for nursing and allied professionals involved in congenital heart disease care. This collaboration with PCICS will enhance our event scientifically and lead to new partnerships between our societies. Several international colleagues have already confirmed their attendance.   <\/p>\n<p>Our social events are being meticulously planned to create moments of camaraderie and enjoyment, showcasing the extraordinary hospitality of the Serra Ga\u00facha.<\/p>\n<p>Gramado offers exceptional cuisine, beautiful walks, excellent shopping, and spectacular theme parks for children. Bring your families and enjoy a unique experience in this charming and magical place. Bring your families and enjoy a unique experience in this charming and magical place. <\/p>\n<p>As October brings warmer weather, we aim to keep our congress informal yet high-level. Neck ties will be optional throughout the congress\u2014feel free to dress comfortably! <\/p>\n<p>Visit Gramado to savor the cuisine and hospitality of the Serra Ga\u00facha, reconnect with colleagues and friends, share experiences, and gain new knowledge.<\/p>\n<p>Please visit our website frequently for important information, deadlines, and schedule updates.<\/p>\n<p>We look forward to seeing you in Gramado and sharing special moments together.<\/p>\n\t\t\t\t\t\t\t\t<\/div>\n\t\t\t\t<\/div>\n\t\t\t\t<div class=\"elementor-element elementor-element-4dfc735 elementor-widget elementor-widget-image\" data-id=\"4dfc735\" data-element_type=\"widget\" data-widget_type=\"image.default\">\n\t\t\t\t<div class=\"elementor-widget-container\">\n\t\t\t\t\t\t\t\t\t\t\t\t\t\t\t<img fetchpriority=\"high\" decoding=\"async\" width=\"428\" height=\"429\" src=\"https:\/\/cbcccp.com.br\/wp-content\/uploads\/2023\/10\/foto.png\" class=\"attachment-full size-full wp-image-670\" alt=\"\" srcset=\"https:\/\/cbcccp.com.br\/wp-content\/uploads\/2023\/10\/foto.png 428w, https:\/\/cbcccp.com.br\/wp-content\/uploads\/2023\/10\/foto-300x300.png 300w, https:\/\/cbcccp.com.br\/wp-content\/uploads\/2023\/10\/foto-150x150.png 150w\" sizes=\"(max-width: 428px) 100vw, 428px\" \/>\t\t\t\t\t\t\t\t\t\t\t\t\t\t\t<\/div>\n\t\t\t\t<\/div>\n\t\t\t\t<div class=\"elementor-element elementor-element-f834c04 elementor-widget elementor-widget-image\" data-id=\"f834c04\" data-element_type=\"widget\" data-widget_type=\"image.default\">\n\t\t\t\t<div class=\"elementor-widget-container\">\n\t\t\t\t\t\t\t\t\t\t\t\t\t\t\t<img decoding=\"async\" width=\"502\" height=\"167\" src=\"https:\/\/cbcccp.com.br\/wp-content\/uploads\/2023\/10\/WhatsApp-Image-2023-10-05-at-16.25.13.jpeg\" class=\"attachment-full size-full wp-image-672\" alt=\"\" srcset=\"https:\/\/cbcccp.com.br\/wp-content\/uploads\/2023\/10\/WhatsApp-Image-2023-10-05-at-16.25.13.jpeg 502w, https:\/\/cbcccp.com.br\/wp-content\/uploads\/2023\/10\/WhatsApp-Image-2023-10-05-at-16.25.13-300x100.jpeg 300w\" sizes=\"(max-width: 502px) 100vw, 502px\" \/>\t\t\t\t\t\t\t\t\t\t\t\t\t\t\t<\/div>\n\t\t\t\t<\/div>\n\t\t\t\t<div class=\"elementor-element elementor-element-e9d5c82 elementor-widget elementor-widget-heading\" data-id=\"e9d5c82\" data-element_type=\"widget\" data-widget_type=\"heading.default\">\n\t\t\t\t<div class=\"elementor-widget-container\">\n\t\t\t\t\t<h5 class=\"elementor-heading-title elementor-size-default\">Dr. Estela Suzana K. Horowitz<\/h5>\t\t\t\t<\/div>\n\t\t\t\t<\/div>\n\t\t\t\t\t<\/div>\n\t\t<\/div>\n\t\t\t\t\t<\/div>\n\t\t<\/section>\n\t\t\t\t<\/div>\n\t\t","protected":false},"excerpt":{"rendered":"<p>Dear colleagues, It is with great pleasure that I announce the 28th Brazilian Congress of Pediatric Cardiology, Congenital Heart Diseases, Intervention, and Pediatric Cardiac Surgery, to be hosted in the picturesque city of Gramado. In 2014, when we had the honor of hosting this grand event, the Departments of Pediatric Cardiology (DCC\/CP) and Pediatric Cardiovascular [&hellip;]<\/p>\n","protected":false},"author":1,"featured_media":0,"parent":0,"menu_order":0,"comment_status":"closed","ping_status":"closed","template":"","meta":{"inline_featured_image":false,"footnotes":""},"class_list":["post-837","page","type-page","status-publish","hentry"],"yoast_head":"<!-- This site is optimized with the Yoast SEO plugin v26.2 - https:\/\/yoast.com\/wordpress\/plugins\/seo\/ -->\n<title>A MESSAGE FROM THE PRESIDENT: - CBCCCP<\/title>\n<meta name=\"robots\" content=\"index, follow, max-snippet:-1, max-image-preview:large, max-video-preview:-1\" \/>\n<link rel=\"canonical\" href=\"https:\/\/cbcccp.com.br\/en\/a-message-from-the-president\/\" \/>\n<meta property=\"og:locale\" content=\"en_US\" \/>\n<meta property=\"og:type\" content=\"article\" \/>\n<meta property=\"og:title\" content=\"A MESSAGE FROM THE PRESIDENT: - CBCCCP\" \/>\n<meta property=\"og:description\" content=\"Dear colleagues, It is with great pleasure that I announce the 28th Brazilian Congress of Pediatric Cardiology, Congenital Heart Diseases, Intervention, and Pediatric Cardiac Surgery, to be hosted in the picturesque city of Gramado. In 2014, when we had the honor of hosting this grand event, the Departments of Pediatric Cardiology (DCC\/CP) and Pediatric Cardiovascular [&hellip;]\" \/>\n<meta property=\"og:url\" content=\"https:\/\/cbcccp.com.br\/en\/a-message-from-the-president\/\" \/>\n<meta property=\"og:site_name\" content=\"CBCCCP\" \/>\n<meta property=\"article:modified_time\" content=\"2024-07-09T14:49:27+00:00\" \/>\n<meta property=\"og:image\" content=\"http:\/\/cbcccp.com.br\/wp-content\/uploads\/2023\/10\/foto.png\" \/>\n<meta name=\"twitter:card\" content=\"summary_large_image\" \/>\n<meta name=\"twitter:label1\" content=\"Est. reading time\" \/>\n\t<meta name=\"twitter:data1\" content=\"2 minutes\" \/>\n<script type=\"application\/ld+json\" class=\"yoast-schema-graph\">{\"@context\":\"https:\/\/schema.org\",\"@graph\":[{\"@type\":\"WebPage\",\"@id\":\"https:\/\/cbcccp.com.br\/en\/a-message-from-the-president\/\",\"url\":\"https:\/\/cbcccp.com.br\/en\/a-message-from-the-president\/\",\"name\":\"A MESSAGE FROM THE PRESIDENT: - CBCCCP\",\"isPartOf\":{\"@id\":\"https:\/\/cbcccp.com.br\/#website\"},\"primaryImageOfPage\":{\"@id\":\"https:\/\/cbcccp.com.br\/en\/a-message-from-the-president\/#primaryimage\"},\"image\":{\"@id\":\"https:\/\/cbcccp.com.br\/en\/a-message-from-the-president\/#primaryimage\"},\"thumbnailUrl\":\"http:\/\/cbcccp.com.br\/wp-content\/uploads\/2023\/10\/foto.png\",\"datePublished\":\"2023-10-09T14:02:49+00:00\",\"dateModified\":\"2024-07-09T14:49:27+00:00\",\"breadcrumb\":{\"@id\":\"https:\/\/cbcccp.com.br\/en\/a-message-from-the-president\/#breadcrumb\"},\"inLanguage\":\"en-US\",\"potentialAction\":[{\"@type\":\"ReadAction\",\"target\":[\"https:\/\/cbcccp.com.br\/en\/a-message-from-the-president\/\"]}]},{\"@type\":\"ImageObject\",\"inLanguage\":\"en-US\",\"@id\":\"https:\/\/cbcccp.com.br\/en\/a-message-from-the-president\/#primaryimage\",\"url\":\"http:\/\/cbcccp.com.br\/wp-content\/uploads\/2023\/10\/foto.png\",\"contentUrl\":\"http:\/\/cbcccp.com.br\/wp-content\/uploads\/2023\/10\/foto.png\"},{\"@type\":\"BreadcrumbList\",\"@id\":\"https:\/\/cbcccp.com.br\/en\/a-message-from-the-president\/#breadcrumb\",\"itemListElement\":[{\"@type\":\"ListItem\",\"position\":1,\"name\":\"In\u00edcio\",\"item\":\"https:\/\/cbcccp.com.br\/es\/\"},{\"@type\":\"ListItem\",\"position\":2,\"name\":\"A MESSAGE FROM THE PRESIDENT:\"}]},{\"@type\":\"WebSite\",\"@id\":\"https:\/\/cbcccp.com.br\/#website\",\"url\":\"https:\/\/cbcccp.com.br\/\",\"name\":\"28\u00ba Congresso Brasileiro de Cardiologia Pedi\u00e1trica, Cardiopatias Cong\u00eanitas, Interven\u00e7\u00e3o e Cirurgia Card\u00edaca Pedi\u00e1trica\",\"description\":\"XXVIII Congresso Brasileiro de Cardiopatias Cong\u00eanitas Cardiologia Pedi\u00e1trica Interven\u00e7\u00e3o e Cirurgia Card\u00edaca Pedi\u00e1trica\",\"publisher\":{\"@id\":\"https:\/\/cbcccp.com.br\/#organization\"},\"alternateName\":\"28\u00ba Congresso Brasileiro de Cardiologia Pedi\u00e1trica, Cardiopatias Cong\u00eanitas, Interven\u00e7\u00e3o e Cirurgia Card\u00edaca Pedi\u00e1trica\",\"potentialAction\":[{\"@type\":\"SearchAction\",\"target\":{\"@type\":\"EntryPoint\",\"urlTemplate\":\"https:\/\/cbcccp.com.br\/?s={search_term_string}\"},\"query-input\":{\"@type\":\"PropertyValueSpecification\",\"valueRequired\":true,\"valueName\":\"search_term_string\"}}],\"inLanguage\":\"en-US\"},{\"@type\":\"Organization\",\"@id\":\"https:\/\/cbcccp.com.br\/#organization\",\"name\":\"28\u00ba Congresso Brasileiro de Cardiologia Pedi\u00e1trica, Cardiopatias Cong\u00eanitas, Interven\u00e7\u00e3o e Cirurgia Card\u00edaca Pedi\u00e1trica\",\"url\":\"https:\/\/cbcccp.com.br\/\",\"logo\":{\"@type\":\"ImageObject\",\"inLanguage\":\"en-US\",\"@id\":\"https:\/\/cbcccp.com.br\/#\/schema\/logo\/image\/\",\"url\":\"https:\/\/cbcccp.com.br\/wp-content\/uploads\/2023\/10\/OFICIAL-CBCCCP_LogoFinal.svg\",\"contentUrl\":\"https:\/\/cbcccp.com.br\/wp-content\/uploads\/2023\/10\/OFICIAL-CBCCCP_LogoFinal.svg\",\"width\":1200,\"height\":426,\"caption\":\"28\u00ba Congresso Brasileiro de Cardiologia Pedi\u00e1trica, Cardiopatias Cong\u00eanitas, Interven\u00e7\u00e3o e Cirurgia Card\u00edaca Pedi\u00e1trica\"},\"image\":{\"@id\":\"https:\/\/cbcccp.com.br\/#\/schema\/logo\/image\/\"}}]}<\/script>\n<!-- \/ Yoast SEO plugin. -->","yoast_head_json":{"title":"A MESSAGE FROM THE PRESIDENT: - CBCCCP","robots":{"index":"index","follow":"follow","max-snippet":"max-snippet:-1","max-image-preview":"max-image-preview:large","max-video-preview":"max-video-preview:-1"},"canonical":"https:\/\/cbcccp.com.br\/en\/a-message-from-the-president\/","og_locale":"en_US","og_type":"article","og_title":"A MESSAGE FROM THE PRESIDENT: - CBCCCP","og_description":"Dear colleagues, It is with great pleasure that I announce the 28th Brazilian Congress of Pediatric Cardiology, Congenital Heart Diseases, Intervention, and Pediatric Cardiac Surgery, to be hosted in the picturesque city of Gramado. In 2014, when we had the honor of hosting this grand event, the Departments of Pediatric Cardiology (DCC\/CP) and Pediatric Cardiovascular [&hellip;]","og_url":"https:\/\/cbcccp.com.br\/en\/a-message-from-the-president\/","og_site_name":"CBCCCP","article_modified_time":"2024-07-09T14:49:27+00:00","og_image":[{"url":"http:\/\/cbcccp.com.br\/wp-content\/uploads\/2023\/10\/foto.png","type":"","width":"","height":""}],"twitter_card":"summary_large_image","twitter_misc":{"Est. reading time":"2 minutes"},"schema":{"@context":"https:\/\/schema.org","@graph":[{"@type":"WebPage","@id":"https:\/\/cbcccp.com.br\/en\/a-message-from-the-president\/","url":"https:\/\/cbcccp.com.br\/en\/a-message-from-the-president\/","name":"A MESSAGE FROM THE PRESIDENT: - CBCCCP","isPartOf":{"@id":"https:\/\/cbcccp.com.br\/#website"},"primaryImageOfPage":{"@id":"https:\/\/cbcccp.com.br\/en\/a-message-from-the-president\/#primaryimage"},"image":{"@id":"https:\/\/cbcccp.com.br\/en\/a-message-from-the-president\/#primaryimage"},"thumbnailUrl":"http:\/\/cbcccp.com.br\/wp-content\/uploads\/2023\/10\/foto.png","datePublished":"2023-10-09T14:02:49+00:00","dateModified":"2024-07-09T14:49:27+00:00","breadcrumb":{"@id":"https:\/\/cbcccp.com.br\/en\/a-message-from-the-president\/#breadcrumb"},"inLanguage":"en-US","potentialAction":[{"@type":"ReadAction","target":["https:\/\/cbcccp.com.br\/en\/a-message-from-the-president\/"]}]},{"@type":"ImageObject","inLanguage":"en-US","@id":"https:\/\/cbcccp.com.br\/en\/a-message-from-the-president\/#primaryimage","url":"http:\/\/cbcccp.com.br\/wp-content\/uploads\/2023\/10\/foto.png","contentUrl":"http:\/\/cbcccp.com.br\/wp-content\/uploads\/2023\/10\/foto.png"},{"@type":"BreadcrumbList","@id":"https:\/\/cbcccp.com.br\/en\/a-message-from-the-president\/#breadcrumb","itemListElement":[{"@type":"ListItem","position":1,"name":"In\u00edcio","item":"https:\/\/cbcccp.com.br\/es\/"},{"@type":"ListItem","position":2,"name":"A MESSAGE FROM THE PRESIDENT:"}]},{"@type":"WebSite","@id":"https:\/\/cbcccp.com.br\/#website","url":"https:\/\/cbcccp.com.br\/","name":"28\u00ba Congresso Brasileiro de Cardiologia Pedi\u00e1trica, Cardiopatias Cong\u00eanitas, Interven\u00e7\u00e3o e Cirurgia Card\u00edaca Pedi\u00e1trica","description":"XXVIII Congresso Brasileiro de Cardiopatias Cong\u00eanitas Cardiologia Pedi\u00e1trica Interven\u00e7\u00e3o e Cirurgia Card\u00edaca Pedi\u00e1trica","publisher":{"@id":"https:\/\/cbcccp.com.br\/#organization"},"alternateName":"28\u00ba Congresso Brasileiro de Cardiologia Pedi\u00e1trica, Cardiopatias Cong\u00eanitas, Interven\u00e7\u00e3o e Cirurgia Card\u00edaca Pedi\u00e1trica","potentialAction":[{"@type":"SearchAction","target":{"@type":"EntryPoint","urlTemplate":"https:\/\/cbcccp.com.br\/?s={search_term_string}"},"query-input":{"@type":"PropertyValueSpecification","valueRequired":true,"valueName":"search_term_string"}}],"inLanguage":"en-US"},{"@type":"Organization","@id":"https:\/\/cbcccp.com.br\/#organization","name":"28\u00ba Congresso Brasileiro de Cardiologia Pedi\u00e1trica, Cardiopatias Cong\u00eanitas, Interven\u00e7\u00e3o e Cirurgia Card\u00edaca Pedi\u00e1trica","url":"https:\/\/cbcccp.com.br\/","logo":{"@type":"ImageObject","inLanguage":"en-US","@id":"https:\/\/cbcccp.com.br\/#\/schema\/logo\/image\/","url":"https:\/\/cbcccp.com.br\/wp-content\/uploads\/2023\/10\/OFICIAL-CBCCCP_LogoFinal.svg","contentUrl":"https:\/\/cbcccp.com.br\/wp-content\/uploads\/2023\/10\/OFICIAL-CBCCCP_LogoFinal.svg","width":1200,"height":426,"caption":"28\u00ba Congresso Brasileiro de Cardiologia Pedi\u00e1trica, Cardiopatias Cong\u00eanitas, Interven\u00e7\u00e3o e Cirurgia Card\u00edaca Pedi\u00e1trica"},"image":{"@id":"https:\/\/cbcccp.com.br\/#\/schema\/logo\/image\/"}}]}},"_links":{"self":[{"href":"https:\/\/cbcccp.com.br\/en\/wp-json\/wp\/v2\/pages\/837","targetHints":{"allow":["GET"]}}],"collection":[{"href":"https:\/\/cbcccp.com.br\/en\/wp-json\/wp\/v2\/pages"}],"about":[{"href":"https:\/\/cbcccp.com.br\/en\/wp-json\/wp\/v2\/types\/page"}],"author":[{"embeddable":true,"href":"https:\/\/cbcccp.com.br\/en\/wp-json\/wp\/v2\/users\/1"}],"replies":[{"embeddable":true,"href":"https:\/\/cbcccp.com.br\/en\/wp-json\/wp\/v2\/comments?post=837"}],"version-history":[{"count":4,"href":"https:\/\/cbcccp.com.br\/en\/wp-json\/wp\/v2\/pages\/837\/revisions"}],"predecessor-version":[{"id":3219,"href":"https:\/\/cbcccp.com.br\/en\/wp-json\/wp\/v2\/pages\/837\/revisions\/3219"}],"wp:attachment":[{"href":"https:\/\/cbcccp.com.br\/en\/wp-json\/wp\/v2\/media?parent=837"}],"curies":[{"name":"wp","href":"https:\/\/api.w.org\/{rel}","templated":true}]}}