{"id":839,"date":"2023-11-24T13:48:08","date_gmt":"2023-11-24T16:48:08","guid":{"rendered":"http:\/\/cbcccp.com.br\/messages-from-the-presidents\/"},"modified":"2025-02-06T09:35:39","modified_gmt":"2025-02-06T12:35:39","slug":"messages-from-the-presidents","status":"publish","type":"page","link":"https:\/\/cbcccp.com.br\/en\/messages-from-the-presidents\/","title":{"rendered":"MESSAGES FROM THE PRESIDENTS"},"content":{"rendered":"\t\t<div data-elementor-type=\"wp-page\" data-elementor-id=\"839\" class=\"elementor elementor-839 elementor-393\" data-elementor-settings=\"{&quot;ha_cmc_init_switcher&quot;:&quot;no&quot;}\" data-elementor-post-type=\"page\">\n\t\t\t\t\t\t<section class=\"elementor-section elementor-top-section elementor-element elementor-element-0ba1b0f elementor-section-boxed elementor-section-height-default elementor-section-height-default\" data-id=\"0ba1b0f\" data-element_type=\"section\">\n\t\t\t\t\t\t<div class=\"elementor-container elementor-column-gap-no\">\n\t\t\t\t\t<div class=\"elementor-column elementor-col-100 elementor-top-column elementor-element elementor-element-b47dea1\" data-id=\"b47dea1\" data-element_type=\"column\">\n\t\t\t<div class=\"elementor-widget-wrap elementor-element-populated\">\n\t\t\t\t\t\t<div class=\"elementor-element elementor-element-8dcb3e6 elementor-widget elementor-widget-text-editor\" data-id=\"8dcb3e6\" data-element_type=\"widget\" data-widget_type=\"text-editor.default\">\n\t\t\t\t<div class=\"elementor-widget-container\">\n\t\t\t\t\t\t\t\t\t<p>Greetings dear friends and colleagues,<\/p>\n<p>We are delighted to invite you all to join us at the 28th Congress of Congenital Heart Diseases, Pediatric Cardiology, Intervention, and Pediatric Cardiac Surgery, to be held in Gramado from March 19 to 22, 2025.<\/p>\n<p>It will provide an opportunity for members of our specialty to meet, share updates and experiences. The scientific program has been carefully organized to address the various areas of expertise necessary for comprehensive patient care. We hope to highlight the most current and relevant issues in Pediatric Cardiology and Congenital Heart Diseases in Adults.  <\/p>\n<p>Themed \u201cINNOVATION, INTEGRATION, AND THE NEW FRONTIERS OF TECHNOLOGIES IN CONGENITAL HEART DISEASE AND PEDIATRIC CARDIOLOGY,\u201d the multiprofessional approach is set to be a key point of focus at this meeting.<\/p>\n<p>We are honored to host the 1st Latin American Symposium of the Pediatric Cardiac Intensive Care Society (PCICS) at our event, sure to provide even more innovative cardiac intensive care content.<\/p>\n<p>Set in the charming Serra Gaucha of Southern Brazil, we are organizing truly unique scientific meeting, accompanied by fine wines and superb cuisine. We look forward to sharing these memorable moments with you and your families. <\/p>\n<p>Until then! <\/p>\n\t\t\t\t\t\t\t\t<\/div>\n\t\t\t\t<\/div>\n\t\t\t\t<div class=\"elementor-element elementor-element-4e9c34e elementor-widget elementor-widget-image\" data-id=\"4e9c34e\" data-element_type=\"widget\" data-widget_type=\"image.default\">\n\t\t\t\t<div class=\"elementor-widget-container\">\n\t\t\t\t\t\t\t\t\t\t\t\t\t\t\t<img fetchpriority=\"high\" decoding=\"async\" width=\"583\" height=\"811\" src=\"https:\/\/cbcccp.com.br\/wp-content\/uploads\/2023\/11\/FOTO-perfil-1-e1726771369771.jpeg\" class=\"attachment-full size-full wp-image-746\" alt=\"\" \/>\t\t\t\t\t\t\t\t\t\t\t\t\t\t\t<\/div>\n\t\t\t\t<\/div>\n\t\t\t\t<div class=\"elementor-element elementor-element-2c8ec15 elementor-widget elementor-widget-heading\" data-id=\"2c8ec15\" data-element_type=\"widget\" data-widget_type=\"heading.default\">\n\t\t\t\t<div class=\"elementor-widget-container\">\n\t\t\t\t\t<h5 class=\"elementor-heading-title elementor-size-default\">Dr. Ana Paula Damiano<\/h5>\t\t\t\t<\/div>\n\t\t\t\t<\/div>\n\t\t\t\t<div class=\"elementor-element elementor-element-0bd3f8c elementor-widget elementor-widget-text-editor\" data-id=\"0bd3f8c\" data-element_type=\"widget\" data-widget_type=\"text-editor.default\">\n\t\t\t\t<div class=\"elementor-widget-container\">\n\t\t\t\t\t\t\t\t\t<h6>President of DCC\/CP \u2013 SBC<\/h6>\n\t\t\t\t\t\t\t\t<\/div>\n\t\t\t\t<\/div>\n\t\t\t\t\t<\/div>\n\t\t<\/div>\n\t\t\t\t\t<\/div>\n\t\t<\/section>\n\t\t\t\t<section class=\"elementor-section elementor-top-section elementor-element elementor-element-cb6e77a elementor-section-boxed elementor-section-height-default elementor-section-height-default\" data-id=\"cb6e77a\" data-element_type=\"section\">\n\t\t\t\t\t\t<div class=\"elementor-container elementor-column-gap-no\">\n\t\t\t\t\t<div class=\"elementor-column elementor-col-100 elementor-top-column elementor-element elementor-element-bd428f3\" data-id=\"bd428f3\" data-element_type=\"column\">\n\t\t\t<div class=\"elementor-widget-wrap elementor-element-populated\">\n\t\t\t\t\t\t<div class=\"elementor-element elementor-element-f355c50 elementor-widget elementor-widget-text-editor\" data-id=\"f355c50\" data-element_type=\"widget\" data-widget_type=\"text-editor.default\">\n\t\t\t\t<div class=\"elementor-widget-container\">\n\t\t\t\t\t\t\t\t\t<p>Dear colleagues involved in the care of patients with congenital heart disease and children with heart problems,<\/p>\n<p>The Pediatric Cardiovascular Surgery Department (DCCVPed) of the Brazilian Society of Cardiovascular Surgery (SBCCV) is honored to invite you to our upcoming Brazilian Congress of Congenital Heart Diseases, Pediatric Cardiology, Intervention, and Pediatric Cardiac Surgery.<\/p>\n<p>To ensure the 28th edition of this prestigious event is a memorable experience for all, our committee has worked tirelessly on the both the scientific program and social events.<\/p>\n<p>Focused on remaining abreast and scientifically enhancing the varying branches of our specialty, we intend to provide participants with practical and usable access to industry innovations, coupled with the opportunity to discuss the most relevant and current topics with renowned scientists from Brazil and abroad.<\/p>\n<p>Join us in Gramado in March 2025!<\/p>\n<p>Enjoy the charming hospitality of the Serra Gaucha and the opportunity to build on you scientific expertise.<\/p>\n<p>We look forward to seeing you there!<\/p>\n\t\t\t\t\t\t\t\t<\/div>\n\t\t\t\t<\/div>\n\t\t\t\t<div class=\"elementor-element elementor-element-e162e15 elementor-widget elementor-widget-image\" data-id=\"e162e15\" data-element_type=\"widget\" data-widget_type=\"image.default\">\n\t\t\t\t<div class=\"elementor-widget-container\">\n\t\t\t\t\t\t\t\t\t\t\t\t\t\t\t<img decoding=\"async\" width=\"1535\" height=\"2126\" src=\"https:\/\/cbcccp.com.br\/wp-content\/uploads\/2023\/11\/Foto-Leonardo-Miana-rosto-e1726771569159.jpg\" class=\"attachment-full size-full wp-image-748\" alt=\"\" \/>\t\t\t\t\t\t\t\t\t\t\t\t\t\t\t<\/div>\n\t\t\t\t<\/div>\n\t\t\t\t<div class=\"elementor-element elementor-element-3878265 elementor-widget elementor-widget-heading\" data-id=\"3878265\" data-element_type=\"widget\" data-widget_type=\"heading.default\">\n\t\t\t\t<div class=\"elementor-widget-container\">\n\t\t\t\t\t<h5 class=\"elementor-heading-title elementor-size-default\">Dr. Leonardo A Miana<\/h5>\t\t\t\t<\/div>\n\t\t\t\t<\/div>\n\t\t\t\t<div class=\"elementor-element elementor-element-e584db2 elementor-widget elementor-widget-text-editor\" data-id=\"e584db2\" data-element_type=\"widget\" data-widget_type=\"text-editor.default\">\n\t\t\t\t<div class=\"elementor-widget-container\">\n\t\t\t\t\t\t\t\t\t<h6>President of DCCVPed \u2013 SBCCV<\/h6>\n\t\t\t\t\t\t\t\t<\/div>\n\t\t\t\t<\/div>\n\t\t\t\t\t<\/div>\n\t\t<\/div>\n\t\t\t\t\t<\/div>\n\t\t<\/section>\n\t\t\t\t<section class=\"elementor-section elementor-top-section elementor-element elementor-element-01c83b4 elementor-section-boxed elementor-section-height-default elementor-section-height-default\" data-id=\"01c83b4\" data-element_type=\"section\">\n\t\t\t\t\t\t<div class=\"elementor-container elementor-column-gap-default\">\n\t\t\t\t\t<div class=\"elementor-column elementor-col-100 elementor-top-column elementor-element elementor-element-8b4c338\" data-id=\"8b4c338\" data-element_type=\"column\">\n\t\t\t<div class=\"elementor-widget-wrap elementor-element-populated\">\n\t\t\t\t\t\t<div class=\"elementor-element elementor-element-692c75e elementor-widget elementor-widget-text-editor\" data-id=\"692c75e\" data-element_type=\"widget\" data-widget_type=\"text-editor.default\">\n\t\t\t\t<div class=\"elementor-widget-container\">\n\t\t\t\t\t\t\t\t\t<p>Dear friends and colleagues,<\/p>\n<p>I\u2019m delighted to invite you all to the 28th Brazilian Congress of Congenital Heart Diseases, Pediatric Cardiology, Intervention, and Pediatric Cardiac Surgery. As the name suggests, the congress has been expanded and is now better than ever! <\/p>\n<p>We are preparing a dynamic program, focused on interaction between the subspecialties of pediatric cardiology and congenital heart disease. It will be a great opportunity to discuss cases and exchange experiences from so many varying perspectives. Within the field of interventional cardiology, we hope to introduce and familiarize everyone with the latest innovative techniques.  <\/p>\n<p>With its stunning natural beauty, welcoming climate, and world-class infrastructure, the city of Gramado is the perfect setting for such a significant event. In addition to the rich educational experience, participants will also enjoy moments of relaxation and social connection. <\/p>\n<p>It\u2019s sure to be an unforgettable event!<\/p>\n\t\t\t\t\t\t\t\t<\/div>\n\t\t\t\t<\/div>\n\t\t\t\t<div class=\"elementor-element elementor-element-6f6604a elementor-widget elementor-widget-image\" data-id=\"6f6604a\" data-element_type=\"widget\" data-widget_type=\"image.default\">\n\t\t\t\t<div class=\"elementor-widget-container\">\n\t\t\t\t\t\t\t\t\t\t\t\t\t\t\t<img decoding=\"async\" width=\"853\" height=\"1280\" src=\"https:\/\/cbcccp.com.br\/wp-content\/uploads\/2023\/12\/WhatsApp-Image-2023-11-13-at-20.02.52.jpeg\" class=\"attachment-full size-full wp-image-782\" alt=\"\" srcset=\"https:\/\/cbcccp.com.br\/wp-content\/uploads\/2023\/12\/WhatsApp-Image-2023-11-13-at-20.02.52.jpeg 853w, https:\/\/cbcccp.com.br\/wp-content\/uploads\/2023\/12\/WhatsApp-Image-2023-11-13-at-20.02.52-200x300.jpeg 200w, https:\/\/cbcccp.com.br\/wp-content\/uploads\/2023\/12\/WhatsApp-Image-2023-11-13-at-20.02.52-682x1024.jpeg 682w, https:\/\/cbcccp.com.br\/wp-content\/uploads\/2023\/12\/WhatsApp-Image-2023-11-13-at-20.02.52-768x1152.jpeg 768w\" sizes=\"(max-width: 853px) 100vw, 853px\" \/>\t\t\t\t\t\t\t\t\t\t\t\t\t\t\t<\/div>\n\t\t\t\t<\/div>\n\t\t\t\t<div class=\"elementor-element elementor-element-896f54d elementor-widget elementor-widget-heading\" data-id=\"896f54d\" data-element_type=\"widget\" data-widget_type=\"heading.default\">\n\t\t\t\t<div class=\"elementor-widget-container\">\n\t\t\t\t\t<h5 class=\"elementor-heading-title elementor-size-default\">Renata Mattos Silva<\/h5>\t\t\t\t<\/div>\n\t\t\t\t<\/div>\n\t\t\t\t<div class=\"elementor-element elementor-element-089ca81 elementor-widget elementor-widget-text-editor\" data-id=\"089ca81\" data-element_type=\"widget\" data-widget_type=\"text-editor.default\">\n\t\t\t\t<div class=\"elementor-widget-container\">\n\t\t\t\t\t\t\t\t\t<h6>President of DIC \u2013 SBHCI<\/h6>\n\t\t\t\t\t\t\t\t<\/div>\n\t\t\t\t<\/div>\n\t\t\t\t\t<\/div>\n\t\t<\/div>\n\t\t\t\t\t<\/div>\n\t\t<\/section>\n\t\t\t\t<\/div>\n\t\t","protected":false},"excerpt":{"rendered":"<p>Greetings dear friends and colleagues, We are delighted to invite you all to join us at the 28th Congress of Congenital Heart Diseases, Pediatric Cardiology, Intervention, and Pediatric Cardiac Surgery, to be held in Gramado from March 19 to 22, 2025. It will provide an opportunity for members of our specialty to meet, share updates [&hellip;]<\/p>\n","protected":false},"author":4,"featured_media":0,"parent":0,"menu_order":0,"comment_status":"closed","ping_status":"closed","template":"","meta":{"inline_featured_image":false,"footnotes":""},"class_list":["post-839","page","type-page","status-publish","hentry"],"yoast_head":"<!-- This site is optimized with the Yoast SEO plugin v26.2 - https:\/\/yoast.com\/wordpress\/plugins\/seo\/ -->\n<title>MESSAGES FROM THE PRESIDENTS - CBCCCP<\/title>\n<meta name=\"robots\" content=\"index, follow, max-snippet:-1, max-image-preview:large, max-video-preview:-1\" \/>\n<link rel=\"canonical\" href=\"https:\/\/cbcccp.com.br\/en\/messages-from-the-presidents\/\" \/>\n<meta property=\"og:locale\" content=\"en_US\" \/>\n<meta property=\"og:type\" content=\"article\" \/>\n<meta property=\"og:title\" content=\"MESSAGES FROM THE PRESIDENTS - CBCCCP\" \/>\n<meta property=\"og:description\" content=\"Greetings dear friends and colleagues, We are delighted to invite you all to join us at the 28th Congress of Congenital Heart Diseases, Pediatric Cardiology, Intervention, and Pediatric Cardiac Surgery, to be held in Gramado from March 19 to 22, 2025. It will provide an opportunity for members of our specialty to meet, share updates [&hellip;]\" \/>\n<meta property=\"og:url\" content=\"https:\/\/cbcccp.com.br\/en\/messages-from-the-presidents\/\" \/>\n<meta property=\"og:site_name\" content=\"CBCCCP\" \/>\n<meta property=\"article:modified_time\" content=\"2025-02-06T12:35:39+00:00\" \/>\n<meta property=\"og:image\" content=\"http:\/\/cbcccp.com.br\/wp-content\/uploads\/2023\/11\/FOTO-perfil-1-e1726771369771.jpeg\" \/>\n<meta name=\"twitter:card\" content=\"summary_large_image\" \/>\n<meta name=\"twitter:label1\" content=\"Est. reading time\" \/>\n\t<meta name=\"twitter:data1\" content=\"3 minutes\" \/>\n<script type=\"application\/ld+json\" class=\"yoast-schema-graph\">{\"@context\":\"https:\/\/schema.org\",\"@graph\":[{\"@type\":\"WebPage\",\"@id\":\"https:\/\/cbcccp.com.br\/en\/messages-from-the-presidents\/\",\"url\":\"https:\/\/cbcccp.com.br\/en\/messages-from-the-presidents\/\",\"name\":\"MESSAGES FROM THE PRESIDENTS - CBCCCP\",\"isPartOf\":{\"@id\":\"https:\/\/cbcccp.com.br\/#website\"},\"primaryImageOfPage\":{\"@id\":\"https:\/\/cbcccp.com.br\/en\/messages-from-the-presidents\/#primaryimage\"},\"image\":{\"@id\":\"https:\/\/cbcccp.com.br\/en\/messages-from-the-presidents\/#primaryimage\"},\"thumbnailUrl\":\"http:\/\/cbcccp.com.br\/wp-content\/uploads\/2023\/11\/FOTO-perfil-1-e1726771369771.jpeg\",\"datePublished\":\"2023-11-24T16:48:08+00:00\",\"dateModified\":\"2025-02-06T12:35:39+00:00\",\"breadcrumb\":{\"@id\":\"https:\/\/cbcccp.com.br\/en\/messages-from-the-presidents\/#breadcrumb\"},\"inLanguage\":\"en-US\",\"potentialAction\":[{\"@type\":\"ReadAction\",\"target\":[\"https:\/\/cbcccp.com.br\/en\/messages-from-the-presidents\/\"]}]},{\"@type\":\"ImageObject\",\"inLanguage\":\"en-US\",\"@id\":\"https:\/\/cbcccp.com.br\/en\/messages-from-the-presidents\/#primaryimage\",\"url\":\"http:\/\/cbcccp.com.br\/wp-content\/uploads\/2023\/11\/FOTO-perfil-1-e1726771369771.jpeg\",\"contentUrl\":\"http:\/\/cbcccp.com.br\/wp-content\/uploads\/2023\/11\/FOTO-perfil-1-e1726771369771.jpeg\"},{\"@type\":\"BreadcrumbList\",\"@id\":\"https:\/\/cbcccp.com.br\/en\/messages-from-the-presidents\/#breadcrumb\",\"itemListElement\":[{\"@type\":\"ListItem\",\"position\":1,\"name\":\"In\u00edcio\",\"item\":\"https:\/\/cbcccp.com.br\/es\/\"},{\"@type\":\"ListItem\",\"position\":2,\"name\":\"MESSAGES FROM THE PRESIDENTS\"}]},{\"@type\":\"WebSite\",\"@id\":\"https:\/\/cbcccp.com.br\/#website\",\"url\":\"https:\/\/cbcccp.com.br\/\",\"name\":\"28\u00ba Congresso Brasileiro de Cardiologia Pedi\u00e1trica, Cardiopatias Cong\u00eanitas, Interven\u00e7\u00e3o e Cirurgia Card\u00edaca Pedi\u00e1trica\",\"description\":\"XXVIII Congresso Brasileiro de Cardiopatias Cong\u00eanitas Cardiologia Pedi\u00e1trica Interven\u00e7\u00e3o e Cirurgia Card\u00edaca Pedi\u00e1trica\",\"publisher\":{\"@id\":\"https:\/\/cbcccp.com.br\/#organization\"},\"alternateName\":\"28\u00ba Congresso Brasileiro de Cardiologia Pedi\u00e1trica, Cardiopatias Cong\u00eanitas, Interven\u00e7\u00e3o e Cirurgia Card\u00edaca Pedi\u00e1trica\",\"potentialAction\":[{\"@type\":\"SearchAction\",\"target\":{\"@type\":\"EntryPoint\",\"urlTemplate\":\"https:\/\/cbcccp.com.br\/?s={search_term_string}\"},\"query-input\":{\"@type\":\"PropertyValueSpecification\",\"valueRequired\":true,\"valueName\":\"search_term_string\"}}],\"inLanguage\":\"en-US\"},{\"@type\":\"Organization\",\"@id\":\"https:\/\/cbcccp.com.br\/#organization\",\"name\":\"28\u00ba Congresso Brasileiro de Cardiologia Pedi\u00e1trica, Cardiopatias Cong\u00eanitas, Interven\u00e7\u00e3o e Cirurgia Card\u00edaca Pedi\u00e1trica\",\"url\":\"https:\/\/cbcccp.com.br\/\",\"logo\":{\"@type\":\"ImageObject\",\"inLanguage\":\"en-US\",\"@id\":\"https:\/\/cbcccp.com.br\/#\/schema\/logo\/image\/\",\"url\":\"https:\/\/cbcccp.com.br\/wp-content\/uploads\/2023\/10\/OFICIAL-CBCCCP_LogoFinal.svg\",\"contentUrl\":\"https:\/\/cbcccp.com.br\/wp-content\/uploads\/2023\/10\/OFICIAL-CBCCCP_LogoFinal.svg\",\"width\":1200,\"height\":426,\"caption\":\"28\u00ba Congresso Brasileiro de Cardiologia Pedi\u00e1trica, Cardiopatias Cong\u00eanitas, Interven\u00e7\u00e3o e Cirurgia Card\u00edaca Pedi\u00e1trica\"},\"image\":{\"@id\":\"https:\/\/cbcccp.com.br\/#\/schema\/logo\/image\/\"}}]}<\/script>\n<!-- \/ Yoast SEO plugin. -->","yoast_head_json":{"title":"MESSAGES FROM THE PRESIDENTS - CBCCCP","robots":{"index":"index","follow":"follow","max-snippet":"max-snippet:-1","max-image-preview":"max-image-preview:large","max-video-preview":"max-video-preview:-1"},"canonical":"https:\/\/cbcccp.com.br\/en\/messages-from-the-presidents\/","og_locale":"en_US","og_type":"article","og_title":"MESSAGES FROM THE PRESIDENTS - CBCCCP","og_description":"Greetings dear friends and colleagues, We are delighted to invite you all to join us at the 28th Congress of Congenital Heart Diseases, Pediatric Cardiology, Intervention, and Pediatric Cardiac Surgery, to be held in Gramado from March 19 to 22, 2025. It will provide an opportunity for members of our specialty to meet, share updates [&hellip;]","og_url":"https:\/\/cbcccp.com.br\/en\/messages-from-the-presidents\/","og_site_name":"CBCCCP","article_modified_time":"2025-02-06T12:35:39+00:00","og_image":[{"url":"http:\/\/cbcccp.com.br\/wp-content\/uploads\/2023\/11\/FOTO-perfil-1-e1726771369771.jpeg","type":"","width":"","height":""}],"twitter_card":"summary_large_image","twitter_misc":{"Est. reading time":"3 minutes"},"schema":{"@context":"https:\/\/schema.org","@graph":[{"@type":"WebPage","@id":"https:\/\/cbcccp.com.br\/en\/messages-from-the-presidents\/","url":"https:\/\/cbcccp.com.br\/en\/messages-from-the-presidents\/","name":"MESSAGES FROM THE PRESIDENTS - CBCCCP","isPartOf":{"@id":"https:\/\/cbcccp.com.br\/#website"},"primaryImageOfPage":{"@id":"https:\/\/cbcccp.com.br\/en\/messages-from-the-presidents\/#primaryimage"},"image":{"@id":"https:\/\/cbcccp.com.br\/en\/messages-from-the-presidents\/#primaryimage"},"thumbnailUrl":"http:\/\/cbcccp.com.br\/wp-content\/uploads\/2023\/11\/FOTO-perfil-1-e1726771369771.jpeg","datePublished":"2023-11-24T16:48:08+00:00","dateModified":"2025-02-06T12:35:39+00:00","breadcrumb":{"@id":"https:\/\/cbcccp.com.br\/en\/messages-from-the-presidents\/#breadcrumb"},"inLanguage":"en-US","potentialAction":[{"@type":"ReadAction","target":["https:\/\/cbcccp.com.br\/en\/messages-from-the-presidents\/"]}]},{"@type":"ImageObject","inLanguage":"en-US","@id":"https:\/\/cbcccp.com.br\/en\/messages-from-the-presidents\/#primaryimage","url":"http:\/\/cbcccp.com.br\/wp-content\/uploads\/2023\/11\/FOTO-perfil-1-e1726771369771.jpeg","contentUrl":"http:\/\/cbcccp.com.br\/wp-content\/uploads\/2023\/11\/FOTO-perfil-1-e1726771369771.jpeg"},{"@type":"BreadcrumbList","@id":"https:\/\/cbcccp.com.br\/en\/messages-from-the-presidents\/#breadcrumb","itemListElement":[{"@type":"ListItem","position":1,"name":"In\u00edcio","item":"https:\/\/cbcccp.com.br\/es\/"},{"@type":"ListItem","position":2,"name":"MESSAGES FROM THE PRESIDENTS"}]},{"@type":"WebSite","@id":"https:\/\/cbcccp.com.br\/#website","url":"https:\/\/cbcccp.com.br\/","name":"28\u00ba Congresso Brasileiro de Cardiologia Pedi\u00e1trica, Cardiopatias Cong\u00eanitas, Interven\u00e7\u00e3o e Cirurgia Card\u00edaca Pedi\u00e1trica","description":"XXVIII Congresso Brasileiro de Cardiopatias Cong\u00eanitas Cardiologia Pedi\u00e1trica Interven\u00e7\u00e3o e Cirurgia Card\u00edaca Pedi\u00e1trica","publisher":{"@id":"https:\/\/cbcccp.com.br\/#organization"},"alternateName":"28\u00ba Congresso Brasileiro de Cardiologia Pedi\u00e1trica, Cardiopatias Cong\u00eanitas, Interven\u00e7\u00e3o e Cirurgia Card\u00edaca Pedi\u00e1trica","potentialAction":[{"@type":"SearchAction","target":{"@type":"EntryPoint","urlTemplate":"https:\/\/cbcccp.com.br\/?s={search_term_string}"},"query-input":{"@type":"PropertyValueSpecification","valueRequired":true,"valueName":"search_term_string"}}],"inLanguage":"en-US"},{"@type":"Organization","@id":"https:\/\/cbcccp.com.br\/#organization","name":"28\u00ba Congresso Brasileiro de Cardiologia Pedi\u00e1trica, Cardiopatias Cong\u00eanitas, Interven\u00e7\u00e3o e Cirurgia Card\u00edaca Pedi\u00e1trica","url":"https:\/\/cbcccp.com.br\/","logo":{"@type":"ImageObject","inLanguage":"en-US","@id":"https:\/\/cbcccp.com.br\/#\/schema\/logo\/image\/","url":"https:\/\/cbcccp.com.br\/wp-content\/uploads\/2023\/10\/OFICIAL-CBCCCP_LogoFinal.svg","contentUrl":"https:\/\/cbcccp.com.br\/wp-content\/uploads\/2023\/10\/OFICIAL-CBCCCP_LogoFinal.svg","width":1200,"height":426,"caption":"28\u00ba Congresso Brasileiro de Cardiologia Pedi\u00e1trica, Cardiopatias Cong\u00eanitas, Interven\u00e7\u00e3o e Cirurgia Card\u00edaca Pedi\u00e1trica"},"image":{"@id":"https:\/\/cbcccp.com.br\/#\/schema\/logo\/image\/"}}]}},"_links":{"self":[{"href":"https:\/\/cbcccp.com.br\/en\/wp-json\/wp\/v2\/pages\/839","targetHints":{"allow":["GET"]}}],"collection":[{"href":"https:\/\/cbcccp.com.br\/en\/wp-json\/wp\/v2\/pages"}],"about":[{"href":"https:\/\/cbcccp.com.br\/en\/wp-json\/wp\/v2\/types\/page"}],"author":[{"embeddable":true,"href":"https:\/\/cbcccp.com.br\/en\/wp-json\/wp\/v2\/users\/4"}],"replies":[{"embeddable":true,"href":"https:\/\/cbcccp.com.br\/en\/wp-json\/wp\/v2\/comments?post=839"}],"version-history":[{"count":6,"href":"https:\/\/cbcccp.com.br\/en\/wp-json\/wp\/v2\/pages\/839\/revisions"}],"predecessor-version":[{"id":7239,"href":"https:\/\/cbcccp.com.br\/en\/wp-json\/wp\/v2\/pages\/839\/revisions\/7239"}],"wp:attachment":[{"href":"https:\/\/cbcccp.com.br\/en\/wp-json\/wp\/v2\/media?parent=839"}],"curies":[{"name":"wp","href":"https:\/\/api.w.org\/{rel}","templated":true}]}}