{"id":841,"date":"2023-12-19T16:19:05","date_gmt":"2023-12-19T19:19:05","guid":{"rendered":"http:\/\/cbcccp.com.br\/multidisciplinary-symposium\/"},"modified":"2024-07-09T13:19:45","modified_gmt":"2024-07-09T16:19:45","slug":"multidisciplinary-symposium","status":"publish","type":"page","link":"https:\/\/cbcccp.com.br\/en\/multidisciplinary-symposium\/","title":{"rendered":"Multidisciplinary Symposium"},"content":{"rendered":"\t\t<div data-elementor-type=\"wp-page\" data-elementor-id=\"841\" class=\"elementor elementor-841 elementor-568\" data-elementor-settings=\"{&quot;ha_cmc_init_switcher&quot;:&quot;no&quot;}\" data-elementor-post-type=\"page\">\n\t\t\t\t\t\t<section class=\"elementor-section elementor-top-section elementor-element elementor-element-641b1ca elementor-section-boxed elementor-section-height-default elementor-section-height-default\" data-id=\"641b1ca\" data-element_type=\"section\">\n\t\t\t\t\t\t<div class=\"elementor-container elementor-column-gap-no\">\n\t\t\t\t\t<div class=\"elementor-column elementor-col-100 elementor-top-column elementor-element elementor-element-1429b7e\" data-id=\"1429b7e\" data-element_type=\"column\">\n\t\t\t<div class=\"elementor-widget-wrap elementor-element-populated\">\n\t\t\t\t\t\t<div class=\"elementor-element elementor-element-2d13bab elementor-widget elementor-widget-text-editor\" data-id=\"2d13bab\" data-element_type=\"widget\" data-widget_type=\"text-editor.default\">\n\t\t\t\t<div class=\"elementor-widget-container\">\n\t\t\t\t\t\t\t\t\t<p>Dear colleagues,<\/p>\n<p>We are pleased to invite you to participate in the 28th Brazilian Congress of Congenital Heart Diseases, Pediatric Cardiology, Intervention, and Pediatric Cardiac Surgery, to be held in Gramado, in the state of Rio Grande do Sul.<\/p>\n<p>The congress is being prepared by prominent names in Pediatric Cardiology in Brazil, with significant national and international partnerships geared towards an extensive program of knowledge building and networking.<\/p>\n<p>This year, we are proud to announce the opening of a chapter of the <em>Pediatric Cardiac Intensive Care Society (PCICS)<\/em> in Latin America, a significant advance for pediatric intensive cardiology in Brazil. Additionally, PCICS will offer a Pre-Congress Symposium focused on intensive care for congenital heart diseases and will participate in the organization of the Multidisciplinary Symposium, sharing the latest developments in pediatric intensive cardiology through lectures by distinguished American professionals <\/p>\n<p>Our goal is to bring together multidisciplinary teams dedicated to the care of children with congenital heart diseases, offering a unique opportunity to learn, share knowledge, and promote significant advances in the various specialties within our field.<\/p>\n<p>We look forward to your participation to enrich this event and contribute to the development of pediatric cardiology in Brazil. Join us at this important congress, where professional excellence and innovation will meet in a unique and inspiring setting. <\/p>\n<p>Sincerely,<\/p>\n\t\t\t\t\t\t\t\t<\/div>\n\t\t\t\t<\/div>\n\t\t\t\t<div class=\"elementor-element elementor-element-b678f71 elementor-widget elementor-widget-image\" data-id=\"b678f71\" data-element_type=\"widget\" data-widget_type=\"image.default\">\n\t\t\t\t<div class=\"elementor-widget-container\">\n\t\t\t\t\t\t\t\t\t\t\t\t\t\t\t<img fetchpriority=\"high\" decoding=\"async\" width=\"1024\" height=\"682\" src=\"https:\/\/cbcccp.com.br\/wp-content\/uploads\/2023\/12\/WhatsApp-Image-2023-12-19-at-14.32.42.jpeg\" class=\"attachment-full size-full wp-image-802\" alt=\"\" srcset=\"https:\/\/cbcccp.com.br\/wp-content\/uploads\/2023\/12\/WhatsApp-Image-2023-12-19-at-14.32.42.jpeg 1024w, https:\/\/cbcccp.com.br\/wp-content\/uploads\/2023\/12\/WhatsApp-Image-2023-12-19-at-14.32.42-300x200.jpeg 300w, https:\/\/cbcccp.com.br\/wp-content\/uploads\/2023\/12\/WhatsApp-Image-2023-12-19-at-14.32.42-768x512.jpeg 768w\" sizes=\"(max-width: 1024px) 100vw, 1024px\" \/>\t\t\t\t\t\t\t\t\t\t\t\t\t\t\t<\/div>\n\t\t\t\t<\/div>\n\t\t\t\t<div class=\"elementor-element elementor-element-f3d49ed elementor-widget elementor-widget-heading\" data-id=\"f3d49ed\" data-element_type=\"widget\" data-widget_type=\"heading.default\">\n\t\t\t\t<div class=\"elementor-widget-container\">\n\t\t\t\t\t<h5 class=\"elementor-heading-title elementor-size-default\">Bruna Cury Borim<\/h5>\t\t\t\t<\/div>\n\t\t\t\t<\/div>\n\t\t\t\t\t<\/div>\n\t\t<\/div>\n\t\t\t\t\t<\/div>\n\t\t<\/section>\n\t\t\t\t<\/div>\n\t\t","protected":false},"excerpt":{"rendered":"<p>Dear colleagues, We are pleased to invite you to participate in the 28th Brazilian Congress of Congenital Heart Diseases, Pediatric Cardiology, Intervention, and Pediatric Cardiac Surgery, to be held in Gramado, in the state of Rio Grande do Sul. The congress is being prepared by prominent names in Pediatric Cardiology in Brazil, with significant national [&hellip;]<\/p>\n","protected":false},"author":4,"featured_media":0,"parent":0,"menu_order":0,"comment_status":"closed","ping_status":"closed","template":"","meta":{"inline_featured_image":false,"footnotes":""},"class_list":["post-841","page","type-page","status-publish","hentry"],"yoast_head":"<!-- This site is optimized with the Yoast SEO plugin v26.2 - https:\/\/yoast.com\/wordpress\/plugins\/seo\/ -->\n<title>Multidisciplinary Symposium - CBCCCP<\/title>\n<meta name=\"robots\" content=\"index, follow, max-snippet:-1, max-image-preview:large, max-video-preview:-1\" \/>\n<link rel=\"canonical\" href=\"https:\/\/cbcccp.com.br\/en\/multidisciplinary-symposium\/\" \/>\n<meta property=\"og:locale\" content=\"en_US\" \/>\n<meta property=\"og:type\" content=\"article\" \/>\n<meta property=\"og:title\" content=\"Multidisciplinary Symposium - CBCCCP\" \/>\n<meta property=\"og:description\" content=\"Dear colleagues, We are pleased to invite you to participate in the 28th Brazilian Congress of Congenital Heart Diseases, Pediatric Cardiology, Intervention, and Pediatric Cardiac Surgery, to be held in Gramado, in the state of Rio Grande do Sul. The congress is being prepared by prominent names in Pediatric Cardiology in Brazil, with significant national [&hellip;]\" \/>\n<meta property=\"og:url\" content=\"https:\/\/cbcccp.com.br\/en\/multidisciplinary-symposium\/\" \/>\n<meta property=\"og:site_name\" content=\"CBCCCP\" \/>\n<meta property=\"article:modified_time\" content=\"2024-07-09T16:19:45+00:00\" \/>\n<meta property=\"og:image\" content=\"http:\/\/cbcccp.com.br\/wp-content\/uploads\/2023\/12\/WhatsApp-Image-2023-12-19-at-14.32.42.jpeg\" \/>\n<meta name=\"twitter:card\" content=\"summary_large_image\" \/>\n<meta name=\"twitter:label1\" content=\"Est. reading time\" \/>\n\t<meta name=\"twitter:data1\" content=\"1 minute\" \/>\n<script type=\"application\/ld+json\" class=\"yoast-schema-graph\">{\"@context\":\"https:\/\/schema.org\",\"@graph\":[{\"@type\":\"WebPage\",\"@id\":\"https:\/\/cbcccp.com.br\/en\/multidisciplinary-symposium\/\",\"url\":\"https:\/\/cbcccp.com.br\/en\/multidisciplinary-symposium\/\",\"name\":\"Multidisciplinary Symposium - CBCCCP\",\"isPartOf\":{\"@id\":\"https:\/\/cbcccp.com.br\/#website\"},\"primaryImageOfPage\":{\"@id\":\"https:\/\/cbcccp.com.br\/en\/multidisciplinary-symposium\/#primaryimage\"},\"image\":{\"@id\":\"https:\/\/cbcccp.com.br\/en\/multidisciplinary-symposium\/#primaryimage\"},\"thumbnailUrl\":\"http:\/\/cbcccp.com.br\/wp-content\/uploads\/2023\/12\/WhatsApp-Image-2023-12-19-at-14.32.42.jpeg\",\"datePublished\":\"2023-12-19T19:19:05+00:00\",\"dateModified\":\"2024-07-09T16:19:45+00:00\",\"breadcrumb\":{\"@id\":\"https:\/\/cbcccp.com.br\/en\/multidisciplinary-symposium\/#breadcrumb\"},\"inLanguage\":\"en-US\",\"potentialAction\":[{\"@type\":\"ReadAction\",\"target\":[\"https:\/\/cbcccp.com.br\/en\/multidisciplinary-symposium\/\"]}]},{\"@type\":\"ImageObject\",\"inLanguage\":\"en-US\",\"@id\":\"https:\/\/cbcccp.com.br\/en\/multidisciplinary-symposium\/#primaryimage\",\"url\":\"http:\/\/cbcccp.com.br\/wp-content\/uploads\/2023\/12\/WhatsApp-Image-2023-12-19-at-14.32.42.jpeg\",\"contentUrl\":\"http:\/\/cbcccp.com.br\/wp-content\/uploads\/2023\/12\/WhatsApp-Image-2023-12-19-at-14.32.42.jpeg\"},{\"@type\":\"BreadcrumbList\",\"@id\":\"https:\/\/cbcccp.com.br\/en\/multidisciplinary-symposium\/#breadcrumb\",\"itemListElement\":[{\"@type\":\"ListItem\",\"position\":1,\"name\":\"In\u00edcio\",\"item\":\"https:\/\/cbcccp.com.br\/es\/\"},{\"@type\":\"ListItem\",\"position\":2,\"name\":\"Multidisciplinary Symposium\"}]},{\"@type\":\"WebSite\",\"@id\":\"https:\/\/cbcccp.com.br\/#website\",\"url\":\"https:\/\/cbcccp.com.br\/\",\"name\":\"28\u00ba Congresso Brasileiro de Cardiologia Pedi\u00e1trica, Cardiopatias Cong\u00eanitas, Interven\u00e7\u00e3o e Cirurgia Card\u00edaca Pedi\u00e1trica\",\"description\":\"XXVIII Congresso Brasileiro de Cardiopatias Cong\u00eanitas Cardiologia Pedi\u00e1trica Interven\u00e7\u00e3o e Cirurgia Card\u00edaca Pedi\u00e1trica\",\"publisher\":{\"@id\":\"https:\/\/cbcccp.com.br\/#organization\"},\"alternateName\":\"28\u00ba Congresso Brasileiro de Cardiologia Pedi\u00e1trica, Cardiopatias Cong\u00eanitas, Interven\u00e7\u00e3o e Cirurgia Card\u00edaca Pedi\u00e1trica\",\"potentialAction\":[{\"@type\":\"SearchAction\",\"target\":{\"@type\":\"EntryPoint\",\"urlTemplate\":\"https:\/\/cbcccp.com.br\/?s={search_term_string}\"},\"query-input\":{\"@type\":\"PropertyValueSpecification\",\"valueRequired\":true,\"valueName\":\"search_term_string\"}}],\"inLanguage\":\"en-US\"},{\"@type\":\"Organization\",\"@id\":\"https:\/\/cbcccp.com.br\/#organization\",\"name\":\"28\u00ba Congresso Brasileiro de Cardiologia Pedi\u00e1trica, Cardiopatias Cong\u00eanitas, Interven\u00e7\u00e3o e Cirurgia Card\u00edaca Pedi\u00e1trica\",\"url\":\"https:\/\/cbcccp.com.br\/\",\"logo\":{\"@type\":\"ImageObject\",\"inLanguage\":\"en-US\",\"@id\":\"https:\/\/cbcccp.com.br\/#\/schema\/logo\/image\/\",\"url\":\"https:\/\/cbcccp.com.br\/wp-content\/uploads\/2023\/10\/OFICIAL-CBCCCP_LogoFinal.svg\",\"contentUrl\":\"https:\/\/cbcccp.com.br\/wp-content\/uploads\/2023\/10\/OFICIAL-CBCCCP_LogoFinal.svg\",\"width\":1200,\"height\":426,\"caption\":\"28\u00ba Congresso Brasileiro de Cardiologia Pedi\u00e1trica, Cardiopatias Cong\u00eanitas, Interven\u00e7\u00e3o e Cirurgia Card\u00edaca Pedi\u00e1trica\"},\"image\":{\"@id\":\"https:\/\/cbcccp.com.br\/#\/schema\/logo\/image\/\"}}]}<\/script>\n<!-- \/ Yoast SEO plugin. -->","yoast_head_json":{"title":"Multidisciplinary Symposium - CBCCCP","robots":{"index":"index","follow":"follow","max-snippet":"max-snippet:-1","max-image-preview":"max-image-preview:large","max-video-preview":"max-video-preview:-1"},"canonical":"https:\/\/cbcccp.com.br\/en\/multidisciplinary-symposium\/","og_locale":"en_US","og_type":"article","og_title":"Multidisciplinary Symposium - CBCCCP","og_description":"Dear colleagues, We are pleased to invite you to participate in the 28th Brazilian Congress of Congenital Heart Diseases, Pediatric Cardiology, Intervention, and Pediatric Cardiac Surgery, to be held in Gramado, in the state of Rio Grande do Sul. The congress is being prepared by prominent names in Pediatric Cardiology in Brazil, with significant national [&hellip;]","og_url":"https:\/\/cbcccp.com.br\/en\/multidisciplinary-symposium\/","og_site_name":"CBCCCP","article_modified_time":"2024-07-09T16:19:45+00:00","og_image":[{"url":"http:\/\/cbcccp.com.br\/wp-content\/uploads\/2023\/12\/WhatsApp-Image-2023-12-19-at-14.32.42.jpeg","type":"","width":"","height":""}],"twitter_card":"summary_large_image","twitter_misc":{"Est. reading time":"1 minute"},"schema":{"@context":"https:\/\/schema.org","@graph":[{"@type":"WebPage","@id":"https:\/\/cbcccp.com.br\/en\/multidisciplinary-symposium\/","url":"https:\/\/cbcccp.com.br\/en\/multidisciplinary-symposium\/","name":"Multidisciplinary Symposium - CBCCCP","isPartOf":{"@id":"https:\/\/cbcccp.com.br\/#website"},"primaryImageOfPage":{"@id":"https:\/\/cbcccp.com.br\/en\/multidisciplinary-symposium\/#primaryimage"},"image":{"@id":"https:\/\/cbcccp.com.br\/en\/multidisciplinary-symposium\/#primaryimage"},"thumbnailUrl":"http:\/\/cbcccp.com.br\/wp-content\/uploads\/2023\/12\/WhatsApp-Image-2023-12-19-at-14.32.42.jpeg","datePublished":"2023-12-19T19:19:05+00:00","dateModified":"2024-07-09T16:19:45+00:00","breadcrumb":{"@id":"https:\/\/cbcccp.com.br\/en\/multidisciplinary-symposium\/#breadcrumb"},"inLanguage":"en-US","potentialAction":[{"@type":"ReadAction","target":["https:\/\/cbcccp.com.br\/en\/multidisciplinary-symposium\/"]}]},{"@type":"ImageObject","inLanguage":"en-US","@id":"https:\/\/cbcccp.com.br\/en\/multidisciplinary-symposium\/#primaryimage","url":"http:\/\/cbcccp.com.br\/wp-content\/uploads\/2023\/12\/WhatsApp-Image-2023-12-19-at-14.32.42.jpeg","contentUrl":"http:\/\/cbcccp.com.br\/wp-content\/uploads\/2023\/12\/WhatsApp-Image-2023-12-19-at-14.32.42.jpeg"},{"@type":"BreadcrumbList","@id":"https:\/\/cbcccp.com.br\/en\/multidisciplinary-symposium\/#breadcrumb","itemListElement":[{"@type":"ListItem","position":1,"name":"In\u00edcio","item":"https:\/\/cbcccp.com.br\/es\/"},{"@type":"ListItem","position":2,"name":"Multidisciplinary Symposium"}]},{"@type":"WebSite","@id":"https:\/\/cbcccp.com.br\/#website","url":"https:\/\/cbcccp.com.br\/","name":"28\u00ba Congresso Brasileiro de Cardiologia Pedi\u00e1trica, Cardiopatias Cong\u00eanitas, Interven\u00e7\u00e3o e Cirurgia Card\u00edaca Pedi\u00e1trica","description":"XXVIII Congresso Brasileiro de Cardiopatias Cong\u00eanitas Cardiologia Pedi\u00e1trica Interven\u00e7\u00e3o e Cirurgia Card\u00edaca Pedi\u00e1trica","publisher":{"@id":"https:\/\/cbcccp.com.br\/#organization"},"alternateName":"28\u00ba Congresso Brasileiro de Cardiologia Pedi\u00e1trica, Cardiopatias Cong\u00eanitas, Interven\u00e7\u00e3o e Cirurgia Card\u00edaca Pedi\u00e1trica","potentialAction":[{"@type":"SearchAction","target":{"@type":"EntryPoint","urlTemplate":"https:\/\/cbcccp.com.br\/?s={search_term_string}"},"query-input":{"@type":"PropertyValueSpecification","valueRequired":true,"valueName":"search_term_string"}}],"inLanguage":"en-US"},{"@type":"Organization","@id":"https:\/\/cbcccp.com.br\/#organization","name":"28\u00ba Congresso Brasileiro de Cardiologia Pedi\u00e1trica, Cardiopatias Cong\u00eanitas, Interven\u00e7\u00e3o e Cirurgia Card\u00edaca Pedi\u00e1trica","url":"https:\/\/cbcccp.com.br\/","logo":{"@type":"ImageObject","inLanguage":"en-US","@id":"https:\/\/cbcccp.com.br\/#\/schema\/logo\/image\/","url":"https:\/\/cbcccp.com.br\/wp-content\/uploads\/2023\/10\/OFICIAL-CBCCCP_LogoFinal.svg","contentUrl":"https:\/\/cbcccp.com.br\/wp-content\/uploads\/2023\/10\/OFICIAL-CBCCCP_LogoFinal.svg","width":1200,"height":426,"caption":"28\u00ba Congresso Brasileiro de Cardiologia Pedi\u00e1trica, Cardiopatias Cong\u00eanitas, Interven\u00e7\u00e3o e Cirurgia Card\u00edaca Pedi\u00e1trica"},"image":{"@id":"https:\/\/cbcccp.com.br\/#\/schema\/logo\/image\/"}}]}},"_links":{"self":[{"href":"https:\/\/cbcccp.com.br\/en\/wp-json\/wp\/v2\/pages\/841","targetHints":{"allow":["GET"]}}],"collection":[{"href":"https:\/\/cbcccp.com.br\/en\/wp-json\/wp\/v2\/pages"}],"about":[{"href":"https:\/\/cbcccp.com.br\/en\/wp-json\/wp\/v2\/types\/page"}],"author":[{"embeddable":true,"href":"https:\/\/cbcccp.com.br\/en\/wp-json\/wp\/v2\/users\/4"}],"replies":[{"embeddable":true,"href":"https:\/\/cbcccp.com.br\/en\/wp-json\/wp\/v2\/comments?post=841"}],"version-history":[{"count":3,"href":"https:\/\/cbcccp.com.br\/en\/wp-json\/wp\/v2\/pages\/841\/revisions"}],"predecessor-version":[{"id":3221,"href":"https:\/\/cbcccp.com.br\/en\/wp-json\/wp\/v2\/pages\/841\/revisions\/3221"}],"wp:attachment":[{"href":"https:\/\/cbcccp.com.br\/en\/wp-json\/wp\/v2\/media?parent=841"}],"curies":[{"name":"wp","href":"https:\/\/api.w.org\/{rel}","templated":true}]}}