{"id":843,"date":"2023-12-20T10:17:01","date_gmt":"2023-12-20T13:17:01","guid":{"rendered":"http:\/\/cbcccp.com.br\/pcics\/"},"modified":"2024-02-09T18:01:20","modified_gmt":"2024-02-09T21:01:20","slug":"pcics","status":"publish","type":"page","link":"https:\/\/cbcccp.com.br\/en\/pcics\/","title":{"rendered":"PCICS"},"content":{"rendered":"\t\t<div data-elementor-type=\"wp-page\" data-elementor-id=\"843\" class=\"elementor elementor-843 elementor-576\" data-elementor-settings=\"{&quot;ha_cmc_init_switcher&quot;:&quot;no&quot;}\" data-elementor-post-type=\"page\">\n\t\t\t\t\t\t<section class=\"elementor-section elementor-top-section elementor-element elementor-element-c1af784 elementor-section-boxed elementor-section-height-default elementor-section-height-default\" data-id=\"c1af784\" data-element_type=\"section\">\n\t\t\t\t\t\t<div class=\"elementor-container elementor-column-gap-no\">\n\t\t\t\t\t<div class=\"elementor-column elementor-col-100 elementor-top-column elementor-element elementor-element-b2a1efe\" data-id=\"b2a1efe\" data-element_type=\"column\">\n\t\t\t<div class=\"elementor-widget-wrap elementor-element-populated\">\n\t\t\t\t\t\t<div class=\"elementor-element elementor-element-1148d0c elementor-widget elementor-widget-text-editor\" data-id=\"1148d0c\" data-element_type=\"widget\" data-widget_type=\"text-editor.default\">\n\t\t\t\t<div class=\"elementor-widget-container\">\n\t\t\t\t\t\t\t\t\t<p>The Pediatric Cardiac Intensive Care Society (PCICS) aims to empower a diverse global community of pediatric cardiac critical care clinicians dedicated to improving the lives of patients and their families. Our core values are:<\/p>\n<ul>\n<li>Reverence- We hold a deep respect and passion for the patients and families for whom we have the privilege to provide care.<\/li>\n<li>Knowledge- We advance the art and science of healing through education and inquiry.<\/li>\n<li>Equity- We cultivate a diverse and inclusive professional community to eliminate barriers and achieve equitable outcomes for all.<\/li>\n<li>Connection- We create opportunities to build relationships that foster professional development, community, and collaborative patient care.<\/li>\n<\/ul>\n<p>As a professional medical society, PCICS promotes educational opportunities, and improved quality, outcomes, and culture within the subspecialty by providing a societal forum for individual clinicians. With the growth of the subspecialty, the Society has grown in scope and outreach as well. International meetings have become forums for the exchange of scientific ideas, promotion of collaboration, and expansion of inter-professional care delivery. Today PCICS&#8217; more than 1000 members represent the interdisciplinary pediatric cardiac critical care team in nearly 30 countries. <\/p>\n<p>This collaboration with the 28<sup>th<\/sup> Brazilian Congress of Pediatric Cardiology and Cardiovascular Surgery is an exciting opportunity for PCICS and we are thrilled to further pursue our mission for international expansion so that our membership represents a truly global community of pediatric cardiac critical care clinicians. PCICS recognizes that the education and clinical practice needs throughout the world are diverse; therefore, international chapters are necessary to specifically address the needs in different geographic areas and provide resources for our members that are more accessible. As part of this collaboration, we will be developing the first international chapter of PCICS in Latin America.<\/p>\n\t\t\t\t\t\t\t\t<\/div>\n\t\t\t\t<\/div>\n\t\t\t\t<div class=\"elementor-element elementor-element-771f68e elementor-widget elementor-widget-button\" data-id=\"771f68e\" data-element_type=\"widget\" data-widget_type=\"button.default\">\n\t\t\t\t<div class=\"elementor-widget-container\">\n\t\t\t\t\t\t\t\t\t<div class=\"elementor-button-wrapper\">\n\t\t\t\t\t<a class=\"elementor-button elementor-button-link elementor-size-sm elementor-animation-float\" href=\"https:\/\/members.pcics.org\/ap\/Membership\/Application\/ep01QWP2\" target=\"_blank\">\n\t\t\t\t\t\t<span class=\"elementor-button-content-wrapper\">\n\t\t\t\t\t\t\t\t\t<span class=\"elementor-button-text\">Become a member<\/span>\n\t\t\t\t\t<\/span>\n\t\t\t\t\t<\/a>\n\t\t\t\t<\/div>\n\t\t\t\t\t\t\t\t<\/div>\n\t\t\t\t<\/div>\n\t\t\t\t<section class=\"elementor-section elementor-inner-section elementor-element elementor-element-32cfabd elementor-section-boxed elementor-section-height-default elementor-section-height-default\" data-id=\"32cfabd\" data-element_type=\"section\">\n\t\t\t\t\t\t<div class=\"elementor-container elementor-column-gap-default\">\n\t\t\t\t\t<div class=\"elementor-column elementor-col-25 elementor-inner-column elementor-element elementor-element-d9c5da1\" data-id=\"d9c5da1\" data-element_type=\"column\">\n\t\t\t<div class=\"elementor-widget-wrap\">\n\t\t\t\t\t\t\t<\/div>\n\t\t<\/div>\n\t\t\t\t<div class=\"elementor-column elementor-col-25 elementor-inner-column elementor-element elementor-element-924b99b\" data-id=\"924b99b\" data-element_type=\"column\">\n\t\t\t<div class=\"elementor-widget-wrap elementor-element-populated\">\n\t\t\t\t\t\t<div class=\"elementor-element elementor-element-72b8702 elementor-widget elementor-widget-image\" data-id=\"72b8702\" data-element_type=\"widget\" data-widget_type=\"image.default\">\n\t\t\t\t<div class=\"elementor-widget-container\">\n\t\t\t\t\t\t\t\t\t\t\t\t\t\t\t<img fetchpriority=\"high\" decoding=\"async\" width=\"1066\" height=\"1114\" src=\"https:\/\/cbcccp.com.br\/wp-content\/uploads\/2023\/12\/WhatsApp-Image-2023-12-20-at-9.24.53-AM-1-e1703089974503.jpeg\" class=\"attachment-full size-full wp-image-806\" alt=\"\" srcset=\"https:\/\/cbcccp.com.br\/wp-content\/uploads\/2023\/12\/WhatsApp-Image-2023-12-20-at-9.24.53-AM-1-e1703089974503.jpeg 1066w, https:\/\/cbcccp.com.br\/wp-content\/uploads\/2023\/12\/WhatsApp-Image-2023-12-20-at-9.24.53-AM-1-e1703089974503-287x300.jpeg 287w, https:\/\/cbcccp.com.br\/wp-content\/uploads\/2023\/12\/WhatsApp-Image-2023-12-20-at-9.24.53-AM-1-e1703089974503-980x1024.jpeg 980w, https:\/\/cbcccp.com.br\/wp-content\/uploads\/2023\/12\/WhatsApp-Image-2023-12-20-at-9.24.53-AM-1-e1703089974503-768x803.jpeg 768w\" sizes=\"(max-width: 1066px) 100vw, 1066px\" \/>\t\t\t\t\t\t\t\t\t\t\t\t\t\t\t<\/div>\n\t\t\t\t<\/div>\n\t\t\t\t<div class=\"elementor-element elementor-element-aecaddb elementor-widget elementor-widget-heading\" data-id=\"aecaddb\" data-element_type=\"widget\" data-widget_type=\"heading.default\">\n\t\t\t\t<div class=\"elementor-widget-container\">\n\t\t\t\t\t<h5 class=\"elementor-heading-title elementor-size-default\">David Cooper<\/h5>\t\t\t\t<\/div>\n\t\t\t\t<\/div>\n\t\t\t\t<div class=\"elementor-element elementor-element-22be152 elementor-widget elementor-widget-text-editor\" data-id=\"22be152\" data-element_type=\"widget\" data-widget_type=\"text-editor.default\">\n\t\t\t\t<div class=\"elementor-widget-container\">\n\t\t\t\t\t\t\t\t\t<p>PCICS Executive Leadership<\/p>\n\t\t\t\t\t\t\t\t<\/div>\n\t\t\t\t<\/div>\n\t\t\t\t\t<\/div>\n\t\t<\/div>\n\t\t\t\t<div class=\"elementor-column elementor-col-25 elementor-inner-column elementor-element elementor-element-04599b7\" data-id=\"04599b7\" data-element_type=\"column\">\n\t\t\t<div class=\"elementor-widget-wrap elementor-element-populated\">\n\t\t\t\t\t\t<div class=\"elementor-element elementor-element-e1092e1 elementor-widget elementor-widget-image\" data-id=\"e1092e1\" data-element_type=\"widget\" data-widget_type=\"image.default\">\n\t\t\t\t<div class=\"elementor-widget-container\">\n\t\t\t\t\t\t\t\t\t\t\t\t\t\t\t<img decoding=\"async\" width=\"1064\" height=\"1218\" src=\"https:\/\/cbcccp.com.br\/wp-content\/uploads\/2023\/12\/WhatsApp-Image-2023-12-20-at-9.24.53-AM-e1703090003276.jpeg\" class=\"attachment-full size-full wp-image-804\" alt=\"\" srcset=\"https:\/\/cbcccp.com.br\/wp-content\/uploads\/2023\/12\/WhatsApp-Image-2023-12-20-at-9.24.53-AM-e1703090003276.jpeg 1064w, https:\/\/cbcccp.com.br\/wp-content\/uploads\/2023\/12\/WhatsApp-Image-2023-12-20-at-9.24.53-AM-e1703090003276-262x300.jpeg 262w, https:\/\/cbcccp.com.br\/wp-content\/uploads\/2023\/12\/WhatsApp-Image-2023-12-20-at-9.24.53-AM-e1703090003276-895x1024.jpeg 895w, https:\/\/cbcccp.com.br\/wp-content\/uploads\/2023\/12\/WhatsApp-Image-2023-12-20-at-9.24.53-AM-e1703090003276-768x879.jpeg 768w\" sizes=\"(max-width: 1064px) 100vw, 1064px\" \/>\t\t\t\t\t\t\t\t\t\t\t\t\t\t\t<\/div>\n\t\t\t\t<\/div>\n\t\t\t\t<div class=\"elementor-element elementor-element-d3657d4 elementor-widget elementor-widget-heading\" data-id=\"d3657d4\" data-element_type=\"widget\" data-widget_type=\"heading.default\">\n\t\t\t\t<div class=\"elementor-widget-container\">\n\t\t\t\t\t<h5 class=\"elementor-heading-title elementor-size-default\">Lindsey Justice<\/h5>\t\t\t\t<\/div>\n\t\t\t\t<\/div>\n\t\t\t\t<div class=\"elementor-element elementor-element-893feef elementor-widget elementor-widget-text-editor\" data-id=\"893feef\" data-element_type=\"widget\" data-widget_type=\"text-editor.default\">\n\t\t\t\t<div class=\"elementor-widget-container\">\n\t\t\t\t\t\t\t\t\t<p>PCICS Executive Leadership<\/p>\n\t\t\t\t\t\t\t\t<\/div>\n\t\t\t\t<\/div>\n\t\t\t\t\t<\/div>\n\t\t<\/div>\n\t\t\t\t<div class=\"elementor-column elementor-col-25 elementor-inner-column elementor-element elementor-element-1cd8c52\" data-id=\"1cd8c52\" data-element_type=\"column\">\n\t\t\t<div class=\"elementor-widget-wrap\">\n\t\t\t\t\t\t\t<\/div>\n\t\t<\/div>\n\t\t\t\t\t<\/div>\n\t\t<\/section>\n\t\t\t\t\t<\/div>\n\t\t<\/div>\n\t\t\t\t\t<\/div>\n\t\t<\/section>\n\t\t\t\t<\/div>\n\t\t","protected":false},"excerpt":{"rendered":"<p>The Pediatric Cardiac Intensive Care Society (PCICS) aims to empower a diverse global community of pediatric cardiac critical care clinicians dedicated to improving the lives of patients and their families. Our core values are: Reverence- We hold a deep respect and passion for the patients and families for whom we have the privilege to provide [&hellip;]<\/p>\n","protected":false},"author":4,"featured_media":0,"parent":0,"menu_order":0,"comment_status":"closed","ping_status":"closed","template":"","meta":{"inline_featured_image":false,"footnotes":""},"class_list":["post-843","page","type-page","status-publish","hentry"],"yoast_head":"<!-- This site is optimized with the Yoast SEO plugin v26.2 - https:\/\/yoast.com\/wordpress\/plugins\/seo\/ -->\n<title>PCICS - CBCCCP<\/title>\n<meta name=\"robots\" content=\"index, follow, max-snippet:-1, max-image-preview:large, max-video-preview:-1\" \/>\n<link rel=\"canonical\" href=\"https:\/\/cbcccp.com.br\/en\/pcics\/\" \/>\n<meta property=\"og:locale\" content=\"en_US\" \/>\n<meta property=\"og:type\" content=\"article\" \/>\n<meta property=\"og:title\" content=\"PCICS - CBCCCP\" \/>\n<meta property=\"og:description\" content=\"The Pediatric Cardiac Intensive Care Society (PCICS) aims to empower a diverse global community of pediatric cardiac critical care clinicians dedicated to improving the lives of patients and their families. Our core values are: Reverence- We hold a deep respect and passion for the patients and families for whom we have the privilege to provide [&hellip;]\" \/>\n<meta property=\"og:url\" content=\"https:\/\/cbcccp.com.br\/en\/pcics\/\" \/>\n<meta property=\"og:site_name\" content=\"CBCCCP\" \/>\n<meta property=\"article:modified_time\" content=\"2024-02-09T21:01:20+00:00\" \/>\n<meta property=\"og:image\" content=\"http:\/\/cbcccp.com.br\/wp-content\/uploads\/2023\/12\/WhatsApp-Image-2023-12-20-at-9.24.53-AM-1-e1703089974503.jpeg\" \/>\n<meta name=\"twitter:card\" content=\"summary_large_image\" \/>\n<meta name=\"twitter:label1\" content=\"Est. reading time\" \/>\n\t<meta name=\"twitter:data1\" content=\"1 minute\" \/>\n<script type=\"application\/ld+json\" class=\"yoast-schema-graph\">{\"@context\":\"https:\/\/schema.org\",\"@graph\":[{\"@type\":\"WebPage\",\"@id\":\"https:\/\/cbcccp.com.br\/en\/pcics\/\",\"url\":\"https:\/\/cbcccp.com.br\/en\/pcics\/\",\"name\":\"PCICS - CBCCCP\",\"isPartOf\":{\"@id\":\"https:\/\/cbcccp.com.br\/#website\"},\"primaryImageOfPage\":{\"@id\":\"https:\/\/cbcccp.com.br\/en\/pcics\/#primaryimage\"},\"image\":{\"@id\":\"https:\/\/cbcccp.com.br\/en\/pcics\/#primaryimage\"},\"thumbnailUrl\":\"http:\/\/cbcccp.com.br\/wp-content\/uploads\/2023\/12\/WhatsApp-Image-2023-12-20-at-9.24.53-AM-1-e1703089974503.jpeg\",\"datePublished\":\"2023-12-20T13:17:01+00:00\",\"dateModified\":\"2024-02-09T21:01:20+00:00\",\"breadcrumb\":{\"@id\":\"https:\/\/cbcccp.com.br\/en\/pcics\/#breadcrumb\"},\"inLanguage\":\"en-US\",\"potentialAction\":[{\"@type\":\"ReadAction\",\"target\":[\"https:\/\/cbcccp.com.br\/en\/pcics\/\"]}]},{\"@type\":\"ImageObject\",\"inLanguage\":\"en-US\",\"@id\":\"https:\/\/cbcccp.com.br\/en\/pcics\/#primaryimage\",\"url\":\"http:\/\/cbcccp.com.br\/wp-content\/uploads\/2023\/12\/WhatsApp-Image-2023-12-20-at-9.24.53-AM-1-e1703089974503.jpeg\",\"contentUrl\":\"http:\/\/cbcccp.com.br\/wp-content\/uploads\/2023\/12\/WhatsApp-Image-2023-12-20-at-9.24.53-AM-1-e1703089974503.jpeg\"},{\"@type\":\"BreadcrumbList\",\"@id\":\"https:\/\/cbcccp.com.br\/en\/pcics\/#breadcrumb\",\"itemListElement\":[{\"@type\":\"ListItem\",\"position\":1,\"name\":\"In\u00edcio\",\"item\":\"https:\/\/cbcccp.com.br\/es\/\"},{\"@type\":\"ListItem\",\"position\":2,\"name\":\"PCICS\"}]},{\"@type\":\"WebSite\",\"@id\":\"https:\/\/cbcccp.com.br\/#website\",\"url\":\"https:\/\/cbcccp.com.br\/\",\"name\":\"28\u00ba Congresso Brasileiro de Cardiologia Pedi\u00e1trica, Cardiopatias Cong\u00eanitas, Interven\u00e7\u00e3o e Cirurgia Card\u00edaca Pedi\u00e1trica\",\"description\":\"XXVIII Congresso Brasileiro de Cardiopatias Cong\u00eanitas Cardiologia Pedi\u00e1trica Interven\u00e7\u00e3o e Cirurgia Card\u00edaca Pedi\u00e1trica\",\"publisher\":{\"@id\":\"https:\/\/cbcccp.com.br\/#organization\"},\"alternateName\":\"28\u00ba Congresso Brasileiro de Cardiologia Pedi\u00e1trica, Cardiopatias Cong\u00eanitas, Interven\u00e7\u00e3o e Cirurgia Card\u00edaca Pedi\u00e1trica\",\"potentialAction\":[{\"@type\":\"SearchAction\",\"target\":{\"@type\":\"EntryPoint\",\"urlTemplate\":\"https:\/\/cbcccp.com.br\/?s={search_term_string}\"},\"query-input\":{\"@type\":\"PropertyValueSpecification\",\"valueRequired\":true,\"valueName\":\"search_term_string\"}}],\"inLanguage\":\"en-US\"},{\"@type\":\"Organization\",\"@id\":\"https:\/\/cbcccp.com.br\/#organization\",\"name\":\"28\u00ba Congresso Brasileiro de Cardiologia Pedi\u00e1trica, Cardiopatias Cong\u00eanitas, Interven\u00e7\u00e3o e Cirurgia Card\u00edaca Pedi\u00e1trica\",\"url\":\"https:\/\/cbcccp.com.br\/\",\"logo\":{\"@type\":\"ImageObject\",\"inLanguage\":\"en-US\",\"@id\":\"https:\/\/cbcccp.com.br\/#\/schema\/logo\/image\/\",\"url\":\"https:\/\/cbcccp.com.br\/wp-content\/uploads\/2023\/10\/OFICIAL-CBCCCP_LogoFinal.svg\",\"contentUrl\":\"https:\/\/cbcccp.com.br\/wp-content\/uploads\/2023\/10\/OFICIAL-CBCCCP_LogoFinal.svg\",\"width\":1200,\"height\":426,\"caption\":\"28\u00ba Congresso Brasileiro de Cardiologia Pedi\u00e1trica, Cardiopatias Cong\u00eanitas, Interven\u00e7\u00e3o e Cirurgia Card\u00edaca Pedi\u00e1trica\"},\"image\":{\"@id\":\"https:\/\/cbcccp.com.br\/#\/schema\/logo\/image\/\"}}]}<\/script>\n<!-- \/ Yoast SEO plugin. -->","yoast_head_json":{"title":"PCICS - CBCCCP","robots":{"index":"index","follow":"follow","max-snippet":"max-snippet:-1","max-image-preview":"max-image-preview:large","max-video-preview":"max-video-preview:-1"},"canonical":"https:\/\/cbcccp.com.br\/en\/pcics\/","og_locale":"en_US","og_type":"article","og_title":"PCICS - CBCCCP","og_description":"The Pediatric Cardiac Intensive Care Society (PCICS) aims to empower a diverse global community of pediatric cardiac critical care clinicians dedicated to improving the lives of patients and their families. Our core values are: Reverence- We hold a deep respect and passion for the patients and families for whom we have the privilege to provide [&hellip;]","og_url":"https:\/\/cbcccp.com.br\/en\/pcics\/","og_site_name":"CBCCCP","article_modified_time":"2024-02-09T21:01:20+00:00","og_image":[{"url":"http:\/\/cbcccp.com.br\/wp-content\/uploads\/2023\/12\/WhatsApp-Image-2023-12-20-at-9.24.53-AM-1-e1703089974503.jpeg","type":"","width":"","height":""}],"twitter_card":"summary_large_image","twitter_misc":{"Est. reading time":"1 minute"},"schema":{"@context":"https:\/\/schema.org","@graph":[{"@type":"WebPage","@id":"https:\/\/cbcccp.com.br\/en\/pcics\/","url":"https:\/\/cbcccp.com.br\/en\/pcics\/","name":"PCICS - CBCCCP","isPartOf":{"@id":"https:\/\/cbcccp.com.br\/#website"},"primaryImageOfPage":{"@id":"https:\/\/cbcccp.com.br\/en\/pcics\/#primaryimage"},"image":{"@id":"https:\/\/cbcccp.com.br\/en\/pcics\/#primaryimage"},"thumbnailUrl":"http:\/\/cbcccp.com.br\/wp-content\/uploads\/2023\/12\/WhatsApp-Image-2023-12-20-at-9.24.53-AM-1-e1703089974503.jpeg","datePublished":"2023-12-20T13:17:01+00:00","dateModified":"2024-02-09T21:01:20+00:00","breadcrumb":{"@id":"https:\/\/cbcccp.com.br\/en\/pcics\/#breadcrumb"},"inLanguage":"en-US","potentialAction":[{"@type":"ReadAction","target":["https:\/\/cbcccp.com.br\/en\/pcics\/"]}]},{"@type":"ImageObject","inLanguage":"en-US","@id":"https:\/\/cbcccp.com.br\/en\/pcics\/#primaryimage","url":"http:\/\/cbcccp.com.br\/wp-content\/uploads\/2023\/12\/WhatsApp-Image-2023-12-20-at-9.24.53-AM-1-e1703089974503.jpeg","contentUrl":"http:\/\/cbcccp.com.br\/wp-content\/uploads\/2023\/12\/WhatsApp-Image-2023-12-20-at-9.24.53-AM-1-e1703089974503.jpeg"},{"@type":"BreadcrumbList","@id":"https:\/\/cbcccp.com.br\/en\/pcics\/#breadcrumb","itemListElement":[{"@type":"ListItem","position":1,"name":"In\u00edcio","item":"https:\/\/cbcccp.com.br\/es\/"},{"@type":"ListItem","position":2,"name":"PCICS"}]},{"@type":"WebSite","@id":"https:\/\/cbcccp.com.br\/#website","url":"https:\/\/cbcccp.com.br\/","name":"28\u00ba Congresso Brasileiro de Cardiologia Pedi\u00e1trica, Cardiopatias Cong\u00eanitas, Interven\u00e7\u00e3o e Cirurgia Card\u00edaca Pedi\u00e1trica","description":"XXVIII Congresso Brasileiro de Cardiopatias Cong\u00eanitas Cardiologia Pedi\u00e1trica Interven\u00e7\u00e3o e Cirurgia Card\u00edaca Pedi\u00e1trica","publisher":{"@id":"https:\/\/cbcccp.com.br\/#organization"},"alternateName":"28\u00ba Congresso Brasileiro de Cardiologia Pedi\u00e1trica, Cardiopatias Cong\u00eanitas, Interven\u00e7\u00e3o e Cirurgia Card\u00edaca Pedi\u00e1trica","potentialAction":[{"@type":"SearchAction","target":{"@type":"EntryPoint","urlTemplate":"https:\/\/cbcccp.com.br\/?s={search_term_string}"},"query-input":{"@type":"PropertyValueSpecification","valueRequired":true,"valueName":"search_term_string"}}],"inLanguage":"en-US"},{"@type":"Organization","@id":"https:\/\/cbcccp.com.br\/#organization","name":"28\u00ba Congresso Brasileiro de Cardiologia Pedi\u00e1trica, Cardiopatias Cong\u00eanitas, Interven\u00e7\u00e3o e Cirurgia Card\u00edaca Pedi\u00e1trica","url":"https:\/\/cbcccp.com.br\/","logo":{"@type":"ImageObject","inLanguage":"en-US","@id":"https:\/\/cbcccp.com.br\/#\/schema\/logo\/image\/","url":"https:\/\/cbcccp.com.br\/wp-content\/uploads\/2023\/10\/OFICIAL-CBCCCP_LogoFinal.svg","contentUrl":"https:\/\/cbcccp.com.br\/wp-content\/uploads\/2023\/10\/OFICIAL-CBCCCP_LogoFinal.svg","width":1200,"height":426,"caption":"28\u00ba Congresso Brasileiro de Cardiologia Pedi\u00e1trica, Cardiopatias Cong\u00eanitas, Interven\u00e7\u00e3o e Cirurgia Card\u00edaca Pedi\u00e1trica"},"image":{"@id":"https:\/\/cbcccp.com.br\/#\/schema\/logo\/image\/"}}]}},"_links":{"self":[{"href":"https:\/\/cbcccp.com.br\/en\/wp-json\/wp\/v2\/pages\/843","targetHints":{"allow":["GET"]}}],"collection":[{"href":"https:\/\/cbcccp.com.br\/en\/wp-json\/wp\/v2\/pages"}],"about":[{"href":"https:\/\/cbcccp.com.br\/en\/wp-json\/wp\/v2\/types\/page"}],"author":[{"embeddable":true,"href":"https:\/\/cbcccp.com.br\/en\/wp-json\/wp\/v2\/users\/4"}],"replies":[{"embeddable":true,"href":"https:\/\/cbcccp.com.br\/en\/wp-json\/wp\/v2\/comments?post=843"}],"version-history":[{"count":5,"href":"https:\/\/cbcccp.com.br\/en\/wp-json\/wp\/v2\/pages\/843\/revisions"}],"predecessor-version":[{"id":1155,"href":"https:\/\/cbcccp.com.br\/en\/wp-json\/wp\/v2\/pages\/843\/revisions\/1155"}],"wp:attachment":[{"href":"https:\/\/cbcccp.com.br\/en\/wp-json\/wp\/v2\/media?parent=843"}],"curies":[{"name":"wp","href":"https:\/\/api.w.org\/{rel}","templated":true}]}}