{"id":7074,"date":"2025-01-22T13:56:21","date_gmt":"2025-01-22T16:56:21","guid":{"rendered":"http:\/\/cbcccp.com.br\/instrucciones-para-formatear-el-poster\/"},"modified":"2025-03-07T13:24:47","modified_gmt":"2025-03-07T16:24:47","slug":"instrucciones-para-formatear-el-poster","status":"publish","type":"page","link":"https:\/\/cbcccp.com.br\/es\/instrucciones-para-formatear-el-poster\/","title":{"rendered":"Instrucciones para Formatear el P\u00f3ster"},"content":{"rendered":"\t\t<div data-elementor-type=\"wp-page\" data-elementor-id=\"7074\" class=\"elementor elementor-7074 elementor-6997\" data-elementor-settings=\"{&quot;ha_cmc_init_switcher&quot;:&quot;no&quot;}\" data-elementor-post-type=\"page\">\n\t\t\t\t<div class=\"elementor-element elementor-element-8cf88f0 e-flex e-con-boxed e-con e-parent\" data-id=\"8cf88f0\" data-element_type=\"container\">\n\t\t\t\t\t<div class=\"e-con-inner\">\n\t\t\t\t<div class=\"elementor-element elementor-element-f16deb2 elementor-widget elementor-widget-heading\" data-id=\"f16deb2\" data-element_type=\"widget\" data-widget_type=\"heading.default\">\n\t\t\t\t<div class=\"elementor-widget-container\">\n\t\t\t\t\t<h3 class=\"elementor-heading-title elementor-size-default\">C\u00d3MO PREPARAR SU P\u00d3STER<\/h3>\t\t\t\t<\/div>\n\t\t\t\t<\/div>\n\t\t\t\t<div class=\"elementor-element elementor-element-85f5d55 elementor-widget elementor-widget-button\" data-id=\"85f5d55\" data-element_type=\"widget\" data-widget_type=\"button.default\">\n\t\t\t\t<div class=\"elementor-widget-container\">\n\t\t\t\t\t\t\t\t\t<div class=\"elementor-button-wrapper\">\n\t\t\t\t\t<a class=\"elementor-button elementor-button-link elementor-size-sm\" href=\"https:\/\/drive.google.com\/drive\/u\/0\/folders\/1TlkTMJAORbi_4vkosIfClzX18O1DNFwI\" target=\"_blank\">\n\t\t\t\t\t\t<span class=\"elementor-button-content-wrapper\">\n\t\t\t\t\t\t\t\t\t<span class=\"elementor-button-text\">Templates<\/span>\n\t\t\t\t\t<\/span>\n\t\t\t\t\t<\/a>\n\t\t\t\t<\/div>\n\t\t\t\t\t\t\t\t<\/div>\n\t\t\t\t<\/div>\n\t\t\t\t<div class=\"elementor-element elementor-element-543abf5 elementor-widget elementor-widget-heading\" data-id=\"543abf5\" data-element_type=\"widget\" data-widget_type=\"heading.default\">\n\t\t\t\t<div class=\"elementor-widget-container\">\n\t\t\t\t\t<h3 class=\"elementor-heading-title elementor-size-default\">\u00bfC\u00d3MO PREPARAR Y ENVIAR SU P\u00d3STER?<\/h3>\t\t\t\t<\/div>\n\t\t\t\t<\/div>\n\t\t<div class=\"elementor-element elementor-element-18fedc2 e-con-full e-flex e-con e-child\" data-id=\"18fedc2\" data-element_type=\"container\">\n\t\t<div class=\"elementor-element elementor-element-b83a4da e-con-full e-flex e-con e-child\" data-id=\"b83a4da\" data-element_type=\"container\">\n\t\t\t\t<div class=\"elementor-element elementor-element-216734f elementor-widget elementor-widget-text-editor\" data-id=\"216734f\" data-element_type=\"widget\" data-widget_type=\"text-editor.default\">\n\t\t\t\t<div class=\"elementor-widget-container\">\n\t\t\t\t\t\t\t\t\t<p>1 \u2013 Acceda al enlace de la plantilla y desc\u00e1rguelo en su computadora. El archivo ya est\u00e1 en PowerPoint. <\/p>\n<p>A. Formato de p\u00e1gina: Pantalla ancha 16:9<br \/>B. Orientaci\u00f3n de la p\u00e1gina: Vertical (retrato)<br \/>C. Recomendamos un tama\u00f1o de fuente m\u00ednimo de 15<\/p>\n<p>2 \u2013 Formatee su archivo en una sola diapositiva y gu\u00e1rdelo en formato PDF.<\/p>\n\t\t\t\t\t\t\t\t<\/div>\n\t\t\t\t<\/div>\n\t\t\t\t<\/div>\n\t\t<div class=\"elementor-element elementor-element-e5e85a6 e-con-full e-flex e-con e-child\" data-id=\"e5e85a6\" data-element_type=\"container\">\n\t\t\t\t<div class=\"elementor-element elementor-element-9c97810 elementor-widget elementor-widget-text-editor\" data-id=\"9c97810\" data-element_type=\"widget\" data-widget_type=\"text-editor.default\">\n\t\t\t\t<div class=\"elementor-widget-container\">\n\t\t\t\t\t\t\t\t\t<p>3 \u2013 Despu\u00e9s de guardarlo en PDF, c\u00e1rguelo en su \u00e1rea de congresista.<\/p>\n<p>A. Utilice el mismo usuario y contrase\u00f1a registrados.<br \/>B. Haga clic en \u00abTrabajos\u00bb.<br \/>C. Haga clic en \u00abEnviar e-p\u00f3ster\u00bb.<br \/>D. Seleccione el archivo en su computadora.<br \/>E. Solo el autor responsable del trabajo podr\u00e1 subir el archivo.<\/p>\n\t\t\t\t\t\t\t\t<\/div>\n\t\t\t\t<\/div>\n\t\t\t\t<\/div>\n\t\t\t\t<\/div>\n\t\t\t\t<div class=\"elementor-element elementor-element-118e25a elementor-widget elementor-widget-heading\" data-id=\"118e25a\" data-element_type=\"widget\" data-widget_type=\"heading.default\">\n\t\t\t\t<div class=\"elementor-widget-container\">\n\t\t\t\t\t<h3 class=\"elementor-heading-title elementor-size-default\">EL TRABAJO DEBER\u00c1 INCLUIR:<\/h3>\t\t\t\t<\/div>\n\t\t\t\t<\/div>\n\t\t\t\t<div class=\"elementor-element elementor-element-a7f409d elementor-widget elementor-widget-heading\" data-id=\"a7f409d\" data-element_type=\"widget\" data-widget_type=\"heading.default\">\n\t\t\t\t<div class=\"elementor-widget-container\">\n\t\t\t\t\t<h5 class=\"elementor-heading-title elementor-size-default\"><span style=\"color:#B21D67\"><b>\/\/<\/b><\/span> T\u00edtulo (El t\u00edtulo del e-p\u00f3ster debe ser el mismo que el resumen enviado);<\/h5>\t\t\t\t<\/div>\n\t\t\t\t<\/div>\n\t\t\t\t<div class=\"elementor-element elementor-element-2c5859b elementor-widget elementor-widget-heading\" data-id=\"2c5859b\" data-element_type=\"widget\" data-widget_type=\"heading.default\">\n\t\t\t\t<div class=\"elementor-widget-container\">\n\t\t\t\t\t<h5 class=\"elementor-heading-title elementor-size-default\"><span style=\"color:#B21D67\"><b>\/\/<\/b><\/span> Autores e instituciones; <\/h5>\t\t\t\t<\/div>\n\t\t\t\t<\/div>\n\t\t\t\t<div class=\"elementor-element elementor-element-254b00e elementor-widget elementor-widget-heading\" data-id=\"254b00e\" data-element_type=\"widget\" data-widget_type=\"heading.default\">\n\t\t\t\t<div class=\"elementor-widget-container\">\n\t\t\t\t\t<h5 class=\"elementor-heading-title elementor-size-default\"><span style=\"color:#B21D67\"><b>\/\/<\/b><\/span> Introducci\u00f3n y\/o fundamentos;<\/h5>\t\t\t\t<\/div>\n\t\t\t\t<\/div>\n\t\t\t\t<div class=\"elementor-element elementor-element-58d2044 elementor-widget elementor-widget-heading\" data-id=\"58d2044\" data-element_type=\"widget\" data-widget_type=\"heading.default\">\n\t\t\t\t<div class=\"elementor-widget-container\">\n\t\t\t\t\t<h5 class=\"elementor-heading-title elementor-size-default\"><span style=\"color:#B21D67\"><b>\/\/<\/b><\/span> M\u00e9todos;<\/h5>\t\t\t\t<\/div>\n\t\t\t\t<\/div>\n\t\t\t\t<div class=\"elementor-element elementor-element-096ef86 elementor-widget elementor-widget-heading\" data-id=\"096ef86\" data-element_type=\"widget\" data-widget_type=\"heading.default\">\n\t\t\t\t<div class=\"elementor-widget-container\">\n\t\t\t\t\t<h5 class=\"elementor-heading-title elementor-size-default\"><span style=\"color:#B21D67\"><b>\/\/<\/b><\/span> Resultados y conclusiones;<\/h5>\t\t\t\t<\/div>\n\t\t\t\t<\/div>\n\t\t\t\t<div class=\"elementor-element elementor-element-6754f4d elementor-widget elementor-widget-heading\" data-id=\"6754f4d\" data-element_type=\"widget\" data-widget_type=\"heading.default\">\n\t\t\t\t<div class=\"elementor-widget-container\">\n\t\t\t\t\t<h5 class=\"elementor-heading-title elementor-size-default\"><span style=\"color:#B21D67\"><b>\/\/<\/b><\/span> Palabras clave;<\/h5>\t\t\t\t<\/div>\n\t\t\t\t<\/div>\n\t\t\t\t\t<\/div>\n\t\t\t\t<\/div>\n\t\t\t\t<\/div>\n\t\t","protected":false},"excerpt":{"rendered":"<p>C\u00d3MO PREPARAR SU P\u00d3STER Templates \u00bfC\u00d3MO PREPARAR Y ENVIAR SU P\u00d3STER? 1 \u2013 Acceda al enlace de la plantilla y desc\u00e1rguelo en su computadora. El archivo ya est\u00e1 en PowerPoint. A. Formato de p\u00e1gina: Pantalla ancha 16:9B. Orientaci\u00f3n de la p\u00e1gina: Vertical (retrato)C. Recomendamos un tama\u00f1o de fuente m\u00ednimo de 15 2 \u2013 Formatee su [&hellip;]<\/p>\n","protected":false},"author":7,"featured_media":0,"parent":0,"menu_order":0,"comment_status":"closed","ping_status":"closed","template":"","meta":{"inline_featured_image":false,"footnotes":""},"class_list":["post-7074","page","type-page","status-publish","hentry"],"yoast_head":"<!-- This site is optimized with the Yoast SEO plugin v26.2 - https:\/\/yoast.com\/wordpress\/plugins\/seo\/ -->\n<title>Instrucciones para Formatear el P\u00f3ster - CBCCCP<\/title>\n<meta name=\"robots\" content=\"index, follow, max-snippet:-1, max-image-preview:large, max-video-preview:-1\" \/>\n<link rel=\"canonical\" href=\"https:\/\/cbcccp.com.br\/es\/instrucciones-para-formatear-el-poster\/\" \/>\n<meta property=\"og:locale\" content=\"es_ES\" \/>\n<meta property=\"og:type\" content=\"article\" \/>\n<meta property=\"og:title\" content=\"Instrucciones para Formatear el P\u00f3ster - CBCCCP\" \/>\n<meta property=\"og:description\" content=\"C\u00d3MO PREPARAR SU P\u00d3STER Templates \u00bfC\u00d3MO PREPARAR Y ENVIAR SU P\u00d3STER? 1 \u2013 Acceda al enlace de la plantilla y desc\u00e1rguelo en su computadora. El archivo ya est\u00e1 en PowerPoint. A. Formato de p\u00e1gina: Pantalla ancha 16:9B. Orientaci\u00f3n de la p\u00e1gina: Vertical (retrato)C. Recomendamos un tama\u00f1o de fuente m\u00ednimo de 15 2 \u2013 Formatee su [&hellip;]\" \/>\n<meta property=\"og:url\" content=\"https:\/\/cbcccp.com.br\/es\/instrucciones-para-formatear-el-poster\/\" \/>\n<meta property=\"og:site_name\" content=\"CBCCCP\" \/>\n<meta property=\"article:modified_time\" content=\"2025-03-07T16:24:47+00:00\" \/>\n<meta name=\"twitter:card\" content=\"summary_large_image\" \/>\n<meta name=\"twitter:label1\" content=\"Tiempo de lectura\" \/>\n\t<meta name=\"twitter:data1\" content=\"1 minuto\" \/>\n<script type=\"application\/ld+json\" class=\"yoast-schema-graph\">{\"@context\":\"https:\/\/schema.org\",\"@graph\":[{\"@type\":\"WebPage\",\"@id\":\"https:\/\/cbcccp.com.br\/es\/instrucciones-para-formatear-el-poster\/\",\"url\":\"https:\/\/cbcccp.com.br\/es\/instrucciones-para-formatear-el-poster\/\",\"name\":\"Instrucciones para Formatear el P\u00f3ster - CBCCCP\",\"isPartOf\":{\"@id\":\"https:\/\/cbcccp.com.br\/#website\"},\"datePublished\":\"2025-01-22T16:56:21+00:00\",\"dateModified\":\"2025-03-07T16:24:47+00:00\",\"breadcrumb\":{\"@id\":\"https:\/\/cbcccp.com.br\/es\/instrucciones-para-formatear-el-poster\/#breadcrumb\"},\"inLanguage\":\"es\",\"potentialAction\":[{\"@type\":\"ReadAction\",\"target\":[\"https:\/\/cbcccp.com.br\/es\/instrucciones-para-formatear-el-poster\/\"]}]},{\"@type\":\"BreadcrumbList\",\"@id\":\"https:\/\/cbcccp.com.br\/es\/instrucciones-para-formatear-el-poster\/#breadcrumb\",\"itemListElement\":[{\"@type\":\"ListItem\",\"position\":1,\"name\":\"In\u00edcio\",\"item\":\"https:\/\/cbcccp.com.br\/es\/\"},{\"@type\":\"ListItem\",\"position\":2,\"name\":\"Instrucciones para Formatear el P\u00f3ster\"}]},{\"@type\":\"WebSite\",\"@id\":\"https:\/\/cbcccp.com.br\/#website\",\"url\":\"https:\/\/cbcccp.com.br\/\",\"name\":\"28\u00ba Congresso Brasileiro de Cardiologia Pedi\u00e1trica, Cardiopatias Cong\u00eanitas, Interven\u00e7\u00e3o e Cirurgia Card\u00edaca Pedi\u00e1trica\",\"description\":\"XXVIII Congresso Brasileiro de Cardiopatias Cong\u00eanitas Cardiologia Pedi\u00e1trica Interven\u00e7\u00e3o e Cirurgia Card\u00edaca Pedi\u00e1trica\",\"publisher\":{\"@id\":\"https:\/\/cbcccp.com.br\/#organization\"},\"alternateName\":\"28\u00ba Congresso Brasileiro de Cardiologia Pedi\u00e1trica, Cardiopatias Cong\u00eanitas, Interven\u00e7\u00e3o e Cirurgia Card\u00edaca Pedi\u00e1trica\",\"potentialAction\":[{\"@type\":\"SearchAction\",\"target\":{\"@type\":\"EntryPoint\",\"urlTemplate\":\"https:\/\/cbcccp.com.br\/?s={search_term_string}\"},\"query-input\":{\"@type\":\"PropertyValueSpecification\",\"valueRequired\":true,\"valueName\":\"search_term_string\"}}],\"inLanguage\":\"es\"},{\"@type\":\"Organization\",\"@id\":\"https:\/\/cbcccp.com.br\/#organization\",\"name\":\"28\u00ba Congresso Brasileiro de Cardiologia Pedi\u00e1trica, Cardiopatias Cong\u00eanitas, Interven\u00e7\u00e3o e Cirurgia Card\u00edaca Pedi\u00e1trica\",\"url\":\"https:\/\/cbcccp.com.br\/\",\"logo\":{\"@type\":\"ImageObject\",\"inLanguage\":\"es\",\"@id\":\"https:\/\/cbcccp.com.br\/#\/schema\/logo\/image\/\",\"url\":\"https:\/\/cbcccp.com.br\/wp-content\/uploads\/2023\/10\/OFICIAL-CBCCCP_LogoFinal.svg\",\"contentUrl\":\"https:\/\/cbcccp.com.br\/wp-content\/uploads\/2023\/10\/OFICIAL-CBCCCP_LogoFinal.svg\",\"width\":1200,\"height\":426,\"caption\":\"28\u00ba Congresso Brasileiro de Cardiologia Pedi\u00e1trica, Cardiopatias Cong\u00eanitas, Interven\u00e7\u00e3o e Cirurgia Card\u00edaca Pedi\u00e1trica\"},\"image\":{\"@id\":\"https:\/\/cbcccp.com.br\/#\/schema\/logo\/image\/\"}}]}<\/script>\n<!-- \/ Yoast SEO plugin. -->","yoast_head_json":{"title":"Instrucciones para Formatear el P\u00f3ster - CBCCCP","robots":{"index":"index","follow":"follow","max-snippet":"max-snippet:-1","max-image-preview":"max-image-preview:large","max-video-preview":"max-video-preview:-1"},"canonical":"https:\/\/cbcccp.com.br\/es\/instrucciones-para-formatear-el-poster\/","og_locale":"es_ES","og_type":"article","og_title":"Instrucciones para Formatear el P\u00f3ster - CBCCCP","og_description":"C\u00d3MO PREPARAR SU P\u00d3STER Templates \u00bfC\u00d3MO PREPARAR Y ENVIAR SU P\u00d3STER? 1 \u2013 Acceda al enlace de la plantilla y desc\u00e1rguelo en su computadora. El archivo ya est\u00e1 en PowerPoint. A. Formato de p\u00e1gina: Pantalla ancha 16:9B. Orientaci\u00f3n de la p\u00e1gina: Vertical (retrato)C. Recomendamos un tama\u00f1o de fuente m\u00ednimo de 15 2 \u2013 Formatee su [&hellip;]","og_url":"https:\/\/cbcccp.com.br\/es\/instrucciones-para-formatear-el-poster\/","og_site_name":"CBCCCP","article_modified_time":"2025-03-07T16:24:47+00:00","twitter_card":"summary_large_image","twitter_misc":{"Tiempo de lectura":"1 minuto"},"schema":{"@context":"https:\/\/schema.org","@graph":[{"@type":"WebPage","@id":"https:\/\/cbcccp.com.br\/es\/instrucciones-para-formatear-el-poster\/","url":"https:\/\/cbcccp.com.br\/es\/instrucciones-para-formatear-el-poster\/","name":"Instrucciones para Formatear el P\u00f3ster - CBCCCP","isPartOf":{"@id":"https:\/\/cbcccp.com.br\/#website"},"datePublished":"2025-01-22T16:56:21+00:00","dateModified":"2025-03-07T16:24:47+00:00","breadcrumb":{"@id":"https:\/\/cbcccp.com.br\/es\/instrucciones-para-formatear-el-poster\/#breadcrumb"},"inLanguage":"es","potentialAction":[{"@type":"ReadAction","target":["https:\/\/cbcccp.com.br\/es\/instrucciones-para-formatear-el-poster\/"]}]},{"@type":"BreadcrumbList","@id":"https:\/\/cbcccp.com.br\/es\/instrucciones-para-formatear-el-poster\/#breadcrumb","itemListElement":[{"@type":"ListItem","position":1,"name":"In\u00edcio","item":"https:\/\/cbcccp.com.br\/es\/"},{"@type":"ListItem","position":2,"name":"Instrucciones para Formatear el P\u00f3ster"}]},{"@type":"WebSite","@id":"https:\/\/cbcccp.com.br\/#website","url":"https:\/\/cbcccp.com.br\/","name":"28\u00ba Congresso Brasileiro de Cardiologia Pedi\u00e1trica, Cardiopatias Cong\u00eanitas, Interven\u00e7\u00e3o e Cirurgia Card\u00edaca Pedi\u00e1trica","description":"XXVIII Congresso Brasileiro de Cardiopatias Cong\u00eanitas Cardiologia Pedi\u00e1trica Interven\u00e7\u00e3o e Cirurgia Card\u00edaca Pedi\u00e1trica","publisher":{"@id":"https:\/\/cbcccp.com.br\/#organization"},"alternateName":"28\u00ba Congresso Brasileiro de Cardiologia Pedi\u00e1trica, Cardiopatias Cong\u00eanitas, Interven\u00e7\u00e3o e Cirurgia Card\u00edaca Pedi\u00e1trica","potentialAction":[{"@type":"SearchAction","target":{"@type":"EntryPoint","urlTemplate":"https:\/\/cbcccp.com.br\/?s={search_term_string}"},"query-input":{"@type":"PropertyValueSpecification","valueRequired":true,"valueName":"search_term_string"}}],"inLanguage":"es"},{"@type":"Organization","@id":"https:\/\/cbcccp.com.br\/#organization","name":"28\u00ba Congresso Brasileiro de Cardiologia Pedi\u00e1trica, Cardiopatias Cong\u00eanitas, Interven\u00e7\u00e3o e Cirurgia Card\u00edaca Pedi\u00e1trica","url":"https:\/\/cbcccp.com.br\/","logo":{"@type":"ImageObject","inLanguage":"es","@id":"https:\/\/cbcccp.com.br\/#\/schema\/logo\/image\/","url":"https:\/\/cbcccp.com.br\/wp-content\/uploads\/2023\/10\/OFICIAL-CBCCCP_LogoFinal.svg","contentUrl":"https:\/\/cbcccp.com.br\/wp-content\/uploads\/2023\/10\/OFICIAL-CBCCCP_LogoFinal.svg","width":1200,"height":426,"caption":"28\u00ba Congresso Brasileiro de Cardiologia Pedi\u00e1trica, Cardiopatias Cong\u00eanitas, Interven\u00e7\u00e3o e Cirurgia Card\u00edaca Pedi\u00e1trica"},"image":{"@id":"https:\/\/cbcccp.com.br\/#\/schema\/logo\/image\/"}}]}},"_links":{"self":[{"href":"https:\/\/cbcccp.com.br\/es\/wp-json\/wp\/v2\/pages\/7074","targetHints":{"allow":["GET"]}}],"collection":[{"href":"https:\/\/cbcccp.com.br\/es\/wp-json\/wp\/v2\/pages"}],"about":[{"href":"https:\/\/cbcccp.com.br\/es\/wp-json\/wp\/v2\/types\/page"}],"author":[{"embeddable":true,"href":"https:\/\/cbcccp.com.br\/es\/wp-json\/wp\/v2\/users\/7"}],"replies":[{"embeddable":true,"href":"https:\/\/cbcccp.com.br\/es\/wp-json\/wp\/v2\/comments?post=7074"}],"version-history":[{"count":18,"href":"https:\/\/cbcccp.com.br\/es\/wp-json\/wp\/v2\/pages\/7074\/revisions"}],"predecessor-version":[{"id":7593,"href":"https:\/\/cbcccp.com.br\/es\/wp-json\/wp\/v2\/pages\/7074\/revisions\/7593"}],"wp:attachment":[{"href":"https:\/\/cbcccp.com.br\/es\/wp-json\/wp\/v2\/media?parent=7074"}],"curies":[{"name":"wp","href":"https:\/\/api.w.org\/{rel}","templated":true}]}}