{"id":862,"date":"2023-11-24T13:48:08","date_gmt":"2023-11-24T16:48:08","guid":{"rendered":"http:\/\/cbcccp.com.br\/mensaje-de-los-presidentes\/"},"modified":"2025-02-06T09:32:41","modified_gmt":"2025-02-06T12:32:41","slug":"mensaje-de-los-presidentes","status":"publish","type":"page","link":"https:\/\/cbcccp.com.br\/es\/mensaje-de-los-presidentes\/","title":{"rendered":"Mensaje de los presidentes"},"content":{"rendered":"\t\t<div data-elementor-type=\"wp-page\" data-elementor-id=\"862\" class=\"elementor elementor-862 elementor-393\" data-elementor-settings=\"{&quot;ha_cmc_init_switcher&quot;:&quot;no&quot;}\" data-elementor-post-type=\"page\">\n\t\t\t\t\t\t<section class=\"elementor-section elementor-top-section elementor-element elementor-element-0ba1b0f elementor-section-boxed elementor-section-height-default elementor-section-height-default\" data-id=\"0ba1b0f\" data-element_type=\"section\">\n\t\t\t\t\t\t<div class=\"elementor-container elementor-column-gap-no\">\n\t\t\t\t\t<div class=\"elementor-column elementor-col-100 elementor-top-column elementor-element elementor-element-b47dea1\" data-id=\"b47dea1\" data-element_type=\"column\">\n\t\t\t<div class=\"elementor-widget-wrap elementor-element-populated\">\n\t\t\t\t\t\t<div class=\"elementor-element elementor-element-8dcb3e6 elementor-widget elementor-widget-text-editor\" data-id=\"8dcb3e6\" data-element_type=\"widget\" data-widget_type=\"text-editor.default\">\n\t\t\t\t<div class=\"elementor-widget-container\">\n\t\t\t\t\t\t\t\t\t<p>Saludos queridos amigos y colegas:<\/p>\n<p>Es con gran satisfacci\u00f3n que invitamos a todos a venir para el 28\u00b0 Congreso Brasile\u00f1o de Cardiopat\u00edas Cong\u00e9nitas, Cardiolog\u00eda Pedi\u00e1trica, Intervenci\u00f3n y Cirug\u00eda Card\u00edaca Pedi\u00e1trica que se llevar\u00e1 a cabo en Gramado, del 16 al 19 de octubre de 2024.<\/p>\n<p>Ser\u00e1 un momento de encuentro de nuestra especialidad, para actualizaci\u00f3n e intercambio de experiencias. La programaci\u00f3n cient\u00edfica ha sido organizada con cuidado y procurando atender a las diversas \u00e1reas de competencia tan necesarias para la asistencia integral a nuestros pacientes. Esperamos poder traer lo m\u00e1s actual y relevante en Cardiolog\u00eda Pedi\u00e1trica y Cardiopat\u00edas Cong\u00e9nitas del Adulto.<\/p>\n<p>Con el tema \u00abINNOVACI\u00d3N, INTEGRACI\u00d3N Y LAS NUEVAS FRONTERAS DE LAS TECNOLOG\u00cdAS EN CARDIOPAT\u00cdA CONG\u00c9NITA Y CARDIOLOG\u00cdA PEDI\u00c1TRICA\u00bb, la aproximaci\u00f3n multiprofesional tendr\u00e1 un gran enfoque en este encuentro.<\/p>\n<p>Estamos muy honrados de recibir en nuestro evento el 1er Simposio Latinoamericano de la Pediatric Cardiac Intensive Care Society (PCICS), que traer\u00e1 a\u00fan m\u00e1s contenido innovador relacionado con la terapia intensiva cardiol\u00f3gica.<\/p>\n<p>En la encantadora \u00abSerra Ga\u00facha\u00bb, tendremos un encuentro cient\u00edfico memorable, regado con buenos vinos y una culinaria \u00fanica. Los esperamos a ustedes y sus familias para compartir estos buenos momentos.<\/p>\n<p>\u00a1Hasta pronto! <\/p>\n\t\t\t\t\t\t\t\t<\/div>\n\t\t\t\t<\/div>\n\t\t\t\t<div class=\"elementor-element elementor-element-4e9c34e elementor-widget elementor-widget-image\" data-id=\"4e9c34e\" data-element_type=\"widget\" data-widget_type=\"image.default\">\n\t\t\t\t<div class=\"elementor-widget-container\">\n\t\t\t\t\t\t\t\t\t\t\t\t\t\t\t<img fetchpriority=\"high\" decoding=\"async\" width=\"583\" height=\"811\" src=\"https:\/\/cbcccp.com.br\/wp-content\/uploads\/2023\/11\/FOTO-perfil-1-e1726771369771.jpeg\" class=\"attachment-full size-full wp-image-747\" alt=\"\" \/>\t\t\t\t\t\t\t\t\t\t\t\t\t\t\t<\/div>\n\t\t\t\t<\/div>\n\t\t\t\t<div class=\"elementor-element elementor-element-2c8ec15 elementor-widget elementor-widget-heading\" data-id=\"2c8ec15\" data-element_type=\"widget\" data-widget_type=\"heading.default\">\n\t\t\t\t<div class=\"elementor-widget-container\">\n\t\t\t\t\t<h5 class=\"elementor-heading-title elementor-size-default\">Dra. Ana Paula Damiano<\/h5>\t\t\t\t<\/div>\n\t\t\t\t<\/div>\n\t\t\t\t<div class=\"elementor-element elementor-element-0bd3f8c elementor-widget elementor-widget-text-editor\" data-id=\"0bd3f8c\" data-element_type=\"widget\" data-widget_type=\"text-editor.default\">\n\t\t\t\t<div class=\"elementor-widget-container\">\n\t\t\t\t\t\t\t\t\t<h6>Presidenta del DCC\/CP \u2013 SBC<\/h6>\n\t\t\t\t\t\t\t\t<\/div>\n\t\t\t\t<\/div>\n\t\t\t\t\t<\/div>\n\t\t<\/div>\n\t\t\t\t\t<\/div>\n\t\t<\/section>\n\t\t\t\t<section class=\"elementor-section elementor-top-section elementor-element elementor-element-cb6e77a elementor-section-boxed elementor-section-height-default elementor-section-height-default\" data-id=\"cb6e77a\" data-element_type=\"section\">\n\t\t\t\t\t\t<div class=\"elementor-container elementor-column-gap-no\">\n\t\t\t\t\t<div class=\"elementor-column elementor-col-100 elementor-top-column elementor-element elementor-element-bd428f3\" data-id=\"bd428f3\" data-element_type=\"column\">\n\t\t\t<div class=\"elementor-widget-wrap elementor-element-populated\">\n\t\t\t\t\t\t<div class=\"elementor-element elementor-element-f355c50 elementor-widget elementor-widget-text-editor\" data-id=\"f355c50\" data-element_type=\"widget\" data-widget_type=\"text-editor.default\">\n\t\t\t\t<div class=\"elementor-widget-container\">\n\t\t\t\t\t\t\t\t\t<p>Estimados colegas involucrados en el cuidado de pacientes con cardiopat\u00eda cong\u00e9nita y ni\u00f1os con problemas card\u00edacos:<\/p>\n<p>El Departamento de Cirug\u00eda Cardiovascular Pedi\u00e1trica de la Sociedad Brasile\u00f1a de Cirug\u00eda Cardiovascular tiene el inmenso placer de invitarlos a participar en nuestro pr\u00f3ximo Congreso Brasile\u00f1o de Cardiopat\u00edas Cong\u00e9nitas, Cardiolog\u00eda Pedi\u00e1trica, Intervenci\u00f3n y Cirug\u00eda Card\u00edaca Pedi\u00e1trica.<\/p>\n<p>Con la intenci\u00f3n de convertir la 28\u00aa edici\u00f3n de este prestigioso evento en una experiencia memorable para cada uno de los participantes, nuestra comisi\u00f3n ha trabajado incansablemente en los programas cient\u00edfico y social.<\/p>\n<p>Con un enfoque en la actualizaci\u00f3n y el perfeccionamiento cient\u00edfico de las diversas \u00e1reas de nuestra especialidad, pretendemos llevar a los participantes lo m\u00e1s innovador de manera pr\u00e1ctica y accesible, brindando al congresista la posibilidad de debatir todos los temas relevantes y actuales con cient\u00edficos de renombre de Brasil y del extranjero.<\/p>\n<p>\u00a1Vengan a Gramado en octubre de 2024!<\/p>\n<p>Disfruten de la hospitalidad de la encantadora \u00abSerra Ga\u00facha\u00bb y aprovechen para invertir en su capacitaci\u00f3n cient\u00edfica.<\/p>\n<p>\u00a1Bienvenidos!<\/p>\n\t\t\t\t\t\t\t\t<\/div>\n\t\t\t\t<\/div>\n\t\t\t\t<div class=\"elementor-element elementor-element-e162e15 elementor-widget elementor-widget-image\" data-id=\"e162e15\" data-element_type=\"widget\" data-widget_type=\"image.default\">\n\t\t\t\t<div class=\"elementor-widget-container\">\n\t\t\t\t\t\t\t\t\t\t\t\t\t\t\t<img decoding=\"async\" width=\"1535\" height=\"2126\" src=\"https:\/\/cbcccp.com.br\/wp-content\/uploads\/2023\/11\/Foto-Leonardo-Miana-rosto-e1726771569159.jpg\" class=\"attachment-full size-full wp-image-749\" alt=\"\" \/>\t\t\t\t\t\t\t\t\t\t\t\t\t\t\t<\/div>\n\t\t\t\t<\/div>\n\t\t\t\t<div class=\"elementor-element elementor-element-3878265 elementor-widget elementor-widget-heading\" data-id=\"3878265\" data-element_type=\"widget\" data-widget_type=\"heading.default\">\n\t\t\t\t<div class=\"elementor-widget-container\">\n\t\t\t\t\t<h5 class=\"elementor-heading-title elementor-size-default\">Dr. Leonardo A Miana<\/h5>\t\t\t\t<\/div>\n\t\t\t\t<\/div>\n\t\t\t\t<div class=\"elementor-element elementor-element-e584db2 elementor-widget elementor-widget-text-editor\" data-id=\"e584db2\" data-element_type=\"widget\" data-widget_type=\"text-editor.default\">\n\t\t\t\t<div class=\"elementor-widget-container\">\n\t\t\t\t\t\t\t\t\t<h6>Presidente del DCCVPed \u2013 SBCCV<\/h6>\n\t\t\t\t\t\t\t\t<\/div>\n\t\t\t\t<\/div>\n\t\t\t\t\t<\/div>\n\t\t<\/div>\n\t\t\t\t\t<\/div>\n\t\t<\/section>\n\t\t\t\t<section class=\"elementor-section elementor-top-section elementor-element elementor-element-01c83b4 elementor-section-boxed elementor-section-height-default elementor-section-height-default\" data-id=\"01c83b4\" data-element_type=\"section\">\n\t\t\t\t\t\t<div class=\"elementor-container elementor-column-gap-default\">\n\t\t\t\t\t<div class=\"elementor-column elementor-col-100 elementor-top-column elementor-element elementor-element-8b4c338\" data-id=\"8b4c338\" data-element_type=\"column\">\n\t\t\t<div class=\"elementor-widget-wrap elementor-element-populated\">\n\t\t\t\t\t\t<div class=\"elementor-element elementor-element-692c75e elementor-widget elementor-widget-text-editor\" data-id=\"692c75e\" data-element_type=\"widget\" data-widget_type=\"text-editor.default\">\n\t\t\t\t<div class=\"elementor-widget-container\">\n\t\t\t\t\t\t\t\t\t<p>Queridos amigos y colegas:<\/p>\n<p>Es con mucho entusiasmo que los invito a todos a participar en el 28\u00ba Congreso Brasile\u00f1o de Cardiopat\u00edas Cong\u00e9nitas, Cardiolog\u00eda Pedi\u00e1trica, Intervenci\u00f3n y Cirug\u00eda Card\u00edaca Pedi\u00e1trica. Como su nombre lo sugiere, el congreso tiene una nueva cara, \u00a1m\u00e1s amplio que nunca!<\/p>\n<p>Estamos preparando una programaci\u00f3n din\u00e1mica, con un enfoque en la interacci\u00f3n entre las subespecialidades de la cardiolog\u00eda pedi\u00e1trica y cardiopat\u00eda cong\u00e9nita. Ser\u00e1 una gran oportunidad para la discusi\u00f3n de casos y el intercambio de experiencias desde todos los puntos de vista. En el campo de la cardiolog\u00eda intervencionista, queremos que todos puedan conocer y familiarizarse con t\u00e9cnicas innovadoras.<\/p>\n<p>La ciudad de Gramado, con su belleza natural, su clima acogedor e infraestructura de clase mundial, ofrece el escenario perfecto para un evento tan significativo. Los participantes disfrutar\u00e1n, adem\u00e1s de la experiencia educativa enriquecedora, de momentos de relajaci\u00f3n y conexi\u00f3n social.<\/p>\n<p>\u00a1Seguramente ser\u00e1 un evento inolvidable!<\/p>\n\t\t\t\t\t\t\t\t<\/div>\n\t\t\t\t<\/div>\n\t\t\t\t<div class=\"elementor-element elementor-element-6f6604a elementor-widget elementor-widget-image\" data-id=\"6f6604a\" data-element_type=\"widget\" data-widget_type=\"image.default\">\n\t\t\t\t<div class=\"elementor-widget-container\">\n\t\t\t\t\t\t\t\t\t\t\t\t\t\t\t<img decoding=\"async\" width=\"853\" height=\"1280\" src=\"https:\/\/cbcccp.com.br\/wp-content\/uploads\/2023\/12\/WhatsApp-Image-2023-11-13-at-20.02.52.jpeg\" class=\"attachment-full size-full wp-image-783\" alt=\"\" srcset=\"https:\/\/cbcccp.com.br\/wp-content\/uploads\/2023\/12\/WhatsApp-Image-2023-11-13-at-20.02.52.jpeg 853w, https:\/\/cbcccp.com.br\/wp-content\/uploads\/2023\/12\/WhatsApp-Image-2023-11-13-at-20.02.52-200x300.jpeg 200w, https:\/\/cbcccp.com.br\/wp-content\/uploads\/2023\/12\/WhatsApp-Image-2023-11-13-at-20.02.52-682x1024.jpeg 682w, https:\/\/cbcccp.com.br\/wp-content\/uploads\/2023\/12\/WhatsApp-Image-2023-11-13-at-20.02.52-768x1152.jpeg 768w\" sizes=\"(max-width: 853px) 100vw, 853px\" \/>\t\t\t\t\t\t\t\t\t\t\t\t\t\t\t<\/div>\n\t\t\t\t<\/div>\n\t\t\t\t<div class=\"elementor-element elementor-element-896f54d elementor-widget elementor-widget-heading\" data-id=\"896f54d\" data-element_type=\"widget\" data-widget_type=\"heading.default\">\n\t\t\t\t<div class=\"elementor-widget-container\">\n\t\t\t\t\t<h5 class=\"elementor-heading-title elementor-size-default\">Renata Mattos Silva<\/h5>\t\t\t\t<\/div>\n\t\t\t\t<\/div>\n\t\t\t\t<div class=\"elementor-element elementor-element-089ca81 elementor-widget elementor-widget-text-editor\" data-id=\"089ca81\" data-element_type=\"widget\" data-widget_type=\"text-editor.default\">\n\t\t\t\t<div class=\"elementor-widget-container\">\n\t\t\t\t\t\t\t\t\t<h6>Presidenta del DICC \u2013 SBHCI<\/h6>\n\t\t\t\t\t\t\t\t<\/div>\n\t\t\t\t<\/div>\n\t\t\t\t\t<\/div>\n\t\t<\/div>\n\t\t\t\t\t<\/div>\n\t\t<\/section>\n\t\t\t\t<\/div>\n\t\t","protected":false},"excerpt":{"rendered":"<p>Saludos queridos amigos y colegas: Es con gran satisfacci\u00f3n que invitamos a todos a venir para el 28\u00b0 Congreso Brasile\u00f1o de Cardiopat\u00edas Cong\u00e9nitas, Cardiolog\u00eda Pedi\u00e1trica, Intervenci\u00f3n y Cirug\u00eda Card\u00edaca Pedi\u00e1trica que se llevar\u00e1 a cabo en Gramado, del 16 al 19 de octubre de 2024. Ser\u00e1 un momento de encuentro de nuestra especialidad, para actualizaci\u00f3n [&hellip;]<\/p>\n","protected":false},"author":4,"featured_media":0,"parent":0,"menu_order":0,"comment_status":"closed","ping_status":"closed","template":"","meta":{"inline_featured_image":false,"footnotes":""},"class_list":["post-862","page","type-page","status-publish","hentry"],"yoast_head":"<!-- This site is optimized with the Yoast SEO plugin v26.2 - https:\/\/yoast.com\/wordpress\/plugins\/seo\/ -->\n<title>Mensaje de los presidentes - CBCCCP<\/title>\n<meta name=\"robots\" content=\"index, follow, max-snippet:-1, max-image-preview:large, max-video-preview:-1\" \/>\n<link rel=\"canonical\" href=\"https:\/\/cbcccp.com.br\/es\/mensaje-de-los-presidentes\/\" \/>\n<meta property=\"og:locale\" content=\"es_ES\" \/>\n<meta property=\"og:type\" content=\"article\" \/>\n<meta property=\"og:title\" content=\"Mensaje de los presidentes - CBCCCP\" \/>\n<meta property=\"og:description\" content=\"Saludos queridos amigos y colegas: Es con gran satisfacci\u00f3n que invitamos a todos a venir para el 28\u00b0 Congreso Brasile\u00f1o de Cardiopat\u00edas Cong\u00e9nitas, Cardiolog\u00eda Pedi\u00e1trica, Intervenci\u00f3n y Cirug\u00eda Card\u00edaca Pedi\u00e1trica que se llevar\u00e1 a cabo en Gramado, del 16 al 19 de octubre de 2024. Ser\u00e1 un momento de encuentro de nuestra especialidad, para actualizaci\u00f3n [&hellip;]\" \/>\n<meta property=\"og:url\" content=\"https:\/\/cbcccp.com.br\/es\/mensaje-de-los-presidentes\/\" \/>\n<meta property=\"og:site_name\" content=\"CBCCCP\" \/>\n<meta property=\"article:modified_time\" content=\"2025-02-06T12:32:41+00:00\" \/>\n<meta property=\"og:image\" content=\"http:\/\/cbcccp.com.br\/wp-content\/uploads\/2023\/11\/FOTO-perfil-1-e1726771369771.jpeg\" \/>\n<meta name=\"twitter:card\" content=\"summary_large_image\" \/>\n<meta name=\"twitter:label1\" content=\"Tiempo de lectura\" \/>\n\t<meta name=\"twitter:data1\" content=\"4 minutos\" \/>\n<script type=\"application\/ld+json\" class=\"yoast-schema-graph\">{\"@context\":\"https:\/\/schema.org\",\"@graph\":[{\"@type\":\"WebPage\",\"@id\":\"https:\/\/cbcccp.com.br\/es\/mensaje-de-los-presidentes\/\",\"url\":\"https:\/\/cbcccp.com.br\/es\/mensaje-de-los-presidentes\/\",\"name\":\"Mensaje de los presidentes - CBCCCP\",\"isPartOf\":{\"@id\":\"https:\/\/cbcccp.com.br\/#website\"},\"primaryImageOfPage\":{\"@id\":\"https:\/\/cbcccp.com.br\/es\/mensaje-de-los-presidentes\/#primaryimage\"},\"image\":{\"@id\":\"https:\/\/cbcccp.com.br\/es\/mensaje-de-los-presidentes\/#primaryimage\"},\"thumbnailUrl\":\"http:\/\/cbcccp.com.br\/wp-content\/uploads\/2023\/11\/FOTO-perfil-1-e1726771369771.jpeg\",\"datePublished\":\"2023-11-24T16:48:08+00:00\",\"dateModified\":\"2025-02-06T12:32:41+00:00\",\"breadcrumb\":{\"@id\":\"https:\/\/cbcccp.com.br\/es\/mensaje-de-los-presidentes\/#breadcrumb\"},\"inLanguage\":\"es\",\"potentialAction\":[{\"@type\":\"ReadAction\",\"target\":[\"https:\/\/cbcccp.com.br\/es\/mensaje-de-los-presidentes\/\"]}]},{\"@type\":\"ImageObject\",\"inLanguage\":\"es\",\"@id\":\"https:\/\/cbcccp.com.br\/es\/mensaje-de-los-presidentes\/#primaryimage\",\"url\":\"http:\/\/cbcccp.com.br\/wp-content\/uploads\/2023\/11\/FOTO-perfil-1-e1726771369771.jpeg\",\"contentUrl\":\"http:\/\/cbcccp.com.br\/wp-content\/uploads\/2023\/11\/FOTO-perfil-1-e1726771369771.jpeg\"},{\"@type\":\"BreadcrumbList\",\"@id\":\"https:\/\/cbcccp.com.br\/es\/mensaje-de-los-presidentes\/#breadcrumb\",\"itemListElement\":[{\"@type\":\"ListItem\",\"position\":1,\"name\":\"In\u00edcio\",\"item\":\"https:\/\/cbcccp.com.br\/es\/\"},{\"@type\":\"ListItem\",\"position\":2,\"name\":\"Mensaje de los presidentes\"}]},{\"@type\":\"WebSite\",\"@id\":\"https:\/\/cbcccp.com.br\/#website\",\"url\":\"https:\/\/cbcccp.com.br\/\",\"name\":\"28\u00ba Congresso Brasileiro de Cardiologia Pedi\u00e1trica, Cardiopatias Cong\u00eanitas, Interven\u00e7\u00e3o e Cirurgia Card\u00edaca Pedi\u00e1trica\",\"description\":\"XXVIII Congresso Brasileiro de Cardiopatias Cong\u00eanitas Cardiologia Pedi\u00e1trica Interven\u00e7\u00e3o e Cirurgia Card\u00edaca Pedi\u00e1trica\",\"publisher\":{\"@id\":\"https:\/\/cbcccp.com.br\/#organization\"},\"alternateName\":\"28\u00ba Congresso Brasileiro de Cardiologia Pedi\u00e1trica, Cardiopatias Cong\u00eanitas, Interven\u00e7\u00e3o e Cirurgia Card\u00edaca Pedi\u00e1trica\",\"potentialAction\":[{\"@type\":\"SearchAction\",\"target\":{\"@type\":\"EntryPoint\",\"urlTemplate\":\"https:\/\/cbcccp.com.br\/?s={search_term_string}\"},\"query-input\":{\"@type\":\"PropertyValueSpecification\",\"valueRequired\":true,\"valueName\":\"search_term_string\"}}],\"inLanguage\":\"es\"},{\"@type\":\"Organization\",\"@id\":\"https:\/\/cbcccp.com.br\/#organization\",\"name\":\"28\u00ba Congresso Brasileiro de Cardiologia Pedi\u00e1trica, Cardiopatias Cong\u00eanitas, Interven\u00e7\u00e3o e Cirurgia Card\u00edaca Pedi\u00e1trica\",\"url\":\"https:\/\/cbcccp.com.br\/\",\"logo\":{\"@type\":\"ImageObject\",\"inLanguage\":\"es\",\"@id\":\"https:\/\/cbcccp.com.br\/#\/schema\/logo\/image\/\",\"url\":\"https:\/\/cbcccp.com.br\/wp-content\/uploads\/2023\/10\/OFICIAL-CBCCCP_LogoFinal.svg\",\"contentUrl\":\"https:\/\/cbcccp.com.br\/wp-content\/uploads\/2023\/10\/OFICIAL-CBCCCP_LogoFinal.svg\",\"width\":1200,\"height\":426,\"caption\":\"28\u00ba Congresso Brasileiro de Cardiologia Pedi\u00e1trica, Cardiopatias Cong\u00eanitas, Interven\u00e7\u00e3o e Cirurgia Card\u00edaca Pedi\u00e1trica\"},\"image\":{\"@id\":\"https:\/\/cbcccp.com.br\/#\/schema\/logo\/image\/\"}}]}<\/script>\n<!-- \/ Yoast SEO plugin. -->","yoast_head_json":{"title":"Mensaje de los presidentes - CBCCCP","robots":{"index":"index","follow":"follow","max-snippet":"max-snippet:-1","max-image-preview":"max-image-preview:large","max-video-preview":"max-video-preview:-1"},"canonical":"https:\/\/cbcccp.com.br\/es\/mensaje-de-los-presidentes\/","og_locale":"es_ES","og_type":"article","og_title":"Mensaje de los presidentes - CBCCCP","og_description":"Saludos queridos amigos y colegas: Es con gran satisfacci\u00f3n que invitamos a todos a venir para el 28\u00b0 Congreso Brasile\u00f1o de Cardiopat\u00edas Cong\u00e9nitas, Cardiolog\u00eda Pedi\u00e1trica, Intervenci\u00f3n y Cirug\u00eda Card\u00edaca Pedi\u00e1trica que se llevar\u00e1 a cabo en Gramado, del 16 al 19 de octubre de 2024. Ser\u00e1 un momento de encuentro de nuestra especialidad, para actualizaci\u00f3n [&hellip;]","og_url":"https:\/\/cbcccp.com.br\/es\/mensaje-de-los-presidentes\/","og_site_name":"CBCCCP","article_modified_time":"2025-02-06T12:32:41+00:00","og_image":[{"url":"http:\/\/cbcccp.com.br\/wp-content\/uploads\/2023\/11\/FOTO-perfil-1-e1726771369771.jpeg","type":"","width":"","height":""}],"twitter_card":"summary_large_image","twitter_misc":{"Tiempo de lectura":"4 minutos"},"schema":{"@context":"https:\/\/schema.org","@graph":[{"@type":"WebPage","@id":"https:\/\/cbcccp.com.br\/es\/mensaje-de-los-presidentes\/","url":"https:\/\/cbcccp.com.br\/es\/mensaje-de-los-presidentes\/","name":"Mensaje de los presidentes - CBCCCP","isPartOf":{"@id":"https:\/\/cbcccp.com.br\/#website"},"primaryImageOfPage":{"@id":"https:\/\/cbcccp.com.br\/es\/mensaje-de-los-presidentes\/#primaryimage"},"image":{"@id":"https:\/\/cbcccp.com.br\/es\/mensaje-de-los-presidentes\/#primaryimage"},"thumbnailUrl":"http:\/\/cbcccp.com.br\/wp-content\/uploads\/2023\/11\/FOTO-perfil-1-e1726771369771.jpeg","datePublished":"2023-11-24T16:48:08+00:00","dateModified":"2025-02-06T12:32:41+00:00","breadcrumb":{"@id":"https:\/\/cbcccp.com.br\/es\/mensaje-de-los-presidentes\/#breadcrumb"},"inLanguage":"es","potentialAction":[{"@type":"ReadAction","target":["https:\/\/cbcccp.com.br\/es\/mensaje-de-los-presidentes\/"]}]},{"@type":"ImageObject","inLanguage":"es","@id":"https:\/\/cbcccp.com.br\/es\/mensaje-de-los-presidentes\/#primaryimage","url":"http:\/\/cbcccp.com.br\/wp-content\/uploads\/2023\/11\/FOTO-perfil-1-e1726771369771.jpeg","contentUrl":"http:\/\/cbcccp.com.br\/wp-content\/uploads\/2023\/11\/FOTO-perfil-1-e1726771369771.jpeg"},{"@type":"BreadcrumbList","@id":"https:\/\/cbcccp.com.br\/es\/mensaje-de-los-presidentes\/#breadcrumb","itemListElement":[{"@type":"ListItem","position":1,"name":"In\u00edcio","item":"https:\/\/cbcccp.com.br\/es\/"},{"@type":"ListItem","position":2,"name":"Mensaje de los presidentes"}]},{"@type":"WebSite","@id":"https:\/\/cbcccp.com.br\/#website","url":"https:\/\/cbcccp.com.br\/","name":"28\u00ba Congresso Brasileiro de Cardiologia Pedi\u00e1trica, Cardiopatias Cong\u00eanitas, Interven\u00e7\u00e3o e Cirurgia Card\u00edaca Pedi\u00e1trica","description":"XXVIII Congresso Brasileiro de Cardiopatias Cong\u00eanitas Cardiologia Pedi\u00e1trica Interven\u00e7\u00e3o e Cirurgia Card\u00edaca Pedi\u00e1trica","publisher":{"@id":"https:\/\/cbcccp.com.br\/#organization"},"alternateName":"28\u00ba Congresso Brasileiro de Cardiologia Pedi\u00e1trica, Cardiopatias Cong\u00eanitas, Interven\u00e7\u00e3o e Cirurgia Card\u00edaca Pedi\u00e1trica","potentialAction":[{"@type":"SearchAction","target":{"@type":"EntryPoint","urlTemplate":"https:\/\/cbcccp.com.br\/?s={search_term_string}"},"query-input":{"@type":"PropertyValueSpecification","valueRequired":true,"valueName":"search_term_string"}}],"inLanguage":"es"},{"@type":"Organization","@id":"https:\/\/cbcccp.com.br\/#organization","name":"28\u00ba Congresso Brasileiro de Cardiologia Pedi\u00e1trica, Cardiopatias Cong\u00eanitas, Interven\u00e7\u00e3o e Cirurgia Card\u00edaca Pedi\u00e1trica","url":"https:\/\/cbcccp.com.br\/","logo":{"@type":"ImageObject","inLanguage":"es","@id":"https:\/\/cbcccp.com.br\/#\/schema\/logo\/image\/","url":"https:\/\/cbcccp.com.br\/wp-content\/uploads\/2023\/10\/OFICIAL-CBCCCP_LogoFinal.svg","contentUrl":"https:\/\/cbcccp.com.br\/wp-content\/uploads\/2023\/10\/OFICIAL-CBCCCP_LogoFinal.svg","width":1200,"height":426,"caption":"28\u00ba Congresso Brasileiro de Cardiologia Pedi\u00e1trica, Cardiopatias Cong\u00eanitas, Interven\u00e7\u00e3o e Cirurgia Card\u00edaca Pedi\u00e1trica"},"image":{"@id":"https:\/\/cbcccp.com.br\/#\/schema\/logo\/image\/"}}]}},"_links":{"self":[{"href":"https:\/\/cbcccp.com.br\/es\/wp-json\/wp\/v2\/pages\/862","targetHints":{"allow":["GET"]}}],"collection":[{"href":"https:\/\/cbcccp.com.br\/es\/wp-json\/wp\/v2\/pages"}],"about":[{"href":"https:\/\/cbcccp.com.br\/es\/wp-json\/wp\/v2\/types\/page"}],"author":[{"embeddable":true,"href":"https:\/\/cbcccp.com.br\/es\/wp-json\/wp\/v2\/users\/4"}],"replies":[{"embeddable":true,"href":"https:\/\/cbcccp.com.br\/es\/wp-json\/wp\/v2\/comments?post=862"}],"version-history":[{"count":8,"href":"https:\/\/cbcccp.com.br\/es\/wp-json\/wp\/v2\/pages\/862\/revisions"}],"predecessor-version":[{"id":7236,"href":"https:\/\/cbcccp.com.br\/es\/wp-json\/wp\/v2\/pages\/862\/revisions\/7236"}],"wp:attachment":[{"href":"https:\/\/cbcccp.com.br\/es\/wp-json\/wp\/v2\/media?parent=862"}],"curies":[{"name":"wp","href":"https:\/\/api.w.org\/{rel}","templated":true}]}}