{"id":864,"date":"2023-12-19T16:19:05","date_gmt":"2023-12-19T19:19:05","guid":{"rendered":"http:\/\/cbcccp.com.br\/simposio-multidisciplinario\/"},"modified":"2024-01-26T17:27:32","modified_gmt":"2024-01-26T20:27:32","slug":"simposio-multidisciplinario","status":"publish","type":"page","link":"https:\/\/cbcccp.com.br\/es\/simposio-multidisciplinario\/","title":{"rendered":"Simposio Multidisciplinario"},"content":{"rendered":"\t\t<div data-elementor-type=\"wp-page\" data-elementor-id=\"864\" class=\"elementor elementor-864 elementor-568\" data-elementor-settings=\"{&quot;ha_cmc_init_switcher&quot;:&quot;no&quot;}\" data-elementor-post-type=\"page\">\n\t\t\t\t\t\t<section class=\"elementor-section elementor-top-section elementor-element elementor-element-641b1ca elementor-section-boxed elementor-section-height-default elementor-section-height-default\" data-id=\"641b1ca\" data-element_type=\"section\">\n\t\t\t\t\t\t<div class=\"elementor-container elementor-column-gap-no\">\n\t\t\t\t\t<div class=\"elementor-column elementor-col-100 elementor-top-column elementor-element elementor-element-1429b7e\" data-id=\"1429b7e\" data-element_type=\"column\">\n\t\t\t<div class=\"elementor-widget-wrap elementor-element-populated\">\n\t\t\t\t\t\t<div class=\"elementor-element elementor-element-2d13bab elementor-widget elementor-widget-text-editor\" data-id=\"2d13bab\" data-element_type=\"widget\" data-widget_type=\"text-editor.default\">\n\t\t\t\t<div class=\"elementor-widget-container\">\n\t\t\t\t\t\t\t\t\t<p>Estimados colegas,<\/p>\n<p>Es con gran entusiasmo que los invitamos a participar en el 28\u00ba Congreso Brasile\u00f1o de Cardiopat\u00edas Cong\u00e9nitas, Cardiolog\u00eda Pedi\u00e1trica, Intervenci\u00f3n y Cirug\u00eda Card\u00edaca Pedi\u00e1trica, que ser\u00e1 realizado en Gramado, RS.<\/p>\n<p>El Congreso est\u00e1 siendo preparado por nombres destacados de la Cardiolog\u00eda Pedi\u00e1trica de Brasil, con importantes asociaciones nacionales e internacionales para que sean d\u00edas de mucho conocimiento y networking.<\/p>\n<p>Este a\u00f1o, estamos orgullosos de anunciar la inauguraci\u00f3n de un cap\u00edtulo de la <em>Pediatric Cardiac Intensive Care Society (PCICS)<\/em> en Latinoam\u00e9rica, un avance significativo para la cardiolog\u00eda intensiva pedi\u00e1trica en Brasil. Adem\u00e1s, la PCICS ofrecer\u00e1 un Simposio Precongreso centrado en la atenci\u00f3n intensiva de cardiopat\u00edas cong\u00e9nitas, y participar\u00e1 en la organizaci\u00f3n del Simposio Multidisciplinario, con el objetivo de compartir las \u00faltimas novedades de la cardiolog\u00eda intensiva pedi\u00e1trica a trav\u00e9s de conferencias de destacados profesionales norteamericanos.<\/p>\n<p>Nuestro objetivo es reunir a los equipos multidisciplinarios dedicados al cuidado de ni\u00f1os con cardiopat\u00edas cong\u00e9nitas, ofreciendo una oportunidad \u00fanica para aprender, compartir conocimientos y promover avances significativos en las diversas especialidades de nuestro \u00e1mbito.<\/p>\n<p>Contamos con su participaci\u00f3n para enriquecer este evento y colaborar con el desarrollo de la cardiolog\u00eda pedi\u00e1trica en Brasil. \u00danase a nosotros en este importante congreso, donde la excelencia profesional y la innovaci\u00f3n se encontrar\u00e1n en un ambiente \u00fanico e inspirador.<\/p>\n<p>Los saluda atentamente,<\/p>\n\t\t\t\t\t\t\t\t<\/div>\n\t\t\t\t<\/div>\n\t\t\t\t<div class=\"elementor-element elementor-element-b678f71 elementor-widget elementor-widget-image\" data-id=\"b678f71\" data-element_type=\"widget\" data-widget_type=\"image.default\">\n\t\t\t\t<div class=\"elementor-widget-container\">\n\t\t\t\t\t\t\t\t\t\t\t\t\t\t\t<img fetchpriority=\"high\" decoding=\"async\" width=\"1024\" height=\"682\" src=\"https:\/\/cbcccp.com.br\/wp-content\/uploads\/2023\/12\/WhatsApp-Image-2023-12-19-at-14.32.42.jpeg\" class=\"attachment-full size-full wp-image-803\" alt=\"\" srcset=\"https:\/\/cbcccp.com.br\/wp-content\/uploads\/2023\/12\/WhatsApp-Image-2023-12-19-at-14.32.42.jpeg 1024w, https:\/\/cbcccp.com.br\/wp-content\/uploads\/2023\/12\/WhatsApp-Image-2023-12-19-at-14.32.42-300x200.jpeg 300w, https:\/\/cbcccp.com.br\/wp-content\/uploads\/2023\/12\/WhatsApp-Image-2023-12-19-at-14.32.42-768x512.jpeg 768w\" sizes=\"(max-width: 1024px) 100vw, 1024px\" \/>\t\t\t\t\t\t\t\t\t\t\t\t\t\t\t<\/div>\n\t\t\t\t<\/div>\n\t\t\t\t<div class=\"elementor-element elementor-element-f3d49ed elementor-widget elementor-widget-heading\" data-id=\"f3d49ed\" data-element_type=\"widget\" data-widget_type=\"heading.default\">\n\t\t\t\t<div class=\"elementor-widget-container\">\n\t\t\t\t\t<h5 class=\"elementor-heading-title elementor-size-default\">Bruna Cury Borim<\/h5>\t\t\t\t<\/div>\n\t\t\t\t<\/div>\n\t\t\t\t\t<\/div>\n\t\t<\/div>\n\t\t\t\t\t<\/div>\n\t\t<\/section>\n\t\t\t\t<\/div>\n\t\t","protected":false},"excerpt":{"rendered":"<p>Estimados colegas, Es con gran entusiasmo que los invitamos a participar en el 28\u00ba Congreso Brasile\u00f1o de Cardiopat\u00edas Cong\u00e9nitas, Cardiolog\u00eda Pedi\u00e1trica, Intervenci\u00f3n y Cirug\u00eda Card\u00edaca Pedi\u00e1trica, que ser\u00e1 realizado en Gramado, RS. El Congreso est\u00e1 siendo preparado por nombres destacados de la Cardiolog\u00eda Pedi\u00e1trica de Brasil, con importantes asociaciones nacionales e internacionales para que sean [&hellip;]<\/p>\n","protected":false},"author":4,"featured_media":0,"parent":0,"menu_order":0,"comment_status":"closed","ping_status":"closed","template":"","meta":{"inline_featured_image":false,"footnotes":""},"class_list":["post-864","page","type-page","status-publish","hentry"],"yoast_head":"<!-- This site is optimized with the Yoast SEO plugin v26.2 - https:\/\/yoast.com\/wordpress\/plugins\/seo\/ -->\n<title>Simposio Multidisciplinario - CBCCCP<\/title>\n<meta name=\"robots\" content=\"index, follow, max-snippet:-1, max-image-preview:large, max-video-preview:-1\" \/>\n<link rel=\"canonical\" href=\"https:\/\/cbcccp.com.br\/es\/simposio-multidisciplinario\/\" \/>\n<meta property=\"og:locale\" content=\"es_ES\" \/>\n<meta property=\"og:type\" content=\"article\" \/>\n<meta property=\"og:title\" content=\"Simposio Multidisciplinario - CBCCCP\" \/>\n<meta property=\"og:description\" content=\"Estimados colegas, Es con gran entusiasmo que los invitamos a participar en el 28\u00ba Congreso Brasile\u00f1o de Cardiopat\u00edas Cong\u00e9nitas, Cardiolog\u00eda Pedi\u00e1trica, Intervenci\u00f3n y Cirug\u00eda Card\u00edaca Pedi\u00e1trica, que ser\u00e1 realizado en Gramado, RS. El Congreso est\u00e1 siendo preparado por nombres destacados de la Cardiolog\u00eda Pedi\u00e1trica de Brasil, con importantes asociaciones nacionales e internacionales para que sean [&hellip;]\" \/>\n<meta property=\"og:url\" content=\"https:\/\/cbcccp.com.br\/es\/simposio-multidisciplinario\/\" \/>\n<meta property=\"og:site_name\" content=\"CBCCCP\" \/>\n<meta property=\"article:modified_time\" content=\"2024-01-26T20:27:32+00:00\" \/>\n<meta property=\"og:image\" content=\"http:\/\/cbcccp.com.br\/wp-content\/uploads\/2023\/12\/WhatsApp-Image-2023-12-19-at-14.32.42.jpeg\" \/>\n<meta name=\"twitter:card\" content=\"summary_large_image\" \/>\n<meta name=\"twitter:label1\" content=\"Tiempo de lectura\" \/>\n\t<meta name=\"twitter:data1\" content=\"1 minuto\" \/>\n<script type=\"application\/ld+json\" class=\"yoast-schema-graph\">{\"@context\":\"https:\/\/schema.org\",\"@graph\":[{\"@type\":\"WebPage\",\"@id\":\"https:\/\/cbcccp.com.br\/es\/simposio-multidisciplinario\/\",\"url\":\"https:\/\/cbcccp.com.br\/es\/simposio-multidisciplinario\/\",\"name\":\"Simposio Multidisciplinario - CBCCCP\",\"isPartOf\":{\"@id\":\"https:\/\/cbcccp.com.br\/#website\"},\"primaryImageOfPage\":{\"@id\":\"https:\/\/cbcccp.com.br\/es\/simposio-multidisciplinario\/#primaryimage\"},\"image\":{\"@id\":\"https:\/\/cbcccp.com.br\/es\/simposio-multidisciplinario\/#primaryimage\"},\"thumbnailUrl\":\"http:\/\/cbcccp.com.br\/wp-content\/uploads\/2023\/12\/WhatsApp-Image-2023-12-19-at-14.32.42.jpeg\",\"datePublished\":\"2023-12-19T19:19:05+00:00\",\"dateModified\":\"2024-01-26T20:27:32+00:00\",\"breadcrumb\":{\"@id\":\"https:\/\/cbcccp.com.br\/es\/simposio-multidisciplinario\/#breadcrumb\"},\"inLanguage\":\"es\",\"potentialAction\":[{\"@type\":\"ReadAction\",\"target\":[\"https:\/\/cbcccp.com.br\/es\/simposio-multidisciplinario\/\"]}]},{\"@type\":\"ImageObject\",\"inLanguage\":\"es\",\"@id\":\"https:\/\/cbcccp.com.br\/es\/simposio-multidisciplinario\/#primaryimage\",\"url\":\"http:\/\/cbcccp.com.br\/wp-content\/uploads\/2023\/12\/WhatsApp-Image-2023-12-19-at-14.32.42.jpeg\",\"contentUrl\":\"http:\/\/cbcccp.com.br\/wp-content\/uploads\/2023\/12\/WhatsApp-Image-2023-12-19-at-14.32.42.jpeg\"},{\"@type\":\"BreadcrumbList\",\"@id\":\"https:\/\/cbcccp.com.br\/es\/simposio-multidisciplinario\/#breadcrumb\",\"itemListElement\":[{\"@type\":\"ListItem\",\"position\":1,\"name\":\"In\u00edcio\",\"item\":\"https:\/\/cbcccp.com.br\/es\/\"},{\"@type\":\"ListItem\",\"position\":2,\"name\":\"Simposio Multidisciplinario\"}]},{\"@type\":\"WebSite\",\"@id\":\"https:\/\/cbcccp.com.br\/#website\",\"url\":\"https:\/\/cbcccp.com.br\/\",\"name\":\"28\u00ba Congresso Brasileiro de Cardiologia Pedi\u00e1trica, Cardiopatias Cong\u00eanitas, Interven\u00e7\u00e3o e Cirurgia Card\u00edaca Pedi\u00e1trica\",\"description\":\"XXVIII Congresso Brasileiro de Cardiopatias Cong\u00eanitas Cardiologia Pedi\u00e1trica Interven\u00e7\u00e3o e Cirurgia Card\u00edaca Pedi\u00e1trica\",\"publisher\":{\"@id\":\"https:\/\/cbcccp.com.br\/#organization\"},\"alternateName\":\"28\u00ba Congresso Brasileiro de Cardiologia Pedi\u00e1trica, Cardiopatias Cong\u00eanitas, Interven\u00e7\u00e3o e Cirurgia Card\u00edaca Pedi\u00e1trica\",\"potentialAction\":[{\"@type\":\"SearchAction\",\"target\":{\"@type\":\"EntryPoint\",\"urlTemplate\":\"https:\/\/cbcccp.com.br\/?s={search_term_string}\"},\"query-input\":{\"@type\":\"PropertyValueSpecification\",\"valueRequired\":true,\"valueName\":\"search_term_string\"}}],\"inLanguage\":\"es\"},{\"@type\":\"Organization\",\"@id\":\"https:\/\/cbcccp.com.br\/#organization\",\"name\":\"28\u00ba Congresso Brasileiro de Cardiologia Pedi\u00e1trica, Cardiopatias Cong\u00eanitas, Interven\u00e7\u00e3o e Cirurgia Card\u00edaca Pedi\u00e1trica\",\"url\":\"https:\/\/cbcccp.com.br\/\",\"logo\":{\"@type\":\"ImageObject\",\"inLanguage\":\"es\",\"@id\":\"https:\/\/cbcccp.com.br\/#\/schema\/logo\/image\/\",\"url\":\"https:\/\/cbcccp.com.br\/wp-content\/uploads\/2023\/10\/OFICIAL-CBCCCP_LogoFinal.svg\",\"contentUrl\":\"https:\/\/cbcccp.com.br\/wp-content\/uploads\/2023\/10\/OFICIAL-CBCCCP_LogoFinal.svg\",\"width\":1200,\"height\":426,\"caption\":\"28\u00ba Congresso Brasileiro de Cardiologia Pedi\u00e1trica, Cardiopatias Cong\u00eanitas, Interven\u00e7\u00e3o e Cirurgia Card\u00edaca Pedi\u00e1trica\"},\"image\":{\"@id\":\"https:\/\/cbcccp.com.br\/#\/schema\/logo\/image\/\"}}]}<\/script>\n<!-- \/ Yoast SEO plugin. -->","yoast_head_json":{"title":"Simposio Multidisciplinario - CBCCCP","robots":{"index":"index","follow":"follow","max-snippet":"max-snippet:-1","max-image-preview":"max-image-preview:large","max-video-preview":"max-video-preview:-1"},"canonical":"https:\/\/cbcccp.com.br\/es\/simposio-multidisciplinario\/","og_locale":"es_ES","og_type":"article","og_title":"Simposio Multidisciplinario - CBCCCP","og_description":"Estimados colegas, Es con gran entusiasmo que los invitamos a participar en el 28\u00ba Congreso Brasile\u00f1o de Cardiopat\u00edas Cong\u00e9nitas, Cardiolog\u00eda Pedi\u00e1trica, Intervenci\u00f3n y Cirug\u00eda Card\u00edaca Pedi\u00e1trica, que ser\u00e1 realizado en Gramado, RS. El Congreso est\u00e1 siendo preparado por nombres destacados de la Cardiolog\u00eda Pedi\u00e1trica de Brasil, con importantes asociaciones nacionales e internacionales para que sean [&hellip;]","og_url":"https:\/\/cbcccp.com.br\/es\/simposio-multidisciplinario\/","og_site_name":"CBCCCP","article_modified_time":"2024-01-26T20:27:32+00:00","og_image":[{"url":"http:\/\/cbcccp.com.br\/wp-content\/uploads\/2023\/12\/WhatsApp-Image-2023-12-19-at-14.32.42.jpeg","type":"","width":"","height":""}],"twitter_card":"summary_large_image","twitter_misc":{"Tiempo de lectura":"1 minuto"},"schema":{"@context":"https:\/\/schema.org","@graph":[{"@type":"WebPage","@id":"https:\/\/cbcccp.com.br\/es\/simposio-multidisciplinario\/","url":"https:\/\/cbcccp.com.br\/es\/simposio-multidisciplinario\/","name":"Simposio Multidisciplinario - CBCCCP","isPartOf":{"@id":"https:\/\/cbcccp.com.br\/#website"},"primaryImageOfPage":{"@id":"https:\/\/cbcccp.com.br\/es\/simposio-multidisciplinario\/#primaryimage"},"image":{"@id":"https:\/\/cbcccp.com.br\/es\/simposio-multidisciplinario\/#primaryimage"},"thumbnailUrl":"http:\/\/cbcccp.com.br\/wp-content\/uploads\/2023\/12\/WhatsApp-Image-2023-12-19-at-14.32.42.jpeg","datePublished":"2023-12-19T19:19:05+00:00","dateModified":"2024-01-26T20:27:32+00:00","breadcrumb":{"@id":"https:\/\/cbcccp.com.br\/es\/simposio-multidisciplinario\/#breadcrumb"},"inLanguage":"es","potentialAction":[{"@type":"ReadAction","target":["https:\/\/cbcccp.com.br\/es\/simposio-multidisciplinario\/"]}]},{"@type":"ImageObject","inLanguage":"es","@id":"https:\/\/cbcccp.com.br\/es\/simposio-multidisciplinario\/#primaryimage","url":"http:\/\/cbcccp.com.br\/wp-content\/uploads\/2023\/12\/WhatsApp-Image-2023-12-19-at-14.32.42.jpeg","contentUrl":"http:\/\/cbcccp.com.br\/wp-content\/uploads\/2023\/12\/WhatsApp-Image-2023-12-19-at-14.32.42.jpeg"},{"@type":"BreadcrumbList","@id":"https:\/\/cbcccp.com.br\/es\/simposio-multidisciplinario\/#breadcrumb","itemListElement":[{"@type":"ListItem","position":1,"name":"In\u00edcio","item":"https:\/\/cbcccp.com.br\/es\/"},{"@type":"ListItem","position":2,"name":"Simposio Multidisciplinario"}]},{"@type":"WebSite","@id":"https:\/\/cbcccp.com.br\/#website","url":"https:\/\/cbcccp.com.br\/","name":"28\u00ba Congresso Brasileiro de Cardiologia Pedi\u00e1trica, Cardiopatias Cong\u00eanitas, Interven\u00e7\u00e3o e Cirurgia Card\u00edaca Pedi\u00e1trica","description":"XXVIII Congresso Brasileiro de Cardiopatias Cong\u00eanitas Cardiologia Pedi\u00e1trica Interven\u00e7\u00e3o e Cirurgia Card\u00edaca Pedi\u00e1trica","publisher":{"@id":"https:\/\/cbcccp.com.br\/#organization"},"alternateName":"28\u00ba Congresso Brasileiro de Cardiologia Pedi\u00e1trica, Cardiopatias Cong\u00eanitas, Interven\u00e7\u00e3o e Cirurgia Card\u00edaca Pedi\u00e1trica","potentialAction":[{"@type":"SearchAction","target":{"@type":"EntryPoint","urlTemplate":"https:\/\/cbcccp.com.br\/?s={search_term_string}"},"query-input":{"@type":"PropertyValueSpecification","valueRequired":true,"valueName":"search_term_string"}}],"inLanguage":"es"},{"@type":"Organization","@id":"https:\/\/cbcccp.com.br\/#organization","name":"28\u00ba Congresso Brasileiro de Cardiologia Pedi\u00e1trica, Cardiopatias Cong\u00eanitas, Interven\u00e7\u00e3o e Cirurgia Card\u00edaca Pedi\u00e1trica","url":"https:\/\/cbcccp.com.br\/","logo":{"@type":"ImageObject","inLanguage":"es","@id":"https:\/\/cbcccp.com.br\/#\/schema\/logo\/image\/","url":"https:\/\/cbcccp.com.br\/wp-content\/uploads\/2023\/10\/OFICIAL-CBCCCP_LogoFinal.svg","contentUrl":"https:\/\/cbcccp.com.br\/wp-content\/uploads\/2023\/10\/OFICIAL-CBCCCP_LogoFinal.svg","width":1200,"height":426,"caption":"28\u00ba Congresso Brasileiro de Cardiologia Pedi\u00e1trica, Cardiopatias Cong\u00eanitas, Interven\u00e7\u00e3o e Cirurgia Card\u00edaca Pedi\u00e1trica"},"image":{"@id":"https:\/\/cbcccp.com.br\/#\/schema\/logo\/image\/"}}]}},"_links":{"self":[{"href":"https:\/\/cbcccp.com.br\/es\/wp-json\/wp\/v2\/pages\/864","targetHints":{"allow":["GET"]}}],"collection":[{"href":"https:\/\/cbcccp.com.br\/es\/wp-json\/wp\/v2\/pages"}],"about":[{"href":"https:\/\/cbcccp.com.br\/es\/wp-json\/wp\/v2\/types\/page"}],"author":[{"embeddable":true,"href":"https:\/\/cbcccp.com.br\/es\/wp-json\/wp\/v2\/users\/4"}],"replies":[{"embeddable":true,"href":"https:\/\/cbcccp.com.br\/es\/wp-json\/wp\/v2\/comments?post=864"}],"version-history":[{"count":3,"href":"https:\/\/cbcccp.com.br\/es\/wp-json\/wp\/v2\/pages\/864\/revisions"}],"predecessor-version":[{"id":1081,"href":"https:\/\/cbcccp.com.br\/es\/wp-json\/wp\/v2\/pages\/864\/revisions\/1081"}],"wp:attachment":[{"href":"https:\/\/cbcccp.com.br\/es\/wp-json\/wp\/v2\/media?parent=864"}],"curies":[{"name":"wp","href":"https:\/\/api.w.org\/{rel}","templated":true}]}}