{"id":866,"date":"2023-12-20T10:17:01","date_gmt":"2023-12-20T13:17:01","guid":{"rendered":"http:\/\/cbcccp.com.br\/pcics\/"},"modified":"2024-06-12T14:48:58","modified_gmt":"2024-06-12T17:48:58","slug":"pcics","status":"publish","type":"page","link":"https:\/\/cbcccp.com.br\/es\/pcics\/","title":{"rendered":"PCICS"},"content":{"rendered":"\t\t<div data-elementor-type=\"wp-page\" data-elementor-id=\"866\" class=\"elementor elementor-866 elementor-576\" data-elementor-settings=\"{&quot;ha_cmc_init_switcher&quot;:&quot;no&quot;}\" data-elementor-post-type=\"page\">\n\t\t\t\t\t\t<section class=\"elementor-section elementor-top-section elementor-element elementor-element-c1af784 elementor-section-boxed elementor-section-height-default elementor-section-height-default\" data-id=\"c1af784\" data-element_type=\"section\">\n\t\t\t\t\t\t<div class=\"elementor-container elementor-column-gap-no\">\n\t\t\t\t\t<div class=\"elementor-column elementor-col-100 elementor-top-column elementor-element elementor-element-b2a1efe\" data-id=\"b2a1efe\" data-element_type=\"column\">\n\t\t\t<div class=\"elementor-widget-wrap elementor-element-populated\">\n\t\t\t\t\t\t<div class=\"elementor-element elementor-element-1148d0c elementor-widget elementor-widget-text-editor\" data-id=\"1148d0c\" data-element_type=\"widget\" data-widget_type=\"text-editor.default\">\n\t\t\t\t<div class=\"elementor-widget-container\">\n\t\t\t\t\t\t\t\t\t<p>La Sociedad de Cuidados Intensivos Card\u00edacos Pedi\u00e1tricos (PCICS &#8211; Pediatric Cardiac Intensive Care Society) tiene como objetivo fortalecer una comunidad global diversa de profesionales dedicados al cuidado cr\u00edtico card\u00edaco pedi\u00e1trico, comprometidos con mejorar la vida de los pacientes y sus familias. Nuestros valores fundamentales son:<\/p>\n<ul>\n<li>Reverencia: sentimos un profundo respeto y cari\u00f1o por los pacientes y las familias a quienes tenemos el privilegio de brindar atenci\u00f3n.<\/li>\n<li>Conocimiento: avanzamos en el arte y la ciencia de la curaci\u00f3n a trav\u00e9s de la educaci\u00f3n y la investigaci\u00f3n.<\/li>\n<li>Equidad: cultivamos una comunidad profesional diversa e inclusiva para eliminar barreras y lograr resultados equitativos para todos.<\/li>\n<li>Conexi\u00f3n: creamos oportunidades para construir relaciones que fomenten el desarrollo profesional, la comunidad y la atenci\u00f3n colaborativa al paciente.<\/li>\n<\/ul>\n<p>Como sociedad m\u00e9dica profesional, la PCICS promueve oportunidades educativas y mejora la calidad, los resultados y la cultura dentro de la subespecialidad, proporcionando un foro social para m\u00e9dicos individuales. Con el crecimiento de la subespecialidad, la Sociedad ha ampliado su alcance y su impacto. Las reuniones internacionales se han convertido en espacios para el intercambio de ideas cient\u00edficas, la promoci\u00f3n de la colaboraci\u00f3n y la expansi\u00f3n de la prestaci\u00f3n de atenci\u00f3n interprofesional. Hoy en d\u00eda, los m\u00e1s de 1.000 miembros de PCICS representan al equipo interdisciplinario de cuidados cr\u00edticos card\u00edacos pedi\u00e1tricos en casi 30 pa\u00edses. <\/p>\n<p>Esta colaboraci\u00f3n con el 28\u00ba Congreso Brasile\u00f1o de Cardiolog\u00eda Pedi\u00e1trica y Cirug\u00eda Cardiovascular es una emocionante oportunidad para la PCICS, y estamos felices de seguir alimentando nuestra misi\u00f3n de expansi\u00f3n internacional para que nuestros miembros representen verdaderamente una comunidad global de profesionales de cuidados cr\u00edticos card\u00edacos pedi\u00e1tricos. La PCICS reconoce que las necesidades de educaci\u00f3n y pr\u00e1ctica cl\u00ednica en todo el mundo son diversas; por lo tanto, son necesarios cap\u00edtulos internacionales para abordar espec\u00edficamente las necesidades en diferentes \u00e1reas geogr\u00e1ficas y proporcionar recursos m\u00e1s accesibles para nuestros miembros. Como parte de esta colaboraci\u00f3n, desarrollaremos el primer cap\u00edtulo internacional de PCICS en Latinoam\u00e9rica.<\/p>\t\t\t\t\t\t\t\t<\/div>\n\t\t\t\t<\/div>\n\t\t\t\t<div class=\"elementor-element elementor-element-8d3d3d9 elementor-widget elementor-widget-button\" data-id=\"8d3d3d9\" data-element_type=\"widget\" data-widget_type=\"button.default\">\n\t\t\t\t<div class=\"elementor-widget-container\">\n\t\t\t\t\t\t\t\t\t<div class=\"elementor-button-wrapper\">\n\t\t\t\t\t<a class=\"elementor-button elementor-button-link elementor-size-sm elementor-animation-float\" href=\"https:\/\/members.pcics.org\/ap\/Membership\/Application\/ep01QWP2\" target=\"_blank\">\n\t\t\t\t\t\t<span class=\"elementor-button-content-wrapper\">\n\t\t\t\t\t\t\t\t\t<span class=\"elementor-button-text\">Suscribirse<\/span>\n\t\t\t\t\t<\/span>\n\t\t\t\t\t<\/a>\n\t\t\t\t<\/div>\n\t\t\t\t\t\t\t\t<\/div>\n\t\t\t\t<\/div>\n\t\t\t\t<section class=\"elementor-section elementor-inner-section elementor-element elementor-element-32cfabd elementor-section-boxed elementor-section-height-default elementor-section-height-default\" data-id=\"32cfabd\" data-element_type=\"section\">\n\t\t\t\t\t\t<div class=\"elementor-container elementor-column-gap-default\">\n\t\t\t\t\t<div class=\"elementor-column elementor-col-25 elementor-inner-column elementor-element elementor-element-d9c5da1\" data-id=\"d9c5da1\" data-element_type=\"column\">\n\t\t\t<div class=\"elementor-widget-wrap\">\n\t\t\t\t\t\t\t<\/div>\n\t\t<\/div>\n\t\t\t\t<div class=\"elementor-column elementor-col-25 elementor-inner-column elementor-element elementor-element-924b99b\" data-id=\"924b99b\" data-element_type=\"column\">\n\t\t\t<div class=\"elementor-widget-wrap elementor-element-populated\">\n\t\t\t\t\t\t<div class=\"elementor-element elementor-element-72b8702 elementor-widget elementor-widget-image\" data-id=\"72b8702\" data-element_type=\"widget\" data-widget_type=\"image.default\">\n\t\t\t\t<div class=\"elementor-widget-container\">\n\t\t\t\t\t\t\t\t\t\t\t\t\t\t\t<img fetchpriority=\"high\" decoding=\"async\" width=\"1066\" height=\"1114\" src=\"https:\/\/cbcccp.com.br\/wp-content\/uploads\/2023\/12\/WhatsApp-Image-2023-12-20-at-9.24.53-AM-1-e1703089974503.jpeg\" class=\"attachment-full size-full wp-image-807\" alt=\"\" srcset=\"https:\/\/cbcccp.com.br\/wp-content\/uploads\/2023\/12\/WhatsApp-Image-2023-12-20-at-9.24.53-AM-1-e1703089974503.jpeg 1066w, https:\/\/cbcccp.com.br\/wp-content\/uploads\/2023\/12\/WhatsApp-Image-2023-12-20-at-9.24.53-AM-1-e1703089974503-287x300.jpeg 287w, https:\/\/cbcccp.com.br\/wp-content\/uploads\/2023\/12\/WhatsApp-Image-2023-12-20-at-9.24.53-AM-1-e1703089974503-980x1024.jpeg 980w, https:\/\/cbcccp.com.br\/wp-content\/uploads\/2023\/12\/WhatsApp-Image-2023-12-20-at-9.24.53-AM-1-e1703089974503-768x803.jpeg 768w\" sizes=\"(max-width: 1066px) 100vw, 1066px\" \/>\t\t\t\t\t\t\t\t\t\t\t\t\t\t\t<\/div>\n\t\t\t\t<\/div>\n\t\t\t\t<div class=\"elementor-element elementor-element-aecaddb elementor-widget elementor-widget-heading\" data-id=\"aecaddb\" data-element_type=\"widget\" data-widget_type=\"heading.default\">\n\t\t\t\t<div class=\"elementor-widget-container\">\n\t\t\t\t\t<h5 class=\"elementor-heading-title elementor-size-default\">David Cooper<\/h5>\t\t\t\t<\/div>\n\t\t\t\t<\/div>\n\t\t\t\t<div class=\"elementor-element elementor-element-22be152 elementor-widget elementor-widget-text-editor\" data-id=\"22be152\" data-element_type=\"widget\" data-widget_type=\"text-editor.default\">\n\t\t\t\t<div class=\"elementor-widget-container\">\n\t\t\t\t\t\t\t\t\t<p>PCICS Executive Leadership<\/p>\n\t\t\t\t\t\t\t\t<\/div>\n\t\t\t\t<\/div>\n\t\t\t\t\t<\/div>\n\t\t<\/div>\n\t\t\t\t<div class=\"elementor-column elementor-col-25 elementor-inner-column elementor-element elementor-element-04599b7\" data-id=\"04599b7\" data-element_type=\"column\">\n\t\t\t<div class=\"elementor-widget-wrap elementor-element-populated\">\n\t\t\t\t\t\t<div class=\"elementor-element elementor-element-e1092e1 elementor-widget elementor-widget-image\" data-id=\"e1092e1\" data-element_type=\"widget\" data-widget_type=\"image.default\">\n\t\t\t\t<div class=\"elementor-widget-container\">\n\t\t\t\t\t\t\t\t\t\t\t\t\t\t\t<img decoding=\"async\" width=\"1064\" height=\"1218\" src=\"https:\/\/cbcccp.com.br\/wp-content\/uploads\/2023\/12\/WhatsApp-Image-2023-12-20-at-9.24.53-AM-e1703090003276.jpeg\" class=\"attachment-full size-full wp-image-805\" alt=\"\" srcset=\"https:\/\/cbcccp.com.br\/wp-content\/uploads\/2023\/12\/WhatsApp-Image-2023-12-20-at-9.24.53-AM-e1703090003276.jpeg 1064w, https:\/\/cbcccp.com.br\/wp-content\/uploads\/2023\/12\/WhatsApp-Image-2023-12-20-at-9.24.53-AM-e1703090003276-262x300.jpeg 262w, https:\/\/cbcccp.com.br\/wp-content\/uploads\/2023\/12\/WhatsApp-Image-2023-12-20-at-9.24.53-AM-e1703090003276-895x1024.jpeg 895w, https:\/\/cbcccp.com.br\/wp-content\/uploads\/2023\/12\/WhatsApp-Image-2023-12-20-at-9.24.53-AM-e1703090003276-768x879.jpeg 768w\" sizes=\"(max-width: 1064px) 100vw, 1064px\" \/>\t\t\t\t\t\t\t\t\t\t\t\t\t\t\t<\/div>\n\t\t\t\t<\/div>\n\t\t\t\t<div class=\"elementor-element elementor-element-d3657d4 elementor-widget elementor-widget-heading\" data-id=\"d3657d4\" data-element_type=\"widget\" data-widget_type=\"heading.default\">\n\t\t\t\t<div class=\"elementor-widget-container\">\n\t\t\t\t\t<h5 class=\"elementor-heading-title elementor-size-default\">Lindsey Justice<\/h5>\t\t\t\t<\/div>\n\t\t\t\t<\/div>\n\t\t\t\t<div class=\"elementor-element elementor-element-893feef elementor-widget elementor-widget-text-editor\" data-id=\"893feef\" data-element_type=\"widget\" data-widget_type=\"text-editor.default\">\n\t\t\t\t<div class=\"elementor-widget-container\">\n\t\t\t\t\t\t\t\t\t<p>PCICS Executive Leadership<\/p>\n\t\t\t\t\t\t\t\t<\/div>\n\t\t\t\t<\/div>\n\t\t\t\t\t<\/div>\n\t\t<\/div>\n\t\t\t\t<div class=\"elementor-column elementor-col-25 elementor-inner-column elementor-element elementor-element-1cd8c52\" data-id=\"1cd8c52\" data-element_type=\"column\">\n\t\t\t<div class=\"elementor-widget-wrap\">\n\t\t\t\t\t\t\t<\/div>\n\t\t<\/div>\n\t\t\t\t\t<\/div>\n\t\t<\/section>\n\t\t\t\t\t<\/div>\n\t\t<\/div>\n\t\t\t\t\t<\/div>\n\t\t<\/section>\n\t\t\t\t<\/div>\n\t\t","protected":false},"excerpt":{"rendered":"<p>La Sociedad de Cuidados Intensivos Card\u00edacos Pedi\u00e1tricos (PCICS &#8211; Pediatric Cardiac Intensive Care Society) tiene como objetivo fortalecer una comunidad global diversa de profesionales dedicados al cuidado cr\u00edtico card\u00edaco pedi\u00e1trico, comprometidos con mejorar la vida de los pacientes y sus familias. Nuestros valores fundamentales son: Reverencia: sentimos un profundo respeto y cari\u00f1o por los pacientes [&hellip;]<\/p>\n","protected":false},"author":4,"featured_media":0,"parent":0,"menu_order":0,"comment_status":"closed","ping_status":"closed","template":"","meta":{"inline_featured_image":false,"footnotes":""},"class_list":["post-866","page","type-page","status-publish","hentry"],"yoast_head":"<!-- This site is optimized with the Yoast SEO plugin v26.2 - https:\/\/yoast.com\/wordpress\/plugins\/seo\/ -->\n<title>PCICS - CBCCCP<\/title>\n<meta name=\"robots\" content=\"index, follow, max-snippet:-1, max-image-preview:large, max-video-preview:-1\" \/>\n<link rel=\"canonical\" href=\"https:\/\/cbcccp.com.br\/es\/pcics\/\" \/>\n<meta property=\"og:locale\" content=\"es_ES\" \/>\n<meta property=\"og:type\" content=\"article\" \/>\n<meta property=\"og:title\" content=\"PCICS - CBCCCP\" \/>\n<meta property=\"og:description\" content=\"La Sociedad de Cuidados Intensivos Card\u00edacos Pedi\u00e1tricos (PCICS &#8211; Pediatric Cardiac Intensive Care Society) tiene como objetivo fortalecer una comunidad global diversa de profesionales dedicados al cuidado cr\u00edtico card\u00edaco pedi\u00e1trico, comprometidos con mejorar la vida de los pacientes y sus familias. Nuestros valores fundamentales son: Reverencia: sentimos un profundo respeto y cari\u00f1o por los pacientes [&hellip;]\" \/>\n<meta property=\"og:url\" content=\"https:\/\/cbcccp.com.br\/es\/pcics\/\" \/>\n<meta property=\"og:site_name\" content=\"CBCCCP\" \/>\n<meta property=\"article:modified_time\" content=\"2024-06-12T17:48:58+00:00\" \/>\n<meta property=\"og:image\" content=\"http:\/\/cbcccp.com.br\/wp-content\/uploads\/2023\/12\/WhatsApp-Image-2023-12-20-at-9.24.53-AM-1-e1703089974503.jpeg\" \/>\n<meta name=\"twitter:card\" content=\"summary_large_image\" \/>\n<meta name=\"twitter:label1\" content=\"Tiempo de lectura\" \/>\n\t<meta name=\"twitter:data1\" content=\"2 minutos\" \/>\n<script type=\"application\/ld+json\" class=\"yoast-schema-graph\">{\"@context\":\"https:\/\/schema.org\",\"@graph\":[{\"@type\":\"WebPage\",\"@id\":\"https:\/\/cbcccp.com.br\/es\/pcics\/\",\"url\":\"https:\/\/cbcccp.com.br\/es\/pcics\/\",\"name\":\"PCICS - CBCCCP\",\"isPartOf\":{\"@id\":\"https:\/\/cbcccp.com.br\/#website\"},\"primaryImageOfPage\":{\"@id\":\"https:\/\/cbcccp.com.br\/es\/pcics\/#primaryimage\"},\"image\":{\"@id\":\"https:\/\/cbcccp.com.br\/es\/pcics\/#primaryimage\"},\"thumbnailUrl\":\"http:\/\/cbcccp.com.br\/wp-content\/uploads\/2023\/12\/WhatsApp-Image-2023-12-20-at-9.24.53-AM-1-e1703089974503.jpeg\",\"datePublished\":\"2023-12-20T13:17:01+00:00\",\"dateModified\":\"2024-06-12T17:48:58+00:00\",\"breadcrumb\":{\"@id\":\"https:\/\/cbcccp.com.br\/es\/pcics\/#breadcrumb\"},\"inLanguage\":\"es\",\"potentialAction\":[{\"@type\":\"ReadAction\",\"target\":[\"https:\/\/cbcccp.com.br\/es\/pcics\/\"]}]},{\"@type\":\"ImageObject\",\"inLanguage\":\"es\",\"@id\":\"https:\/\/cbcccp.com.br\/es\/pcics\/#primaryimage\",\"url\":\"http:\/\/cbcccp.com.br\/wp-content\/uploads\/2023\/12\/WhatsApp-Image-2023-12-20-at-9.24.53-AM-1-e1703089974503.jpeg\",\"contentUrl\":\"http:\/\/cbcccp.com.br\/wp-content\/uploads\/2023\/12\/WhatsApp-Image-2023-12-20-at-9.24.53-AM-1-e1703089974503.jpeg\"},{\"@type\":\"BreadcrumbList\",\"@id\":\"https:\/\/cbcccp.com.br\/es\/pcics\/#breadcrumb\",\"itemListElement\":[{\"@type\":\"ListItem\",\"position\":1,\"name\":\"In\u00edcio\",\"item\":\"https:\/\/cbcccp.com.br\/es\/\"},{\"@type\":\"ListItem\",\"position\":2,\"name\":\"PCICS\"}]},{\"@type\":\"WebSite\",\"@id\":\"https:\/\/cbcccp.com.br\/#website\",\"url\":\"https:\/\/cbcccp.com.br\/\",\"name\":\"28\u00ba Congresso Brasileiro de Cardiologia Pedi\u00e1trica, Cardiopatias Cong\u00eanitas, Interven\u00e7\u00e3o e Cirurgia Card\u00edaca Pedi\u00e1trica\",\"description\":\"XXVIII Congresso Brasileiro de Cardiopatias Cong\u00eanitas Cardiologia Pedi\u00e1trica Interven\u00e7\u00e3o e Cirurgia Card\u00edaca Pedi\u00e1trica\",\"publisher\":{\"@id\":\"https:\/\/cbcccp.com.br\/#organization\"},\"alternateName\":\"28\u00ba Congresso Brasileiro de Cardiologia Pedi\u00e1trica, Cardiopatias Cong\u00eanitas, Interven\u00e7\u00e3o e Cirurgia Card\u00edaca Pedi\u00e1trica\",\"potentialAction\":[{\"@type\":\"SearchAction\",\"target\":{\"@type\":\"EntryPoint\",\"urlTemplate\":\"https:\/\/cbcccp.com.br\/?s={search_term_string}\"},\"query-input\":{\"@type\":\"PropertyValueSpecification\",\"valueRequired\":true,\"valueName\":\"search_term_string\"}}],\"inLanguage\":\"es\"},{\"@type\":\"Organization\",\"@id\":\"https:\/\/cbcccp.com.br\/#organization\",\"name\":\"28\u00ba Congresso Brasileiro de Cardiologia Pedi\u00e1trica, Cardiopatias Cong\u00eanitas, Interven\u00e7\u00e3o e Cirurgia Card\u00edaca Pedi\u00e1trica\",\"url\":\"https:\/\/cbcccp.com.br\/\",\"logo\":{\"@type\":\"ImageObject\",\"inLanguage\":\"es\",\"@id\":\"https:\/\/cbcccp.com.br\/#\/schema\/logo\/image\/\",\"url\":\"https:\/\/cbcccp.com.br\/wp-content\/uploads\/2023\/10\/OFICIAL-CBCCCP_LogoFinal.svg\",\"contentUrl\":\"https:\/\/cbcccp.com.br\/wp-content\/uploads\/2023\/10\/OFICIAL-CBCCCP_LogoFinal.svg\",\"width\":1200,\"height\":426,\"caption\":\"28\u00ba Congresso Brasileiro de Cardiologia Pedi\u00e1trica, Cardiopatias Cong\u00eanitas, Interven\u00e7\u00e3o e Cirurgia Card\u00edaca Pedi\u00e1trica\"},\"image\":{\"@id\":\"https:\/\/cbcccp.com.br\/#\/schema\/logo\/image\/\"}}]}<\/script>\n<!-- \/ Yoast SEO plugin. -->","yoast_head_json":{"title":"PCICS - CBCCCP","robots":{"index":"index","follow":"follow","max-snippet":"max-snippet:-1","max-image-preview":"max-image-preview:large","max-video-preview":"max-video-preview:-1"},"canonical":"https:\/\/cbcccp.com.br\/es\/pcics\/","og_locale":"es_ES","og_type":"article","og_title":"PCICS - CBCCCP","og_description":"La Sociedad de Cuidados Intensivos Card\u00edacos Pedi\u00e1tricos (PCICS &#8211; Pediatric Cardiac Intensive Care Society) tiene como objetivo fortalecer una comunidad global diversa de profesionales dedicados al cuidado cr\u00edtico card\u00edaco pedi\u00e1trico, comprometidos con mejorar la vida de los pacientes y sus familias. Nuestros valores fundamentales son: Reverencia: sentimos un profundo respeto y cari\u00f1o por los pacientes [&hellip;]","og_url":"https:\/\/cbcccp.com.br\/es\/pcics\/","og_site_name":"CBCCCP","article_modified_time":"2024-06-12T17:48:58+00:00","og_image":[{"url":"http:\/\/cbcccp.com.br\/wp-content\/uploads\/2023\/12\/WhatsApp-Image-2023-12-20-at-9.24.53-AM-1-e1703089974503.jpeg","type":"","width":"","height":""}],"twitter_card":"summary_large_image","twitter_misc":{"Tiempo de lectura":"2 minutos"},"schema":{"@context":"https:\/\/schema.org","@graph":[{"@type":"WebPage","@id":"https:\/\/cbcccp.com.br\/es\/pcics\/","url":"https:\/\/cbcccp.com.br\/es\/pcics\/","name":"PCICS - CBCCCP","isPartOf":{"@id":"https:\/\/cbcccp.com.br\/#website"},"primaryImageOfPage":{"@id":"https:\/\/cbcccp.com.br\/es\/pcics\/#primaryimage"},"image":{"@id":"https:\/\/cbcccp.com.br\/es\/pcics\/#primaryimage"},"thumbnailUrl":"http:\/\/cbcccp.com.br\/wp-content\/uploads\/2023\/12\/WhatsApp-Image-2023-12-20-at-9.24.53-AM-1-e1703089974503.jpeg","datePublished":"2023-12-20T13:17:01+00:00","dateModified":"2024-06-12T17:48:58+00:00","breadcrumb":{"@id":"https:\/\/cbcccp.com.br\/es\/pcics\/#breadcrumb"},"inLanguage":"es","potentialAction":[{"@type":"ReadAction","target":["https:\/\/cbcccp.com.br\/es\/pcics\/"]}]},{"@type":"ImageObject","inLanguage":"es","@id":"https:\/\/cbcccp.com.br\/es\/pcics\/#primaryimage","url":"http:\/\/cbcccp.com.br\/wp-content\/uploads\/2023\/12\/WhatsApp-Image-2023-12-20-at-9.24.53-AM-1-e1703089974503.jpeg","contentUrl":"http:\/\/cbcccp.com.br\/wp-content\/uploads\/2023\/12\/WhatsApp-Image-2023-12-20-at-9.24.53-AM-1-e1703089974503.jpeg"},{"@type":"BreadcrumbList","@id":"https:\/\/cbcccp.com.br\/es\/pcics\/#breadcrumb","itemListElement":[{"@type":"ListItem","position":1,"name":"In\u00edcio","item":"https:\/\/cbcccp.com.br\/es\/"},{"@type":"ListItem","position":2,"name":"PCICS"}]},{"@type":"WebSite","@id":"https:\/\/cbcccp.com.br\/#website","url":"https:\/\/cbcccp.com.br\/","name":"28\u00ba Congresso Brasileiro de Cardiologia Pedi\u00e1trica, Cardiopatias Cong\u00eanitas, Interven\u00e7\u00e3o e Cirurgia Card\u00edaca Pedi\u00e1trica","description":"XXVIII Congresso Brasileiro de Cardiopatias Cong\u00eanitas Cardiologia Pedi\u00e1trica Interven\u00e7\u00e3o e Cirurgia Card\u00edaca Pedi\u00e1trica","publisher":{"@id":"https:\/\/cbcccp.com.br\/#organization"},"alternateName":"28\u00ba Congresso Brasileiro de Cardiologia Pedi\u00e1trica, Cardiopatias Cong\u00eanitas, Interven\u00e7\u00e3o e Cirurgia Card\u00edaca Pedi\u00e1trica","potentialAction":[{"@type":"SearchAction","target":{"@type":"EntryPoint","urlTemplate":"https:\/\/cbcccp.com.br\/?s={search_term_string}"},"query-input":{"@type":"PropertyValueSpecification","valueRequired":true,"valueName":"search_term_string"}}],"inLanguage":"es"},{"@type":"Organization","@id":"https:\/\/cbcccp.com.br\/#organization","name":"28\u00ba Congresso Brasileiro de Cardiologia Pedi\u00e1trica, Cardiopatias Cong\u00eanitas, Interven\u00e7\u00e3o e Cirurgia Card\u00edaca Pedi\u00e1trica","url":"https:\/\/cbcccp.com.br\/","logo":{"@type":"ImageObject","inLanguage":"es","@id":"https:\/\/cbcccp.com.br\/#\/schema\/logo\/image\/","url":"https:\/\/cbcccp.com.br\/wp-content\/uploads\/2023\/10\/OFICIAL-CBCCCP_LogoFinal.svg","contentUrl":"https:\/\/cbcccp.com.br\/wp-content\/uploads\/2023\/10\/OFICIAL-CBCCCP_LogoFinal.svg","width":1200,"height":426,"caption":"28\u00ba Congresso Brasileiro de Cardiologia Pedi\u00e1trica, Cardiopatias Cong\u00eanitas, Interven\u00e7\u00e3o e Cirurgia Card\u00edaca Pedi\u00e1trica"},"image":{"@id":"https:\/\/cbcccp.com.br\/#\/schema\/logo\/image\/"}}]}},"_links":{"self":[{"href":"https:\/\/cbcccp.com.br\/es\/wp-json\/wp\/v2\/pages\/866","targetHints":{"allow":["GET"]}}],"collection":[{"href":"https:\/\/cbcccp.com.br\/es\/wp-json\/wp\/v2\/pages"}],"about":[{"href":"https:\/\/cbcccp.com.br\/es\/wp-json\/wp\/v2\/types\/page"}],"author":[{"embeddable":true,"href":"https:\/\/cbcccp.com.br\/es\/wp-json\/wp\/v2\/users\/4"}],"replies":[{"embeddable":true,"href":"https:\/\/cbcccp.com.br\/es\/wp-json\/wp\/v2\/comments?post=866"}],"version-history":[{"count":14,"href":"https:\/\/cbcccp.com.br\/es\/wp-json\/wp\/v2\/pages\/866\/revisions"}],"predecessor-version":[{"id":2800,"href":"https:\/\/cbcccp.com.br\/es\/wp-json\/wp\/v2\/pages\/866\/revisions\/2800"}],"wp:attachment":[{"href":"https:\/\/cbcccp.com.br\/es\/wp-json\/wp\/v2\/media?parent=866"}],"curies":[{"name":"wp","href":"https:\/\/api.w.org\/{rel}","templated":true}]}}