{"id":868,"date":"2023-10-09T11:10:53","date_gmt":"2023-10-09T14:10:53","guid":{"rendered":"http:\/\/cbcccp.com.br\/junta-directiva-y-comites\/"},"modified":"2024-01-19T15:10:00","modified_gmt":"2024-01-19T18:10:00","slug":"junta-directiva-y-comites","status":"publish","type":"page","link":"https:\/\/cbcccp.com.br\/es\/junta-directiva-y-comites\/","title":{"rendered":"Junta Directiva y Comit\u00e9s"},"content":{"rendered":"\t\t<div data-elementor-type=\"wp-page\" data-elementor-id=\"868\" class=\"elementor elementor-868\" data-elementor-settings=\"{&quot;ha_cmc_init_switcher&quot;:&quot;no&quot;}\" data-elementor-post-type=\"page\">\n\t\t\t\t\t\t<section class=\"elementor-section elementor-top-section elementor-element elementor-element-c6358f5 elementor-section-boxed elementor-section-height-default elementor-section-height-default\" data-id=\"c6358f5\" data-element_type=\"section\">\n\t\t\t\t\t\t<div class=\"elementor-container elementor-column-gap-no\">\n\t\t\t\t\t<div class=\"elementor-column elementor-col-100 elementor-top-column elementor-element elementor-element-aa23ce4\" data-id=\"aa23ce4\" data-element_type=\"column\">\n\t\t\t<div class=\"elementor-widget-wrap elementor-element-populated\">\n\t\t\t\t\t\t<section class=\"elementor-section elementor-inner-section elementor-element elementor-element-eddc4a6 elementor-section-boxed elementor-section-height-default elementor-section-height-default\" data-id=\"eddc4a6\" data-element_type=\"section\">\n\t\t\t\t\t\t<div class=\"elementor-container elementor-column-gap-no\">\n\t\t\t\t\t<div class=\"elementor-column elementor-col-33 elementor-inner-column elementor-element elementor-element-c4de2fc\" data-id=\"c4de2fc\" data-element_type=\"column\">\n\t\t\t<div class=\"elementor-widget-wrap elementor-element-populated\">\n\t\t\t\t\t\t<div class=\"elementor-element elementor-element-420831e elementor-widget elementor-widget-text-editor\" data-id=\"420831e\" data-element_type=\"widget\" data-widget_type=\"text-editor.default\">\n\t\t\t\t<div class=\"elementor-widget-container\">\n\t\t\t\t\t\t\t\t\t<p><span style=\"color: #b21d67;\"><strong>Presidenta<\/strong><\/span><br \/>Estela Suzana Kleiman Horowitz (RS)<\/p>\n\t\t\t\t\t\t\t\t<\/div>\n\t\t\t\t<\/div>\n\t\t\t\t<div class=\"elementor-element elementor-element-4a06aae elementor-widget elementor-widget-text-editor\" data-id=\"4a06aae\" data-element_type=\"widget\" data-widget_type=\"text-editor.default\">\n\t\t\t\t<div class=\"elementor-widget-container\">\n\t\t\t\t\t\t\t\t\t<p><span style=\"color: #b21d67;\"><strong>Comit\u00e9 Ejecutivo Nacional<\/strong><\/span><br \/>Ana Paula Damiano (SP)<br \/>Cristiane Martins (MG)<br \/>Juliana Neves (PE)<br \/>Leonardo Miana (SP)<br \/>Pedro Salerno (PE)<br \/>Renata Mattos (RJ)<\/p>\n\t\t\t\t\t\t\t\t<\/div>\n\t\t\t\t<\/div>\n\t\t\t\t\t<\/div>\n\t\t<\/div>\n\t\t\t\t<div class=\"elementor-column elementor-col-33 elementor-inner-column elementor-element elementor-element-dc008fb\" data-id=\"dc008fb\" data-element_type=\"column\">\n\t\t\t<div class=\"elementor-widget-wrap elementor-element-populated\">\n\t\t\t\t\t\t<div class=\"elementor-element elementor-element-5afe6c7 elementor-widget elementor-widget-text-editor\" data-id=\"5afe6c7\" data-element_type=\"widget\" data-widget_type=\"text-editor.default\">\n\t\t\t\t<div class=\"elementor-widget-container\">\n\t\t\t\t\t\t\t\t\t<p><span style=\"color: #b21d67;\"><strong>Comit\u00e9 Cient\u00edfico \u2013 Coordinaci\u00f3n<\/strong><\/span><br \/>Maria Ang\u00e9lica Binotto (SP)<br \/>Raul Ivo Rossi Filho (RS)<br \/>Fabio Navarro (PR)<\/p>\n\t\t\t\t\t\t\t\t<\/div>\n\t\t\t\t<\/div>\n\t\t\t\t\t<\/div>\n\t\t<\/div>\n\t\t\t\t<div class=\"elementor-column elementor-col-33 elementor-inner-column elementor-element elementor-element-f940f88\" data-id=\"f940f88\" data-element_type=\"column\">\n\t\t\t<div class=\"elementor-widget-wrap elementor-element-populated\">\n\t\t\t\t\t\t<div class=\"elementor-element elementor-element-68d1a2e elementor-widget elementor-widget-text-editor\" data-id=\"68d1a2e\" data-element_type=\"widget\" data-widget_type=\"text-editor.default\">\n\t\t\t\t<div class=\"elementor-widget-container\">\n\t\t\t\t\t\t\t\t\t<p><span style=\"color: #b21d67;\"><strong>Comit\u00e9 de Temas Libres<\/strong><\/span><br \/>Isabel Cristina Brito Guimar\u00e3es (BA)<br \/>Rodrigo Nieckel (SP)<br \/>Valdester Cavalcanti (CE)<\/p>\n\t\t\t\t\t\t\t\t<\/div>\n\t\t\t\t<\/div>\n\t\t\t\t\t<\/div>\n\t\t<\/div>\n\t\t\t\t\t<\/div>\n\t\t<\/section>\n\t\t\t\t<section class=\"elementor-section elementor-inner-section elementor-element elementor-element-a66d50c elementor-section-boxed elementor-section-height-default elementor-section-height-default\" data-id=\"a66d50c\" data-element_type=\"section\">\n\t\t\t\t\t\t<div class=\"elementor-container elementor-column-gap-no\">\n\t\t\t\t\t<div class=\"elementor-column elementor-col-33 elementor-inner-column elementor-element elementor-element-8ae19eb\" data-id=\"8ae19eb\" data-element_type=\"column\">\n\t\t\t<div class=\"elementor-widget-wrap elementor-element-populated\">\n\t\t\t\t\t\t<div class=\"elementor-element elementor-element-7c5a7d2 elementor-widget__width-initial elementor-widget elementor-widget-text-editor\" data-id=\"7c5a7d2\" data-element_type=\"widget\" data-widget_type=\"text-editor.default\">\n\t\t\t\t<div class=\"elementor-widget-container\">\n\t\t\t\t\t\t\t\t\t<p><span style=\"color: #b21d67;\"><strong>Arritmia y Electrofisiolog\u00eda<\/strong><\/span><br \/>Luisa Kalil (RS)<br \/>Rog\u00e9rio Andalaft (SP)<br \/>Tiago Leiria (RS)<br \/>Stephanie Lemouche (SP)<\/p>\n<p><span style=\"color: #b21d67;\"><strong>Asistencia Circulatoria<\/strong><\/span><br \/>Luis Fernando Caneo (SP)<br \/>Larissa Monteiro Gondim (SP)<br \/>Fernando Antonialli (SP)<\/p>\n<p><span style=\"color: #b21d67;\"><strong>Cardiolog\u00eda Cl\u00ednica<\/strong><\/span><br \/>Cristiane Martins (MG)<br \/>Patricia Barrios (RS)<br \/>Mirna Souza (GO)<br \/>Marcio M. Brito (TO)<\/p>\n<p><span style=\"color: #b21d67;\"><strong>Cardiopat\u00eda Cong\u00e9nita en Adultos<\/strong><\/span><br \/>Catarina Cavalcanti (PE)<br \/>Gabriela Castilhos (RS)<br \/>Ieda Jatene (SP)<br \/>Nestor Daudt (RS)<\/p>\n<p><span style=\"color: #b21d67;\"><strong>Cardiolog\u00eda Fetal<\/strong><\/span><br \/>Paulo Zielinsky (RS)<br \/>Sandra Mattos (PE)<br \/>Marcia Barberatto (PR)<br \/>Simone Pedra (SP)<\/p>\n<p><span style=\"color: #b21d67;\"><strong>Cardiolog\u00eda Preventiva<\/strong><\/span><br \/>Isabella Back (SC)<br \/>Andrea Petracco (RS)<\/p>\n<p><b><span style=\"color: #b21d67;\">Cirug\u00eda Card\u00edaca<\/span> <br \/><\/b><span style=\"letter-spacing: -0.3px;\">Marcelo Jatene (SP)<\/span><br \/>Beatriz Furlanetto (SP)<br \/>Renato Kalil (RS)<br \/>Paulo Roberto Prates (RS)<br \/>Jose Cicero Guilhen (SP)<\/p>\n\t\t\t\t\t\t\t\t<\/div>\n\t\t\t\t<\/div>\n\t\t\t\t\t<\/div>\n\t\t<\/div>\n\t\t\t\t<div class=\"elementor-column elementor-col-33 elementor-inner-column elementor-element elementor-element-262858a\" data-id=\"262858a\" data-element_type=\"column\">\n\t\t\t<div class=\"elementor-widget-wrap elementor-element-populated\">\n\t\t\t\t\t\t<div class=\"elementor-element elementor-element-a1af0df elementor-widget elementor-widget-text-editor\" data-id=\"a1af0df\" data-element_type=\"widget\" data-widget_type=\"text-editor.default\">\n\t\t\t\t<div class=\"elementor-widget-container\">\n\t\t\t\t\t\t\t\t\t<p><span style=\"color: #b21d67;\"><strong>Hemodin\u00e1mica<\/strong><\/span><br \/>Carlos Pedra (SP)<br \/>Carlo Pilla (RS)<br \/>Jo\u00e3o Luis Manica (RS)<br \/>Santiago Raul Arrieta (SP)<\/p>\n<p><span style=\"color: #b21d67;\"><strong>Hipertensi\u00f3n Pulmonar<\/strong><\/span><br \/><span style=\"letter-spacing: -0.3px;\">Gisela Meyer (RS)<br \/><\/span>Flavia Navarro (SP)<\/p>\n<p><span style=\"color: #b21d67;\"><strong>Imagen: Ecocardiograf\u00eda<\/strong><\/span><br \/><span style=\"letter-spacing: -0.3px;\">Claudia Pinheiro de Castro Grau (SP)<\/span><br \/>Andressa Mussi Soares (ES)<br \/>Adriana Mello Rodrigues dos Santos (MG)<br \/>Livia Pauletto (RS)<\/p>\n<p><span style=\"color: #b21d67;\"><strong>Imagen: Tomograf\u00eda y Resonancia<\/strong><\/span><br \/><span style=\"letter-spacing: -0.3px;\">Valeria Moreira (SP)<\/span><br \/>Cintia Acosta Mello (SP)<br \/>Carolina Reiser (RS)<br \/>Adriana Innocenzi (RJ)<\/p>\n<p><span style=\"color: #b21d67;\"><strong>Insuficiencia Card\u00edaca &amp; Trasplante<\/strong><\/span><br \/><span style=\"letter-spacing: -0.3px;\">Estela Azeka (SP)<br \/>Klebia Castelo Branco (CE)<\/span><br \/>Silvia Casonato (RS)<br \/>Cristina Afiune (DF)<\/p>\n<p><span style=\"color: #b21d67;\"><strong>Terapia Intensiva<\/strong><\/span><br \/>Maria Fernanda S. Jardim (SP)<br \/>Jorge Affiune (DF)<br \/>Solange Coppola (SP)<br \/>Paula Gaiola (SP)<br \/>Klebia Castelo Branco (CE)<\/p>\n\t\t\t\t\t\t\t\t<\/div>\n\t\t\t\t<\/div>\n\t\t\t\t\t<\/div>\n\t\t<\/div>\n\t\t\t\t<div class=\"elementor-column elementor-col-33 elementor-inner-column elementor-element elementor-element-2b54c78\" data-id=\"2b54c78\" data-element_type=\"column\">\n\t\t\t<div class=\"elementor-widget-wrap elementor-element-populated\">\n\t\t\t\t\t\t<div class=\"elementor-element elementor-element-fe4fd9c elementor-widget elementor-widget-text-editor\" data-id=\"fe4fd9c\" data-element_type=\"widget\" data-widget_type=\"text-editor.default\">\n\t\t\t\t<div class=\"elementor-widget-container\">\n\t\t\t\t\t\t\t\t\t<p><span style=\"color: #b21d67;\"><strong>Morfolog\u00eda<\/strong><\/span><br \/>Vera Aiello (SP)<\/p>\n<p><span style=\"color: #b21d67;\"><strong>Comit\u00e9 Internacional<\/strong><\/span><br \/>Vitor Guerra, Toronto, CA<br \/>Grace Van Leeuwen, Qatar<br \/>Laura Mercer-Rosa, Pennsylvania, EUA<br \/>Luciana Fonseca, Pittsburgh, EUA<\/p>\n<p><span style=\"color: #b21d67;\"><strong>Simposio Multidisciplinario<\/strong><\/span><br \/>Bruna Cury Borim (SP)<\/p>\n<p><span style=\"color: #b21d67;\"><strong>Liga Acad\u00e9mica Cardiolog\u00eda Pedi\u00e1trica<\/strong><\/span><br \/>Acad. Jo\u00e3o Henrique A Rossi (RS)<br \/>Maria Ant\u00f4nia Saldanha<br \/>Tha\u00eds Dalferth<\/p>\n\t\t\t\t\t\t\t\t<\/div>\n\t\t\t\t<\/div>\n\t\t\t\t\t<\/div>\n\t\t<\/div>\n\t\t\t\t\t<\/div>\n\t\t<\/section>\n\t\t\t\t\t<\/div>\n\t\t<\/div>\n\t\t\t\t\t<\/div>\n\t\t<\/section>\n\t\t\t\t<\/div>\n\t\t","protected":false},"excerpt":{"rendered":"<p>PresidentaEstela Suzana Kleiman Horowitz (RS) Comit\u00e9 Ejecutivo NacionalAna Paula Damiano (SP)Cristiane Martins (MG)Juliana Neves (PE)Leonardo Miana (SP)Pedro Salerno (PE)Renata Mattos (RJ) Comit\u00e9 Cient\u00edfico \u2013 Coordinaci\u00f3nMaria Ang\u00e9lica Binotto (SP)Raul Ivo Rossi Filho (RS)Fabio Navarro (PR) Comit\u00e9 de Temas LibresIsabel Cristina Brito Guimar\u00e3es (BA)Rodrigo Nieckel (SP)Valdester Cavalcanti (CE) Arritmia y Electrofisiolog\u00edaLuisa Kalil (RS)Rog\u00e9rio Andalaft (SP)Tiago Leiria (RS)Stephanie [&hellip;]<\/p>\n","protected":false},"author":1,"featured_media":0,"parent":0,"menu_order":0,"comment_status":"closed","ping_status":"closed","template":"","meta":{"inline_featured_image":false,"footnotes":""},"class_list":["post-868","page","type-page","status-publish","hentry"],"yoast_head":"<!-- This site is optimized with the Yoast SEO plugin v26.2 - https:\/\/yoast.com\/wordpress\/plugins\/seo\/ -->\n<title>Junta Directiva y Comit\u00e9s - CBCCCP<\/title>\n<meta name=\"robots\" content=\"index, follow, max-snippet:-1, max-image-preview:large, max-video-preview:-1\" \/>\n<link rel=\"canonical\" href=\"https:\/\/cbcccp.com.br\/es\/junta-directiva-y-comites\/\" \/>\n<meta property=\"og:locale\" content=\"es_ES\" \/>\n<meta property=\"og:type\" content=\"article\" \/>\n<meta property=\"og:title\" content=\"Junta Directiva y Comit\u00e9s - CBCCCP\" \/>\n<meta property=\"og:description\" content=\"PresidentaEstela Suzana Kleiman Horowitz (RS) Comit\u00e9 Ejecutivo NacionalAna Paula Damiano (SP)Cristiane Martins (MG)Juliana Neves (PE)Leonardo Miana (SP)Pedro Salerno (PE)Renata Mattos (RJ) Comit\u00e9 Cient\u00edfico \u2013 Coordinaci\u00f3nMaria Ang\u00e9lica Binotto (SP)Raul Ivo Rossi Filho (RS)Fabio Navarro (PR) Comit\u00e9 de Temas LibresIsabel Cristina Brito Guimar\u00e3es (BA)Rodrigo Nieckel (SP)Valdester Cavalcanti (CE) Arritmia y Electrofisiolog\u00edaLuisa Kalil (RS)Rog\u00e9rio Andalaft (SP)Tiago Leiria (RS)Stephanie [&hellip;]\" \/>\n<meta property=\"og:url\" content=\"https:\/\/cbcccp.com.br\/es\/junta-directiva-y-comites\/\" \/>\n<meta property=\"og:site_name\" content=\"CBCCCP\" \/>\n<meta property=\"article:modified_time\" content=\"2024-01-19T18:10:00+00:00\" \/>\n<meta name=\"twitter:card\" content=\"summary_large_image\" \/>\n<meta name=\"twitter:label1\" content=\"Tiempo de lectura\" \/>\n\t<meta name=\"twitter:data1\" content=\"2 minutos\" \/>\n<script type=\"application\/ld+json\" class=\"yoast-schema-graph\">{\"@context\":\"https:\/\/schema.org\",\"@graph\":[{\"@type\":\"WebPage\",\"@id\":\"https:\/\/cbcccp.com.br\/es\/junta-directiva-y-comites\/\",\"url\":\"https:\/\/cbcccp.com.br\/es\/junta-directiva-y-comites\/\",\"name\":\"Junta Directiva y Comit\u00e9s - CBCCCP\",\"isPartOf\":{\"@id\":\"https:\/\/cbcccp.com.br\/#website\"},\"datePublished\":\"2023-10-09T14:10:53+00:00\",\"dateModified\":\"2024-01-19T18:10:00+00:00\",\"breadcrumb\":{\"@id\":\"https:\/\/cbcccp.com.br\/es\/junta-directiva-y-comites\/#breadcrumb\"},\"inLanguage\":\"es\",\"potentialAction\":[{\"@type\":\"ReadAction\",\"target\":[\"https:\/\/cbcccp.com.br\/es\/junta-directiva-y-comites\/\"]}]},{\"@type\":\"BreadcrumbList\",\"@id\":\"https:\/\/cbcccp.com.br\/es\/junta-directiva-y-comites\/#breadcrumb\",\"itemListElement\":[{\"@type\":\"ListItem\",\"position\":1,\"name\":\"In\u00edcio\",\"item\":\"https:\/\/cbcccp.com.br\/es\/\"},{\"@type\":\"ListItem\",\"position\":2,\"name\":\"Junta Directiva y Comit\u00e9s\"}]},{\"@type\":\"WebSite\",\"@id\":\"https:\/\/cbcccp.com.br\/#website\",\"url\":\"https:\/\/cbcccp.com.br\/\",\"name\":\"28\u00ba Congresso Brasileiro de Cardiologia Pedi\u00e1trica, Cardiopatias Cong\u00eanitas, Interven\u00e7\u00e3o e Cirurgia Card\u00edaca Pedi\u00e1trica\",\"description\":\"XXVIII Congresso Brasileiro de Cardiopatias Cong\u00eanitas Cardiologia Pedi\u00e1trica Interven\u00e7\u00e3o e Cirurgia Card\u00edaca Pedi\u00e1trica\",\"publisher\":{\"@id\":\"https:\/\/cbcccp.com.br\/#organization\"},\"alternateName\":\"28\u00ba Congresso Brasileiro de Cardiologia Pedi\u00e1trica, Cardiopatias Cong\u00eanitas, Interven\u00e7\u00e3o e Cirurgia Card\u00edaca Pedi\u00e1trica\",\"potentialAction\":[{\"@type\":\"SearchAction\",\"target\":{\"@type\":\"EntryPoint\",\"urlTemplate\":\"https:\/\/cbcccp.com.br\/?s={search_term_string}\"},\"query-input\":{\"@type\":\"PropertyValueSpecification\",\"valueRequired\":true,\"valueName\":\"search_term_string\"}}],\"inLanguage\":\"es\"},{\"@type\":\"Organization\",\"@id\":\"https:\/\/cbcccp.com.br\/#organization\",\"name\":\"28\u00ba Congresso Brasileiro de Cardiologia Pedi\u00e1trica, Cardiopatias Cong\u00eanitas, Interven\u00e7\u00e3o e Cirurgia Card\u00edaca Pedi\u00e1trica\",\"url\":\"https:\/\/cbcccp.com.br\/\",\"logo\":{\"@type\":\"ImageObject\",\"inLanguage\":\"es\",\"@id\":\"https:\/\/cbcccp.com.br\/#\/schema\/logo\/image\/\",\"url\":\"https:\/\/cbcccp.com.br\/wp-content\/uploads\/2023\/10\/OFICIAL-CBCCCP_LogoFinal.svg\",\"contentUrl\":\"https:\/\/cbcccp.com.br\/wp-content\/uploads\/2023\/10\/OFICIAL-CBCCCP_LogoFinal.svg\",\"width\":1200,\"height\":426,\"caption\":\"28\u00ba Congresso Brasileiro de Cardiologia Pedi\u00e1trica, Cardiopatias Cong\u00eanitas, Interven\u00e7\u00e3o e Cirurgia Card\u00edaca Pedi\u00e1trica\"},\"image\":{\"@id\":\"https:\/\/cbcccp.com.br\/#\/schema\/logo\/image\/\"}}]}<\/script>\n<!-- \/ Yoast SEO plugin. -->","yoast_head_json":{"title":"Junta Directiva y Comit\u00e9s - CBCCCP","robots":{"index":"index","follow":"follow","max-snippet":"max-snippet:-1","max-image-preview":"max-image-preview:large","max-video-preview":"max-video-preview:-1"},"canonical":"https:\/\/cbcccp.com.br\/es\/junta-directiva-y-comites\/","og_locale":"es_ES","og_type":"article","og_title":"Junta Directiva y Comit\u00e9s - CBCCCP","og_description":"PresidentaEstela Suzana Kleiman Horowitz (RS) Comit\u00e9 Ejecutivo NacionalAna Paula Damiano (SP)Cristiane Martins (MG)Juliana Neves (PE)Leonardo Miana (SP)Pedro Salerno (PE)Renata Mattos (RJ) Comit\u00e9 Cient\u00edfico \u2013 Coordinaci\u00f3nMaria Ang\u00e9lica Binotto (SP)Raul Ivo Rossi Filho (RS)Fabio Navarro (PR) Comit\u00e9 de Temas LibresIsabel Cristina Brito Guimar\u00e3es (BA)Rodrigo Nieckel (SP)Valdester Cavalcanti (CE) Arritmia y Electrofisiolog\u00edaLuisa Kalil (RS)Rog\u00e9rio Andalaft (SP)Tiago Leiria (RS)Stephanie [&hellip;]","og_url":"https:\/\/cbcccp.com.br\/es\/junta-directiva-y-comites\/","og_site_name":"CBCCCP","article_modified_time":"2024-01-19T18:10:00+00:00","twitter_card":"summary_large_image","twitter_misc":{"Tiempo de lectura":"2 minutos"},"schema":{"@context":"https:\/\/schema.org","@graph":[{"@type":"WebPage","@id":"https:\/\/cbcccp.com.br\/es\/junta-directiva-y-comites\/","url":"https:\/\/cbcccp.com.br\/es\/junta-directiva-y-comites\/","name":"Junta Directiva y Comit\u00e9s - CBCCCP","isPartOf":{"@id":"https:\/\/cbcccp.com.br\/#website"},"datePublished":"2023-10-09T14:10:53+00:00","dateModified":"2024-01-19T18:10:00+00:00","breadcrumb":{"@id":"https:\/\/cbcccp.com.br\/es\/junta-directiva-y-comites\/#breadcrumb"},"inLanguage":"es","potentialAction":[{"@type":"ReadAction","target":["https:\/\/cbcccp.com.br\/es\/junta-directiva-y-comites\/"]}]},{"@type":"BreadcrumbList","@id":"https:\/\/cbcccp.com.br\/es\/junta-directiva-y-comites\/#breadcrumb","itemListElement":[{"@type":"ListItem","position":1,"name":"In\u00edcio","item":"https:\/\/cbcccp.com.br\/es\/"},{"@type":"ListItem","position":2,"name":"Junta Directiva y Comit\u00e9s"}]},{"@type":"WebSite","@id":"https:\/\/cbcccp.com.br\/#website","url":"https:\/\/cbcccp.com.br\/","name":"28\u00ba Congresso Brasileiro de Cardiologia Pedi\u00e1trica, Cardiopatias Cong\u00eanitas, Interven\u00e7\u00e3o e Cirurgia Card\u00edaca Pedi\u00e1trica","description":"XXVIII Congresso Brasileiro de Cardiopatias Cong\u00eanitas Cardiologia Pedi\u00e1trica Interven\u00e7\u00e3o e Cirurgia Card\u00edaca Pedi\u00e1trica","publisher":{"@id":"https:\/\/cbcccp.com.br\/#organization"},"alternateName":"28\u00ba Congresso Brasileiro de Cardiologia Pedi\u00e1trica, Cardiopatias Cong\u00eanitas, Interven\u00e7\u00e3o e Cirurgia Card\u00edaca Pedi\u00e1trica","potentialAction":[{"@type":"SearchAction","target":{"@type":"EntryPoint","urlTemplate":"https:\/\/cbcccp.com.br\/?s={search_term_string}"},"query-input":{"@type":"PropertyValueSpecification","valueRequired":true,"valueName":"search_term_string"}}],"inLanguage":"es"},{"@type":"Organization","@id":"https:\/\/cbcccp.com.br\/#organization","name":"28\u00ba Congresso Brasileiro de Cardiologia Pedi\u00e1trica, Cardiopatias Cong\u00eanitas, Interven\u00e7\u00e3o e Cirurgia Card\u00edaca Pedi\u00e1trica","url":"https:\/\/cbcccp.com.br\/","logo":{"@type":"ImageObject","inLanguage":"es","@id":"https:\/\/cbcccp.com.br\/#\/schema\/logo\/image\/","url":"https:\/\/cbcccp.com.br\/wp-content\/uploads\/2023\/10\/OFICIAL-CBCCCP_LogoFinal.svg","contentUrl":"https:\/\/cbcccp.com.br\/wp-content\/uploads\/2023\/10\/OFICIAL-CBCCCP_LogoFinal.svg","width":1200,"height":426,"caption":"28\u00ba Congresso Brasileiro de Cardiologia Pedi\u00e1trica, Cardiopatias Cong\u00eanitas, Interven\u00e7\u00e3o e Cirurgia Card\u00edaca Pedi\u00e1trica"},"image":{"@id":"https:\/\/cbcccp.com.br\/#\/schema\/logo\/image\/"}}]}},"_links":{"self":[{"href":"https:\/\/cbcccp.com.br\/es\/wp-json\/wp\/v2\/pages\/868","targetHints":{"allow":["GET"]}}],"collection":[{"href":"https:\/\/cbcccp.com.br\/es\/wp-json\/wp\/v2\/pages"}],"about":[{"href":"https:\/\/cbcccp.com.br\/es\/wp-json\/wp\/v2\/types\/page"}],"author":[{"embeddable":true,"href":"https:\/\/cbcccp.com.br\/es\/wp-json\/wp\/v2\/users\/1"}],"replies":[{"embeddable":true,"href":"https:\/\/cbcccp.com.br\/es\/wp-json\/wp\/v2\/comments?post=868"}],"version-history":[{"count":1,"href":"https:\/\/cbcccp.com.br\/es\/wp-json\/wp\/v2\/pages\/868\/revisions"}],"predecessor-version":[{"id":869,"href":"https:\/\/cbcccp.com.br\/es\/wp-json\/wp\/v2\/pages\/868\/revisions\/869"}],"wp:attachment":[{"href":"https:\/\/cbcccp.com.br\/es\/wp-json\/wp\/v2\/media?parent=868"}],"curies":[{"name":"wp","href":"https:\/\/api.w.org\/{rel}","templated":true}]}}